{"id":513,"date":"2017-02-02T06:54:00","date_gmt":"2017-02-02T06:54:00","guid":{"rendered":"http:\/\/savasturanci.de\/?page_id=513"},"modified":"2017-02-27T23:20:44","modified_gmt":"2017-02-27T23:20:44","slug":"goji-no-am","status":"publish","type":"page","link":"https:\/\/savasturanci.de\/el\/goji-no-am\/","title":{"rendered":"(Deutsch) GOJI NO AM"},"content":{"rendered":"<div class=\"twoclick_social_bookmarks_post_513 social_share_privacy clearfix 1.6.4 locale-el sprite-\"><\/div><div class=\"twoclick-js\"><script type=\"text\/javascript\">\/* <![CDATA[ *\/\njQuery(document).ready(function($){if($('.twoclick_social_bookmarks_post_513')){$('.twoclick_social_bookmarks_post_513').socialSharePrivacy({\"services\":{\"facebook\":{\"status\":\"on\",\"txt_info\":\"2 Klicks f\\u00fcr mehr Datenschutz: Erst wenn Sie hier klicken, wird der Button aktiv und Sie k\\u00f6nnen Ihre Empfehlung an Facebook senden. Schon beim Aktivieren werden Daten an Dritte \\u00fcbertragen - siehe <em>i<\\\/em>.\",\"perma_option\":\"off\",\"action\":\"recommend\",\"language\":null},\"twitter\":{\"reply_to\":\"\",\"tweet_text\":\"%28Deutsch%29%20GOJI%20NO%20AM%20%C2%BB%20My%20CMS\",\"status\":\"on\",\"txt_info\":\"2 Klicks f\\u00fcr mehr Datenschutz: Erst wenn Sie hier klicken, wird der Button aktiv und Sie k\\u00f6nnen Ihre Empfehlung an Twitter senden. Schon beim Aktivieren werden Daten an Dritte \\u00fcbertragen - siehe <em>i<\\\/em>.\",\"perma_option\":\"off\",\"language\":\"en\",\"referrer_track\":\"\"},\"gplus\":{\"status\":\"on\",\"txt_info\":\"2 Klicks f\\u00fcr mehr Datenschutz: Erst wenn Sie hier klicken, wird der Button aktiv und Sie k\\u00f6nnen Ihre Empfehlung an Google+ senden. Schon beim Aktivieren werden Daten an Dritte \\u00fcbertragen - siehe <em>i<\\\/em>.\",\"perma_option\":\"off\",\"referrer_track\":\"\"}},\"txt_help\":\"Wenn Sie diese Felder durch einen Klick aktivieren, werden Informationen an Facebook, Twitter, Flattr, Xing, t3n, LinkedIn, Pinterest oder Google eventuell ins Ausland \\u00fcbertragen und unter Umst\\u00e4nden auch dort gespeichert. N\\u00e4heres erfahren Sie durch einen Klick auf das <em>i<\\\/em>.\",\"settings_perma\":\"Dauerhaft aktivieren und Daten\\u00fcber-tragung zustimmen:\",\"info_link\":\"http:\\\/\\\/www.heise.de\\\/ct\\\/artikel\\\/2-Klicks-fuer-mehr-Datenschutz-1333879.html\",\"uri\":\"https:\\\/\\\/savasturanci.de\\\/el\\\/goji-no-am\\\/\",\"post_id\":513,\"post_title_referrer_track\":\"%28Deutsch%29+GOJI+NO+AM\",\"display_infobox\":\"on\"});}});\n\/* ]]> *\/<\/script><\/div><div id=\"pl-513\"  class=\"panel-layout\" ><div id=\"pg-513-0\"  class=\"panel-grid panel-has-style\" ><div style=\"padding: 100px 0; \" data-overlay=\"true\" class=\"panel-row-style panel-row-style-for-513-0\" ><div id=\"pgc-513-0-0\"  class=\"panel-grid-cell\" ><div id=\"panel-513-0-0-0\" class=\"so-panel widget widget_sow-editor panel-first-child panel-last-child\" data-index=\"0\" ><div class=\"so-widget-sow-editor so-widget-sow-editor-base\"><h3 class=\"widget-title\">Goji No Am HAAR FARBE <\/h3>\n<div class=\"siteorigin-widget-tinymce textwidget\">\n\t<h5 class=\"western\"><img loading=\"lazy\" decoding=\"async\" class=\"alignright wp-image-67 size-medium\" src=\"https:\/\/savasturanci.de\/wp-content\/uploads\/2016\/09\/goji-no-amoniak-frei-farben-150x300.png\" alt=\"goji-no-amoniak-frei-farben\" width=\"150\" height=\"300\" srcset=\"https:\/\/savasturanci.de\/wp-content\/uploads\/2016\/09\/goji-no-amoniak-frei-farben-150x300.png 150w, https:\/\/savasturanci.de\/wp-content\/uploads\/2016\/09\/goji-no-amoniak-frei-farben.png 190w\" sizes=\"(max-width: 150px) 100vw, 150px\" \/><span style=\"font-family: Times New Roman,serif;\"><span style=\"font-size: medium;\"> Nein zu Ammoniak, die Farbe der Jugend<\/span><\/span><\/h5>\n<p lang=\"de-DE\" align=\"JUSTIFY\"><span style=\"font-family: Times New Roman,serif;\"><span style=\"font-size: medium;\">Hier jetzt das reichhaltigste je gesehene Haart\u00f6nung ohne Ammoniak! Hullabaloo stellt Goji No Am vor.<br \/>Es ist nicht nur eine T\u00f6nung OHNE AMMONIAK, sondern vielmehr ein F\u00e4rbemittel, das dem Haar all die au\u00dfergew\u00f6hnlichen N\u00e4hr-, Antioxydanz- und Pflegewerte der Goji-Beere bietet.<\/span><\/span><\/p>\n<p lang=\"de-DE\" align=\"JUSTIFY\"><span style=\"font-family: Times New Roman,serif;\"><span style=\"font-size: medium;\">In Tibet, Nepal, China und insgesamt in ganz Asien gelten die Goji-Beeren traditionell und seit urdenklichen Zeiten als nat\u00fcrliche Quelle von Gesundheit und Jugend: als ein effektives Konzentrat von Antioxydanzien, Vitaminen, Mineralsalzen und Aminos\u00e4uren, eine starke Waffe gegen das Altern.<br \/>Die Goji-Beeren sind unter anderem f\u00fcr ihre sch\u00fctzenden und feuchtigkeitsspendenden Eigenschaften f\u00fcr die Haut und das Haar bekannt und zudem daf\u00fcr, dass sie trockenem und mattem Haar Hydration, Glanz und Elastizit\u00e4t zur\u00fcckgeben. <\/span><\/span><\/p>\n<p>-18 Aminos\u00e4uren <br \/>-11 Mineralien <br \/>-6 Vitamine: Vitamin E, B-Vitamine (B1, B2, B6) und Vitamin C <br \/>-5 Fetts\u00e4uren, Linols\u00e4ure und Linolens\u00e4ure <br \/>-Beta-Carotin<\/p>\n<p lang=\"de-DE\" align=\"JUSTIFY\">Die Goji-Beere ist unter anderem bekannt f\u00fcr ihre sch\u00fctzende und Feuchtigkeitsspendende Eigenschaften f\u00fcr Haut und Haar, sowie die F\u00e4higkeit, Feuchtigkeit, Glanz und Elastizit\u00e4t zu erhalten bzw. wieder herzustellen. <br \/> <span style=\"font-family: Times New Roman,serif;\"><span style=\"font-size: medium;\">Mit seinen 23 perfekt mischbaren Farbt\u00f6nen bietet Goji No Am breiten Spielraum f\u00fcr individuelle Kreativit\u00e4t.<\/span><\/span><\/p>\n<p>Die Zusammensetzung der Inhaltsstoffe sorgt f\u00fcr die beste Pflege von Haut und Haar. <br \/>Die Mischung der Pigmente bietet eine ausgezeichnete und lang anhaltende Abdeckung auch auf grauem Haar. Aufgrund der durchdachten Mischungsverh\u00e4ltnisse erzielen Sie ein gr\u00f6\u00dftm\u00f6gliches Ergebnis zu minimalen Kosten (150 ml).<\/p>\n<p>Keine Grenzen und keine Angst. Haare F\u00e4rben war noch nie einfacher und sicherer. Ihre Kunden werden die Brillanz der Goji No Am Farbe lieben, so wie Sie die Einfachheit und Bequemlichkeit lieben werden.<\/p>\n<\/div>\n<\/div><\/div><\/div><\/div><\/div><div id=\"pg-513-1\"  class=\"panel-grid panel-has-style\" ><div style=\"padding: 100px 0; \" data-overlay=\"true\" class=\"panel-row-style panel-row-style-for-513-1\" ><div id=\"pgc-513-1-0\"  class=\"panel-grid-cell\" ><div id=\"panel-513-1-0-0\" class=\"so-panel widget widget_sow-editor panel-first-child panel-last-child\" data-index=\"1\" ><div class=\"so-widget-sow-editor so-widget-sow-editor-base\"><h3 class=\"widget-title\">Hullabaloo DECO Blondierung No Am <\/h3>\n<div class=\"siteorigin-widget-tinymce textwidget\">\n\t<p><img loading=\"lazy\" decoding=\"async\" class=\"wp-image-65 size-medium alignright\" src=\"https:\/\/savasturanci.de\/wp-content\/uploads\/2016\/09\/goji-no-amoniak-frei-blondierung-pulver--235x300.png\" alt=\"goji-no-amoniak-frei-blondierung-pulver\" width=\"235\" height=\"300\" srcset=\"https:\/\/savasturanci.de\/wp-content\/uploads\/2016\/09\/goji-no-amoniak-frei-blondierung-pulver--235x300.png 235w, https:\/\/savasturanci.de\/wp-content\/uploads\/2016\/09\/goji-no-amoniak-frei-blondierung-pulver--230x293.png 230w, https:\/\/savasturanci.de\/wp-content\/uploads\/2016\/09\/goji-no-amoniak-frei-blondierung-pulver-.png 298w\" sizes=\"(max-width: 235px) 100vw, 235px\" \/><br \/>Aufgrund der innovativen <strong>mikrokristallinen <\/strong><strong>Struktur des<\/strong> kompakten und staubfreien Pulvers ist ein <strong>einfaches Mischen und Verwenden <\/strong><strong><b>m\u00f6glich<\/b><\/strong><b>.<\/b><\/p>\n<p>Sein <strong>Rosenduft<\/strong> und die<strong> Ammoniak freie <\/strong><strong>Zusammensetzung <\/strong>machen es sowohl f\u00fcr Kunden als auch Friseur <strong>angenehm bei der Anwendung und Bleichung Zeit<\/strong> \/EWZ.<\/p>\n<p>Der hohe Gehalt an <strong>Weichmachern reduziert<\/strong> die <b>ag<\/b><strong>gressive Aktion auf das Haar<\/strong><br \/><strong>ohne die Wirksamkeit<\/strong> und die <strong>Bleichkraft zu verringern<\/strong><br \/>ideal f\u00fcr jede Farb Technik. Eine Aufhellung bis zu 6 Farbt\u00f6nen ist m\u00f6glich.<\/p><\/p>\n<\/div>\n<\/div><\/div><\/div><\/div><\/div><div id=\"pg-513-2\"  class=\"panel-grid panel-has-style\" ><div style=\"padding: 100px 0; \" data-overlay=\"true\" class=\"panel-row-style panel-row-style-for-513-2\" ><div id=\"pgc-513-2-0\"  class=\"panel-grid-cell\" ><div id=\"panel-513-2-0-0\" class=\"so-panel widget widget_sow-image panel-first-child panel-last-child\" data-index=\"2\" ><div class=\"so-widget-sow-image so-widget-sow-image-default-4b231843ec72\">\r\n\r\n<div class=\"sow-image-container\">\r\n\t<img loading=\"lazy\" decoding=\"async\" src=\"https:\/\/savasturanci.de\/wp-content\/uploads\/2016\/09\/goji-no-amoniak-frei-farb-katalog-.jpg\" width=\"1440\" height=\"745\" srcset=\"https:\/\/savasturanci.de\/wp-content\/uploads\/2016\/09\/goji-no-amoniak-frei-farb-katalog-.jpg 1440w, https:\/\/savasturanci.de\/wp-content\/uploads\/2016\/09\/goji-no-amoniak-frei-farb-katalog--300x155.jpg 300w, https:\/\/savasturanci.de\/wp-content\/uploads\/2016\/09\/goji-no-amoniak-frei-farb-katalog--768x397.jpg 768w, https:\/\/savasturanci.de\/wp-content\/uploads\/2016\/09\/goji-no-amoniak-frei-farb-katalog--700x362.jpg 700w, https:\/\/savasturanci.de\/wp-content\/uploads\/2016\/09\/goji-no-amoniak-frei-farb-katalog--830x429.jpg 830w, https:\/\/savasturanci.de\/wp-content\/uploads\/2016\/09\/goji-no-amoniak-frei-farb-katalog--230x119.jpg 230w, https:\/\/savasturanci.de\/wp-content\/uploads\/2016\/09\/goji-no-amoniak-frei-farb-katalog--350x181.jpg 350w, https:\/\/savasturanci.de\/wp-content\/uploads\/2016\/09\/goji-no-amoniak-frei-farb-katalog--480x248.jpg 480w\" sizes=\"(max-width: 1440px) 100vw, 1440px\" title=\"Goji No Am - Haar Farbe - Farbkarte \" alt=\"\" \t\tclass=\"so-widget-image\"\/>\r\n<\/div>\r\n\r\n<\/div><\/div><\/div><\/div><\/div><\/div>","protected":false},"excerpt":{"rendered":"<p>Nein zu Ammoniak, die Farbe der JugendHier jetzt das reichhaltigste je gesehene [&hellip;]<\/p>\n","protected":false},"author":1,"featured_media":94,"parent":0,"menu_order":0,"comment_status":"closed","ping_status":"closed","template":"","meta":{"footnotes":""},"_links":{"self":[{"href":"https:\/\/savasturanci.de\/el\/wp-json\/wp\/v2\/pages\/513"}],"collection":[{"href":"https:\/\/savasturanci.de\/el\/wp-json\/wp\/v2\/pages"}],"about":[{"href":"https:\/\/savasturanci.de\/el\/wp-json\/wp\/v2\/types\/page"}],"author":[{"embeddable":true,"href":"https:\/\/savasturanci.de\/el\/wp-json\/wp\/v2\/users\/1"}],"replies":[{"embeddable":true,"href":"https:\/\/savasturanci.de\/el\/wp-json\/wp\/v2\/comments?post=513"}],"version-history":[{"count":3,"href":"https:\/\/savasturanci.de\/el\/wp-json\/wp\/v2\/pages\/513\/revisions"}],"predecessor-version":[{"id":611,"href":"https:\/\/savasturanci.de\/el\/wp-json\/wp\/v2\/pages\/513\/revisions\/611"}],"wp:featuredmedia":[{"embeddable":true,"href":"https:\/\/savasturanci.de\/el\/wp-json\/wp\/v2\/media\/94"}],"wp:attachment":[{"href":"https:\/\/savasturanci.de\/el\/wp-json\/wp\/v2\/media?parent=513"}],"curies":[{"name":"wp","href":"https:\/\/api.w.org\/{rel}","templated":true}]}}