{"id":126,"date":"2016-09-13T10:29:21","date_gmt":"2016-09-13T10:29:21","guid":{"rendered":"http:\/\/savasturanci.de\/?page_id=126"},"modified":"2016-11-09T03:42:50","modified_gmt":"2016-11-09T03:42:50","slug":"keraliss-technique-glaettungsystem","status":"publish","type":"page","link":"https:\/\/savasturanci.de\/es\/keraliss-technique-glaettungsystem\/","title":{"rendered":"Sistema de la t\u00e9cnica de alisamiento Keraliss"},"content":{"rendered":"<div class=\"twoclick_social_bookmarks_post_126 social_share_privacy clearfix 1.6.4 locale-es_ES sprite-\"><\/div><div class=\"twoclick-js\"><script type=\"text\/javascript\">\/* <![CDATA[ *\/\njQuery(document).ready(function($){if($('.twoclick_social_bookmarks_post_126')){$('.twoclick_social_bookmarks_post_126').socialSharePrivacy({\"services\":{\"facebook\":{\"status\":\"on\",\"txt_info\":\"2 Klicks f\\u00fcr mehr Datenschutz: Erst wenn Sie hier klicken, wird der Button aktiv und Sie k\\u00f6nnen Ihre Empfehlung an Facebook senden. Schon beim Aktivieren werden Daten an Dritte \\u00fcbertragen - siehe <em>i<\\\/em>.\",\"perma_option\":\"off\",\"action\":\"recommend\",\"language\":null},\"twitter\":{\"reply_to\":\"\",\"tweet_text\":\"Sistema%20de%20la%20t%C3%A9cnica%20de%20alisamiento%20Keraliss%20%C2%BB%20My%20CMS\",\"status\":\"on\",\"txt_info\":\"2 Klicks f\\u00fcr mehr Datenschutz: Erst wenn Sie hier klicken, wird der Button aktiv und Sie k\\u00f6nnen Ihre Empfehlung an Twitter senden. Schon beim Aktivieren werden Daten an Dritte \\u00fcbertragen - siehe <em>i<\\\/em>.\",\"perma_option\":\"off\",\"language\":\"en\",\"referrer_track\":\"\"},\"gplus\":{\"status\":\"on\",\"txt_info\":\"2 Klicks f\\u00fcr mehr Datenschutz: Erst wenn Sie hier klicken, wird der Button aktiv und Sie k\\u00f6nnen Ihre Empfehlung an Google+ senden. Schon beim Aktivieren werden Daten an Dritte \\u00fcbertragen - siehe <em>i<\\\/em>.\",\"perma_option\":\"off\",\"referrer_track\":\"\"}},\"txt_help\":\"Wenn Sie diese Felder durch einen Klick aktivieren, werden Informationen an Facebook, Twitter, Flattr, Xing, t3n, LinkedIn, Pinterest oder Google eventuell ins Ausland \\u00fcbertragen und unter Umst\\u00e4nden auch dort gespeichert. N\\u00e4heres erfahren Sie durch einen Klick auf das <em>i<\\\/em>.\",\"settings_perma\":\"Dauerhaft aktivieren und Daten\\u00fcber-tragung zustimmen:\",\"info_link\":\"http:\\\/\\\/www.heise.de\\\/ct\\\/artikel\\\/2-Klicks-fuer-mehr-Datenschutz-1333879.html\",\"uri\":\"https:\\\/\\\/savasturanci.de\\\/es\\\/keraliss-technique-glaettungsystem\\\/\",\"post_id\":126,\"post_title_referrer_track\":\"Sistema+de+la+t%C3%A9cnica+de+alisamiento+Keraliss\",\"display_infobox\":\"on\"});}});\n\/* ]]> *\/<\/script><\/div><p><\/p>\n<p style=\"text-align: left;\"><img loading=\"lazy\" decoding=\"async\" class=\"so-widget-image\" src=\"https:\/\/savasturanci.de\/wp-content\/uploads\/2016\/09\/cabecera_p_28.jpg\" srcset=\"https:\/\/savasturanci.de\/wp-content\/uploads\/2016\/09\/cabecera_p_28.jpg 983w, https:\/\/savasturanci.de\/wp-content\/uploads\/2016\/09\/cabecera_p_28-300x106.jpg 300w, https:\/\/savasturanci.de\/wp-content\/uploads\/2016\/09\/cabecera_p_28-768x270.jpg 768w, https:\/\/savasturanci.de\/wp-content\/uploads\/2016\/09\/cabecera_p_28-700x246.jpg 700w, https:\/\/savasturanci.de\/wp-content\/uploads\/2016\/09\/cabecera_p_28-830x292.jpg 830w, https:\/\/savasturanci.de\/wp-content\/uploads\/2016\/09\/cabecera_p_28-230x81.jpg 230w, https:\/\/savasturanci.de\/wp-content\/uploads\/2016\/09\/cabecera_p_28-350x123.jpg 350w, https:\/\/savasturanci.de\/wp-content\/uploads\/2016\/09\/cabecera_p_28-480x169.jpg 480w\" width=\"983\" height=\"346\" \/><br \/>\nKeraliss Technique Crema Alisadora y\u00a0 Crema Neutralizadora<br \/>\n\u2022\u00a0 Tratamiento de alisado permanente de queratina para todo tipo de cabellos, incluso los muy rizados o encrespados.<br \/>\n\u2022\u00a0 Perfecta reducci\u00f3n de volumen.<br \/>\n\u2022\u00a0 100% sin formol.<br \/>\n\u2022\u00a0 Componentes: crema alisadora + crema neutralizadora.<br \/>\nKeraliss Technique Crema Alisadora<br \/>\n\u2022\u00a0 Prepara el cabello para ser alisado.<br \/>\n\u2022\u00a0 Contiene queratina para aportar hidrataci\u00f3n, manejabilidad y efecto seda.<br \/>\n\u2022\u00a0 Con aceite de arg\u00e1n, enriquecido con vitamina E y \u00e1cidos grasos esenciales, que nutre y revitaliza la cut\u00edcula capilar.<br \/>\n\u2022\u00a0 pH alcalino (9,0 \u2013 9,5)<br \/>\n\u2022\u00a0 120 ml 4,2 Oz. \/ 12 u.<br \/>\nKeraliss Technique Crema Neutralizadora<br \/>\n\u2022\u00a0 Ayuda normalizar el pH del cabello.<br \/>\n\u2022\u00a0 Fija y sella la nueva estructura.<br \/>\n\u2022\u00a0 pH \u00e1cido (2,3 \u2013 3,2)<br \/>\n\u2022\u00a0 120 ml 4,2 Oz. \/ 12 u.<\/p>\n<p><a href=\"https:\/\/savasturanci.de\/wp-content\/uploads\/2016\/09\/cabecera_p_29.jpg\" target=\"_blank\"> <img loading=\"lazy\" decoding=\"async\" class=\"so-widget-image\" src=\"https:\/\/savasturanci.de\/wp-content\/uploads\/2016\/09\/cabecera_p_29.jpg\" srcset=\"https:\/\/savasturanci.de\/wp-content\/uploads\/2016\/09\/cabecera_p_29.jpg 983w, https:\/\/savasturanci.de\/wp-content\/uploads\/2016\/09\/cabecera_p_29-300x106.jpg 300w, https:\/\/savasturanci.de\/wp-content\/uploads\/2016\/09\/cabecera_p_29-768x270.jpg 768w, https:\/\/savasturanci.de\/wp-content\/uploads\/2016\/09\/cabecera_p_29-700x246.jpg 700w, https:\/\/savasturanci.de\/wp-content\/uploads\/2016\/09\/cabecera_p_29-830x292.jpg 830w, https:\/\/savasturanci.de\/wp-content\/uploads\/2016\/09\/cabecera_p_29-230x81.jpg 230w, https:\/\/savasturanci.de\/wp-content\/uploads\/2016\/09\/cabecera_p_29-350x123.jpg 350w, https:\/\/savasturanci.de\/wp-content\/uploads\/2016\/09\/cabecera_p_29-480x169.jpg 480w\" width=\"983\" height=\"346\" \/><\/a><br \/>\nKeraliss Technique\u00a0 Keratin Essential Shampoo<\/p>\n<p>\u2022\u00a0 Champ\u00fa de queratina, que aporta resistencia y flexibilidad a la fibra capilar.<br \/>\n\u2022\u00a0 Limpia en profundidad a la vez que hidrata y sella la cut\u00edcula capilar.<br \/>\n\u2022\u00a0 Previene el encrespamiento y las puntas abiertas.<br \/>\n\u2022\u00a0 Proporciona elasticidad y facilita el alisado del cabello, tanto permanente como progresivo.<br \/>\n\u2022\u00a0 Incorpora un acondicionador cuaternario que da brillo y suavidad al cabello.<br \/>\n\u2022\u00a0 pH neutro (5,8 \u2013 6,6)<br \/>\n\u2022\u00a0 1000 ml 35 Oz. \/ 4u.\u00a0 200 aplicaciones*<br \/>\n\u2022\u00a0 300 ml 10,5 Oz. \/ 12u.\u00a0 60\u00a0 aplicaciones*<\/p>\n<p><a href=\"https:\/\/savasturanci.de\/wp-content\/uploads\/2016\/09\/cabecera_p_30.jpg\" target=\"_blank\"> <img loading=\"lazy\" decoding=\"async\" class=\"so-widget-image\" src=\"https:\/\/savasturanci.de\/wp-content\/uploads\/2016\/09\/cabecera_p_30.jpg\" srcset=\"https:\/\/savasturanci.de\/wp-content\/uploads\/2016\/09\/cabecera_p_30.jpg 983w, https:\/\/savasturanci.de\/wp-content\/uploads\/2016\/09\/cabecera_p_30-300x106.jpg 300w, https:\/\/savasturanci.de\/wp-content\/uploads\/2016\/09\/cabecera_p_30-768x270.jpg 768w, https:\/\/savasturanci.de\/wp-content\/uploads\/2016\/09\/cabecera_p_30-700x246.jpg 700w, https:\/\/savasturanci.de\/wp-content\/uploads\/2016\/09\/cabecera_p_30-830x292.jpg 830w, https:\/\/savasturanci.de\/wp-content\/uploads\/2016\/09\/cabecera_p_30-230x81.jpg 230w, https:\/\/savasturanci.de\/wp-content\/uploads\/2016\/09\/cabecera_p_30-350x123.jpg 350w, https:\/\/savasturanci.de\/wp-content\/uploads\/2016\/09\/cabecera_p_30-480x169.jpg 480w\" width=\"983\" height=\"346\" \/><\/a><br \/>\nKeraliss Technique Keratin Essential Balm<\/p>\n<p>\u2022\u00a0 B\u00e1lsamo acondicionador de queratina, que reestructura y regenera la fibra capilar.<br \/>\n\u2022\u00a0 Contiene D \u2013 pantenol que retiene la humedad en el cabello, proporcion\u00e1ndole elasticidad y brillo.<br \/>\n\u2022\u00a0 Facilita el alisado del cabello, tanto permanente como progresivo.<br \/>\n\u2022\u00a0 pH ligeramente \u00e1cido (4,6 \u2013 5,5)<br \/>\n\u2022\u00a0 1000 ml 35 Oz. \/ 4u.\u00a0 200 aplicaciones*<br \/>\n\u2022\u00a0 300 ml 10,5 Oz. \/ 12u.\u00a0 60\u00a0 aplicaciones*<\/p>\n<p><a href=\"https:\/\/savasturanci.de\/wp-content\/uploads\/2016\/09\/cabecera_p_45.jpg\" target=\"_blank\"> <img loading=\"lazy\" decoding=\"async\" class=\"so-widget-image\" src=\"https:\/\/savasturanci.de\/wp-content\/uploads\/2016\/09\/cabecera_p_45.jpg\" srcset=\"https:\/\/savasturanci.de\/wp-content\/uploads\/2016\/09\/cabecera_p_45.jpg 983w, https:\/\/savasturanci.de\/wp-content\/uploads\/2016\/09\/cabecera_p_45-300x106.jpg 300w, https:\/\/savasturanci.de\/wp-content\/uploads\/2016\/09\/cabecera_p_45-768x270.jpg 768w, https:\/\/savasturanci.de\/wp-content\/uploads\/2016\/09\/cabecera_p_45-700x246.jpg 700w, https:\/\/savasturanci.de\/wp-content\/uploads\/2016\/09\/cabecera_p_45-830x292.jpg 830w, https:\/\/savasturanci.de\/wp-content\/uploads\/2016\/09\/cabecera_p_45-230x81.jpg 230w, https:\/\/savasturanci.de\/wp-content\/uploads\/2016\/09\/cabecera_p_45-350x123.jpg 350w, https:\/\/savasturanci.de\/wp-content\/uploads\/2016\/09\/cabecera_p_45-480x169.jpg 480w\" alt=\"KERALISS TECHNIQUE Keratin Essential Thermic Hair Protection\" width=\"983\" height=\"346\" \/><\/a><\/p>\n<p>Keraliss Technique Keratin Essential Thermic\u00a0 Hair Protection<\/p>\n<p>\u2022\u00a0 Protector t\u00e9rmico capilar.<br \/>\n\u2022\u00a0 pH ligeramente \u00e1cido (4,5 \u2013 5,4)<br \/>\n\u2022\u00a0 Contiene queratina que sella la cut\u00edcula protegiendo el cabello del calor de la plancha o el secador.<br \/>\n\u2022\u00a0 Proporciona un brillo intenso, un tacto sedoso y un alisado m\u00e1s duradero, tanto permanente como progresivo.<br \/>\n\u2022\u00a0 No engrasa el cabello.<br \/>\n\u2022\u00a0 200 ml 7.0 Oz. \/ 24 u.\u00a0 40 aplicaciones*<\/p>","protected":false},"excerpt":{"rendered":"<p>Keraliss Technique Crema Alisadora y\u00a0 Crema Neutralizadora \u2022\u00a0 Tratamiento de alisado permanente [&hellip;]<\/p>\n","protected":false},"author":1,"featured_media":0,"parent":0,"menu_order":0,"comment_status":"closed","ping_status":"closed","template":"page-templates\/page_fullwidth.php","meta":{"footnotes":""},"_links":{"self":[{"href":"https:\/\/savasturanci.de\/es\/wp-json\/wp\/v2\/pages\/126"}],"collection":[{"href":"https:\/\/savasturanci.de\/es\/wp-json\/wp\/v2\/pages"}],"about":[{"href":"https:\/\/savasturanci.de\/es\/wp-json\/wp\/v2\/types\/page"}],"author":[{"embeddable":true,"href":"https:\/\/savasturanci.de\/es\/wp-json\/wp\/v2\/users\/1"}],"replies":[{"embeddable":true,"href":"https:\/\/savasturanci.de\/es\/wp-json\/wp\/v2\/comments?post=126"}],"version-history":[{"count":38,"href":"https:\/\/savasturanci.de\/es\/wp-json\/wp\/v2\/pages\/126\/revisions"}],"predecessor-version":[{"id":686,"href":"https:\/\/savasturanci.de\/es\/wp-json\/wp\/v2\/pages\/126\/revisions\/686"}],"wp:attachment":[{"href":"https:\/\/savasturanci.de\/es\/wp-json\/wp\/v2\/media?parent=126"}],"curies":[{"name":"wp","href":"https:\/\/api.w.org\/{rel}","templated":true}]}}