{"id":15,"date":"2016-09-01T21:09:12","date_gmt":"2016-09-01T21:09:12","guid":{"rendered":"http:\/\/savasturanci.de\/?page_id=15"},"modified":"2016-11-08T17:11:47","modified_gmt":"2016-11-08T17:11:47","slug":"haftungsausschluss","status":"publish","type":"page","link":"https:\/\/savasturanci.de\/es\/haftungsausschluss\/","title":{"rendered":"renuncia"},"content":{"rendered":"<p><\/p>\n<div class=\"tw-swapa\">\u00a0<span lang=\"es\">La responsabilidad por contenidos<br \/>\n<\/span><span lang=\"es\">El contenido de estas p\u00e1ginas se han creado con gran cuidado. De la exactitud, exhaustividad y actualidad de los contenidos, no podemos asumir ninguna responsabilidad. Como proveedor de servicios somos responsables seg\u00fan \u00a7 7 1 TMG para el propio contenido de estas p\u00e1ginas bajo las leyes generales.<br \/>\nDe acuerdo con \u00a7\u00a7 8 a 10 TMG no estamos obligados como proveedor de servicios para supervisar la informaci\u00f3n transmitida o almacenada, o para investigar las circunstancias que indiquen actividades il\u00edcitas. La obligaci\u00f3n de eliminar o bloquear el uso de informaci\u00f3n en virtud de las leyes generales no se ver\u00e1n afectados.<br \/>\nSin embargo, un pasivo correspondiente s\u00f3lo es posible a partir de la fecha de conocimiento de una infracci\u00f3n espec\u00edfica. Tras la notificaci\u00f3n de violaci\u00f3nes tal, vamos a eliminar el contenido de inmediato.<\/span><\/div>\n<p><\/p>","protected":false},"excerpt":{"rendered":"<p>\u00a0La responsabilidad por contenidos El contenido de estas p\u00e1ginas se han creado [&hellip;]<\/p>\n","protected":false},"author":1,"featured_media":0,"parent":0,"menu_order":0,"comment_status":"closed","ping_status":"closed","template":"","meta":{"footnotes":""},"_links":{"self":[{"href":"https:\/\/savasturanci.de\/es\/wp-json\/wp\/v2\/pages\/15"}],"collection":[{"href":"https:\/\/savasturanci.de\/es\/wp-json\/wp\/v2\/pages"}],"about":[{"href":"https:\/\/savasturanci.de\/es\/wp-json\/wp\/v2\/types\/page"}],"author":[{"embeddable":true,"href":"https:\/\/savasturanci.de\/es\/wp-json\/wp\/v2\/users\/1"}],"replies":[{"embeddable":true,"href":"https:\/\/savasturanci.de\/es\/wp-json\/wp\/v2\/comments?post=15"}],"version-history":[{"count":2,"href":"https:\/\/savasturanci.de\/es\/wp-json\/wp\/v2\/pages\/15\/revisions"}],"predecessor-version":[{"id":269,"href":"https:\/\/savasturanci.de\/es\/wp-json\/wp\/v2\/pages\/15\/revisions\/269"}],"wp:attachment":[{"href":"https:\/\/savasturanci.de\/es\/wp-json\/wp\/v2\/media?parent=15"}],"curies":[{"name":"wp","href":"https:\/\/api.w.org\/{rel}","templated":true}]}}