{"id":439,"date":"2017-01-30T09:50:16","date_gmt":"2017-01-30T09:50:16","guid":{"rendered":"http:\/\/savasturanci.de\/?page_id=439"},"modified":"2017-02-27T23:17:49","modified_gmt":"2017-02-27T23:17:49","slug":"color","status":"publish","type":"page","link":"https:\/\/savasturanci.de\/es\/color\/","title":{"rendered":"(Deutsch) Color"},"content":{"rendered":"<div id=\"pl-439\"  class=\"panel-layout\" ><div id=\"pg-439-0\"  class=\"panel-grid panel-has-style\" ><div style=\"padding: 100px 0; \" data-overlay=\"true\" class=\"panel-row-style panel-row-style-for-439-0\" ><div id=\"pgc-439-0-0\"  class=\"panel-grid-cell\" ><div id=\"panel-439-0-0-0\" class=\"so-panel widget widget_sow-editor panel-first-child panel-last-child\" data-index=\"0\" ><div class=\"so-widget-sow-editor so-widget-sow-editor-base\"><h3 class=\"widget-title\">ACLARATIF TECHNIQUE BLEU Blondier Pulver<\/h3>\n<div class=\"siteorigin-widget-tinymce textwidget\">\n\t<p><img loading=\"lazy\" decoding=\"async\" class=\"aligncenter wp-image-487 size-full\" src=\"https:\/\/savasturanci.de\/wp-content\/uploads\/2017\/01\/ACLARATIF-Technique-Bleu-_Blondier-Pulver_Banner_Savas-Turanci_Haar-KultBanner.jpg\" alt=\"ACLARATIF Technique Bleu _Blondier Pulver_Banner_Savas Turanci_Haar KultBanner\" width=\"983\" height=\"346\" srcset=\"https:\/\/savasturanci.de\/wp-content\/uploads\/2017\/01\/ACLARATIF-Technique-Bleu-_Blondier-Pulver_Banner_Savas-Turanci_Haar-KultBanner.jpg 983w, https:\/\/savasturanci.de\/wp-content\/uploads\/2017\/01\/ACLARATIF-Technique-Bleu-_Blondier-Pulver_Banner_Savas-Turanci_Haar-KultBanner-300x106.jpg 300w, https:\/\/savasturanci.de\/wp-content\/uploads\/2017\/01\/ACLARATIF-Technique-Bleu-_Blondier-Pulver_Banner_Savas-Turanci_Haar-KultBanner-768x270.jpg 768w, https:\/\/savasturanci.de\/wp-content\/uploads\/2017\/01\/ACLARATIF-Technique-Bleu-_Blondier-Pulver_Banner_Savas-Turanci_Haar-KultBanner-700x246.jpg 700w, https:\/\/savasturanci.de\/wp-content\/uploads\/2017\/01\/ACLARATIF-Technique-Bleu-_Blondier-Pulver_Banner_Savas-Turanci_Haar-KultBanner-830x292.jpg 830w, https:\/\/savasturanci.de\/wp-content\/uploads\/2017\/01\/ACLARATIF-Technique-Bleu-_Blondier-Pulver_Banner_Savas-Turanci_Haar-KultBanner-230x81.jpg 230w, https:\/\/savasturanci.de\/wp-content\/uploads\/2017\/01\/ACLARATIF-Technique-Bleu-_Blondier-Pulver_Banner_Savas-Turanci_Haar-KultBanner-350x123.jpg 350w, https:\/\/savasturanci.de\/wp-content\/uploads\/2017\/01\/ACLARATIF-Technique-Bleu-_Blondier-Pulver_Banner_Savas-Turanci_Haar-KultBanner-480x169.jpg 480w\" sizes=\"(max-width: 983px) 100vw, 983px\" \/><br \/>-blaues, Staubfreies Blondierpulver<br \/>-hellt natur oder blondiertes Haar bis 7 Tonstufen auf<br \/>-intensive, sichere und gleichm\u00e4\u00dfige Blondierung<br \/>-enth\u00e4lt Weizenkeimextrakt welches das Haarkeratin wiederherstellt und repariert<br \/>-maximal schonende und pflegende Aufhellung<br \/>-leichte Handhabung, sanfte Parf\u00fcmierung<br \/>-trocknet nicht aus, tropft nicht<br \/>-pH-Wert alkalisch (9,4 - 10,4)<br \/>-500 gr. 17,6 Oz. \/ 12 St\u00fcck.<br \/>-50 gr. 1,7 Oz. \/ 8 St\u00fcck. x 12.<\/p>\n<\/div>\n<\/div><\/div><\/div><\/div><\/div><div id=\"pg-439-1\"  class=\"panel-grid panel-has-style\" ><div style=\"padding: 100px 0; \" data-overlay=\"true\" class=\"panel-row-style panel-row-style-for-439-1\" ><div id=\"pgc-439-1-0\"  class=\"panel-grid-cell\" ><div id=\"panel-439-1-0-0\" class=\"so-panel widget widget_sow-editor panel-first-child panel-last-child\" data-index=\"1\" ><div class=\"so-widget-sow-editor so-widget-sow-editor-base\"><h3 class=\"widget-title\">CLEYBELL CREME PEROXYD H2O2<\/h3>\n<div class=\"siteorigin-widget-tinymce textwidget\">\n\t<p><img loading=\"lazy\" decoding=\"async\" class=\"aligncenter wp-image-489 size-full\" src=\"https:\/\/savasturanci.de\/wp-content\/uploads\/2017\/01\/Cleybell-Creme-Oxidanten_Savas-Turanci_Banner.jpg\" alt=\"Cleybell Creme Oxidanten_Savas Turanci_Banner\" width=\"983\" height=\"346\" srcset=\"https:\/\/savasturanci.de\/wp-content\/uploads\/2017\/01\/Cleybell-Creme-Oxidanten_Savas-Turanci_Banner.jpg 983w, https:\/\/savasturanci.de\/wp-content\/uploads\/2017\/01\/Cleybell-Creme-Oxidanten_Savas-Turanci_Banner-300x106.jpg 300w, https:\/\/savasturanci.de\/wp-content\/uploads\/2017\/01\/Cleybell-Creme-Oxidanten_Savas-Turanci_Banner-768x270.jpg 768w, https:\/\/savasturanci.de\/wp-content\/uploads\/2017\/01\/Cleybell-Creme-Oxidanten_Savas-Turanci_Banner-700x246.jpg 700w, https:\/\/savasturanci.de\/wp-content\/uploads\/2017\/01\/Cleybell-Creme-Oxidanten_Savas-Turanci_Banner-830x292.jpg 830w, https:\/\/savasturanci.de\/wp-content\/uploads\/2017\/01\/Cleybell-Creme-Oxidanten_Savas-Turanci_Banner-230x81.jpg 230w, https:\/\/savasturanci.de\/wp-content\/uploads\/2017\/01\/Cleybell-Creme-Oxidanten_Savas-Turanci_Banner-350x123.jpg 350w, https:\/\/savasturanci.de\/wp-content\/uploads\/2017\/01\/Cleybell-Creme-Oxidanten_Savas-Turanci_Banner-480x169.jpg 480w\" sizes=\"(max-width: 983px) 100vw, 983px\" \/><br \/>-Wasserstoffperoxyd zum Mischen mit Violett 60 Professional und Emotion im Verh\u00e4ltnis 1:1<br \/>-varianten: 6Vol.(1.8%),\u00a0 3%(10Vol.),\u00a0 6%(20Vol.),\u00a0 9%(30Vol.),\u00a0 12%(40Vol.)<br \/>-stabilisatoren halten das Peroxyd gleich bleibend<br \/>-beinhaltet Feuchtigkeitsspendende und weichmachende Substanzen<br \/>-60 ml. 2,0 Oz. \/ 12 Stk. x 30. Einzeldosis: 6% (20Vol.); 9% (30Vol.); 12% (40Vol.). \u2022 1000 ml. 35 Oz. \/ 12 Stk. <br \/>-pH-Wert sauer (2,4 - 3,1)<\/p>\n<\/div>\n<\/div><\/div><\/div><\/div><\/div><div id=\"pg-439-2\"  class=\"panel-grid panel-has-style\" ><div style=\"padding: 100px 0; \" data-overlay=\"true\" class=\"panel-row-style panel-row-style-for-439-2\" ><div id=\"pgc-439-2-0\"  class=\"panel-grid-cell\" ><div id=\"panel-439-2-0-0\" class=\"so-panel widget widget_sow-editor panel-first-child panel-last-child\" data-index=\"2\" ><div class=\"so-widget-sow-editor so-widget-sow-editor-base\"><h3 class=\"widget-title\">CLEYBELL KOPFHAUT-SCHUTZ\u00d6L<\/h3>\n<div class=\"siteorigin-widget-tinymce textwidget\">\n\t<p><img loading=\"lazy\" decoding=\"async\" class=\"aligncenter wp-image-488 size-full\" src=\"https:\/\/savasturanci.de\/wp-content\/uploads\/2017\/01\/Cleybell-aceite-protector-cut\u00e1neo-capilar-Hautschutz-\u00d6l_Savas-Turanci_Banner.jpg\" alt=\"Cleybell aceite protector cut\u00e1neo capilar Hautschutz \u00d6l_Savas Turanci_Banner\" width=\"983\" height=\"346\" srcset=\"https:\/\/savasturanci.de\/wp-content\/uploads\/2017\/01\/Cleybell-aceite-protector-cut\u00e1neo-capilar-Hautschutz-\u00d6l_Savas-Turanci_Banner.jpg 983w, https:\/\/savasturanci.de\/wp-content\/uploads\/2017\/01\/Cleybell-aceite-protector-cut\u00e1neo-capilar-Hautschutz-\u00d6l_Savas-Turanci_Banner-300x106.jpg 300w, https:\/\/savasturanci.de\/wp-content\/uploads\/2017\/01\/Cleybell-aceite-protector-cut\u00e1neo-capilar-Hautschutz-\u00d6l_Savas-Turanci_Banner-768x270.jpg 768w, https:\/\/savasturanci.de\/wp-content\/uploads\/2017\/01\/Cleybell-aceite-protector-cut\u00e1neo-capilar-Hautschutz-\u00d6l_Savas-Turanci_Banner-700x246.jpg 700w, https:\/\/savasturanci.de\/wp-content\/uploads\/2017\/01\/Cleybell-aceite-protector-cut\u00e1neo-capilar-Hautschutz-\u00d6l_Savas-Turanci_Banner-830x292.jpg 830w, https:\/\/savasturanci.de\/wp-content\/uploads\/2017\/01\/Cleybell-aceite-protector-cut\u00e1neo-capilar-Hautschutz-\u00d6l_Savas-Turanci_Banner-230x81.jpg 230w, https:\/\/savasturanci.de\/wp-content\/uploads\/2017\/01\/Cleybell-aceite-protector-cut\u00e1neo-capilar-Hautschutz-\u00d6l_Savas-Turanci_Banner-350x123.jpg 350w, https:\/\/savasturanci.de\/wp-content\/uploads\/2017\/01\/Cleybell-aceite-protector-cut\u00e1neo-capilar-Hautschutz-\u00d6l_Savas-Turanci_Banner-480x169.jpg 480w\" sizes=\"(max-width: 983px) 100vw, 983px\" \/><br \/>-sch\u00fctzt die Haut vor Flecken die w\u00e4hrend dem Auftragen der Haarfarbe entstehen k\u00f6nnen<br \/>-zwischen 2 - 5 Tropfen je Farbmenge in die F\u00e4rbeschale geben, verhindert Kopfhautirritationen<br \/>-der Farbton, die Deckkraft und die Haltbarkeit der Farbe werden nicht beeintr\u00e4chtigt<br \/>-pH-Wert leicht alkalisch (8,3 - 9,6)<br \/>-300 ml. 10 Fl. Oz. \/ 36 Stk. Ca. 100 - 150 Anwendungen*<\/p>\n<\/div>\n<\/div><\/div><\/div><\/div><\/div><div id=\"pg-439-3\"  class=\"panel-grid panel-has-style\" ><div style=\"padding: 100px 0; \" data-overlay=\"true\" class=\"panel-row-style panel-row-style-for-439-3\" ><div id=\"pgc-439-3-0\"  class=\"panel-grid-cell\" ><div id=\"panel-439-3-0-0\" class=\"so-panel widget widget_sow-editor panel-first-child panel-last-child\" data-index=\"3\" ><div class=\"so-widget-sow-editor so-widget-sow-editor-base\"><h3 class=\"widget-title\">RAYOCOLOR MIT ARGAN\u00d6L - Direktzieher T\u00f6nung<\/h3>\n<div class=\"siteorigin-widget-tinymce textwidget\">\n\t<p><img loading=\"lazy\" decoding=\"async\" class=\"aligncenter wp-image-490 size-full\" src=\"https:\/\/savasturanci.de\/wp-content\/uploads\/2017\/01\/RAYOCOLOR-Direktt\u00f6nung-mit-Argan\u00f6l_Savas-Turanci_Banner.jpg\" alt=\"RAYOCOLOR Direktt\u00f6nung mit Argan\u00f6l_Savas Turanci_Banner\" width=\"983\" height=\"346\" srcset=\"https:\/\/savasturanci.de\/wp-content\/uploads\/2017\/01\/RAYOCOLOR-Direktt\u00f6nung-mit-Argan\u00f6l_Savas-Turanci_Banner.jpg 983w, https:\/\/savasturanci.de\/wp-content\/uploads\/2017\/01\/RAYOCOLOR-Direktt\u00f6nung-mit-Argan\u00f6l_Savas-Turanci_Banner-300x106.jpg 300w, https:\/\/savasturanci.de\/wp-content\/uploads\/2017\/01\/RAYOCOLOR-Direktt\u00f6nung-mit-Argan\u00f6l_Savas-Turanci_Banner-768x270.jpg 768w, https:\/\/savasturanci.de\/wp-content\/uploads\/2017\/01\/RAYOCOLOR-Direktt\u00f6nung-mit-Argan\u00f6l_Savas-Turanci_Banner-700x246.jpg 700w, https:\/\/savasturanci.de\/wp-content\/uploads\/2017\/01\/RAYOCOLOR-Direktt\u00f6nung-mit-Argan\u00f6l_Savas-Turanci_Banner-830x292.jpg 830w, https:\/\/savasturanci.de\/wp-content\/uploads\/2017\/01\/RAYOCOLOR-Direktt\u00f6nung-mit-Argan\u00f6l_Savas-Turanci_Banner-230x81.jpg 230w, https:\/\/savasturanci.de\/wp-content\/uploads\/2017\/01\/RAYOCOLOR-Direktt\u00f6nung-mit-Argan\u00f6l_Savas-Turanci_Banner-350x123.jpg 350w, https:\/\/savasturanci.de\/wp-content\/uploads\/2017\/01\/RAYOCOLOR-Direktt\u00f6nung-mit-Argan\u00f6l_Savas-Turanci_Banner-480x169.jpg 480w\" sizes=\"(max-width: 983px) 100vw, 983px\" \/>-Direktzieher T\u00f6nung ohne Mischen von H2O2<br \/>-R-forcing color<br \/>-deckt die ersten grauen Haare ab, und verleiht dem Haar Geschmeidigkeit und Glanz<br \/>-mit Argan\u00f6l, reich an Vitamin E, mit nat\u00fcrlichen Antioxidationsmitteln und essentiellen Fetts\u00e4uren mit feuchtigkeitsspendenden und regenerierenden Eigenschaften<br \/>-dank des Argan\u00f6ls wird die Kopfhaut gen\u00e4hrt und belebt<br \/>-gemischt mit Violett 60 Professional wird dem Haar eine gleichm\u00e4\u00dfige Farbe verleiht und gleichzeitig die Glanzintensit\u00e4t verst\u00e4rkt.<br \/>-Einwirkzeit: 15 - 20 Minuten.<br \/>-das Ergebnis bleibt mindestens 5 bis 6 Haarw\u00e4schen erhalten <br \/>-mit Sonnenschutzfilter, wo das Haar von der UV-Strahlung sch\u00fctzt und die Haltbarkeit der Farbe verl\u00e4ngert<br \/>-frischer Duft nach Lavendel und Jasmin<br \/>-18 Farben zur Auswahl<br \/>-pH-Wert leicht alkalisch (8,0 - 8,9).<br \/>-300 ml 10,5 Oz \/ 12 Einh.<\/p>\n<\/div>\n<\/div><\/div><\/div><\/div><\/div><div id=\"pg-439-4\"  class=\"panel-grid panel-has-style\" ><div style=\"padding: 100px 0; \" data-overlay=\"true\" class=\"panel-row-style panel-row-style-for-439-4\" ><div id=\"pgc-439-4-0\"  class=\"panel-grid-cell\" ><div id=\"panel-439-4-0-0\" class=\"so-panel widget widget_sow-editor panel-first-child panel-last-child\" data-index=\"4\" ><div class=\"so-widget-sow-editor so-widget-sow-editor-base\"><h3 class=\"widget-title\">VIOLETT 60 PROFESSIONAL EMOTION - Effekt Str\u00e4hnenhaarfarbe<\/h3>\n<div class=\"siteorigin-widget-tinymce textwidget\">\n\t<p><img loading=\"lazy\" decoding=\"async\" class=\"aligncenter wp-image-508 size-full\" src=\"https:\/\/savasturanci.de\/wp-content\/uploads\/2017\/02\/VIOLETT-60-PROFESSIONAL-EMOTION_Banner-Savas-Turanci.jpg\" alt=\"VIOLETT 60 PROFESSIONAL EMOTION_Banner Savas Turanci\" width=\"983\" height=\"346\" srcset=\"https:\/\/savasturanci.de\/wp-content\/uploads\/2017\/02\/VIOLETT-60-PROFESSIONAL-EMOTION_Banner-Savas-Turanci.jpg 983w, https:\/\/savasturanci.de\/wp-content\/uploads\/2017\/02\/VIOLETT-60-PROFESSIONAL-EMOTION_Banner-Savas-Turanci-300x106.jpg 300w, https:\/\/savasturanci.de\/wp-content\/uploads\/2017\/02\/VIOLETT-60-PROFESSIONAL-EMOTION_Banner-Savas-Turanci-768x270.jpg 768w, https:\/\/savasturanci.de\/wp-content\/uploads\/2017\/02\/VIOLETT-60-PROFESSIONAL-EMOTION_Banner-Savas-Turanci-700x246.jpg 700w, https:\/\/savasturanci.de\/wp-content\/uploads\/2017\/02\/VIOLETT-60-PROFESSIONAL-EMOTION_Banner-Savas-Turanci-830x292.jpg 830w, https:\/\/savasturanci.de\/wp-content\/uploads\/2017\/02\/VIOLETT-60-PROFESSIONAL-EMOTION_Banner-Savas-Turanci-230x81.jpg 230w, https:\/\/savasturanci.de\/wp-content\/uploads\/2017\/02\/VIOLETT-60-PROFESSIONAL-EMOTION_Banner-Savas-Turanci-350x123.jpg 350w, https:\/\/savasturanci.de\/wp-content\/uploads\/2017\/02\/VIOLETT-60-PROFESSIONAL-EMOTION_Banner-Savas-Turanci-480x169.jpg 480w\" sizes=\"(max-width: 983px) 100vw, 983px\" \/><br \/>-Str\u00e4hnenhaarfarbe in Cremeform, 4 Nuancen<br \/>-optimale Farbergebnisse in natur- wie auch in gef\u00e4rbtem Haar<br \/>-beinhaltet unges\u00e4ttigte Fetts\u00e4uren die die Farbe im Haar fixieren<br \/>-f\u00fcr Str\u00e4hnen oder phantasievolle Farbeffekte<br \/>-1:1 mit Cleybell Cremeperoxyd mischen<br \/>-Im trockenen Zustand, auf den abgeteilten Str\u00e4hnen anwenden<br \/>-Einwirkzeit betr\u00e4gt im Normalfall 30 Minuten<br \/>-die Anwendung auf das gesamte Haar wird nicht empfohlen<br \/>-60 gr. 2,0 Oz. \/ 6 Stk. x 20<\/p>\n<\/div>\n<\/div><\/div><\/div><\/div><\/div><\/div>","protected":false},"excerpt":{"rendered":"<p>-blaues, Staubfreies Blondierpulver-hellt natur oder blondiertes Haar bis 7 Tonstufen auf-intensive, sichere [&hellip;]<\/p>\n","protected":false},"author":1,"featured_media":0,"parent":0,"menu_order":0,"comment_status":"closed","ping_status":"closed","template":"","meta":{"footnotes":""},"_links":{"self":[{"href":"https:\/\/savasturanci.de\/es\/wp-json\/wp\/v2\/pages\/439"}],"collection":[{"href":"https:\/\/savasturanci.de\/es\/wp-json\/wp\/v2\/pages"}],"about":[{"href":"https:\/\/savasturanci.de\/es\/wp-json\/wp\/v2\/types\/page"}],"author":[{"embeddable":true,"href":"https:\/\/savasturanci.de\/es\/wp-json\/wp\/v2\/users\/1"}],"replies":[{"embeddable":true,"href":"https:\/\/savasturanci.de\/es\/wp-json\/wp\/v2\/comments?post=439"}],"version-history":[{"count":2,"href":"https:\/\/savasturanci.de\/es\/wp-json\/wp\/v2\/pages\/439\/revisions"}],"predecessor-version":[{"id":609,"href":"https:\/\/savasturanci.de\/es\/wp-json\/wp\/v2\/pages\/439\/revisions\/609"}],"wp:attachment":[{"href":"https:\/\/savasturanci.de\/es\/wp-json\/wp\/v2\/media?parent=439"}],"curies":[{"name":"wp","href":"https:\/\/api.w.org\/{rel}","templated":true}]}}