{"id":787,"date":"2020-11-18T22:06:39","date_gmt":"2020-11-18T22:06:39","guid":{"rendered":"http:\/\/savasturanci.de\/?page_id=787"},"modified":"2022-12-07T00:01:38","modified_gmt":"2022-12-07T00:01:38","slug":"787-2","status":"publish","type":"page","link":"https:\/\/savasturanci.de\/es\/787-2\/","title":{"rendered":"(Deutsch) SMOOTHERAPY \u2013 ULTRA STOP FRIZZ"},"content":{"rendered":"<div class=\"twoclick_social_bookmarks_post_787 social_share_privacy clearfix 1.6.4 locale-es_ES sprite-\"><\/div><div class=\"twoclick-js\"><script type=\"text\/javascript\">\/* <![CDATA[ *\/\njQuery(document).ready(function($){if($('.twoclick_social_bookmarks_post_787')){$('.twoclick_social_bookmarks_post_787').socialSharePrivacy({\"services\":{\"facebook\":{\"status\":\"on\",\"txt_info\":\"2 Klicks f\\u00fcr mehr Datenschutz: Erst wenn Sie hier klicken, wird der Button aktiv und Sie k\\u00f6nnen Ihre Empfehlung an Facebook senden. Schon beim Aktivieren werden Daten an Dritte \\u00fcbertragen - siehe <em>i<\\\/em>.\",\"perma_option\":\"off\",\"action\":\"recommend\",\"language\":null},\"twitter\":{\"reply_to\":\"\",\"tweet_text\":\"%28Deutsch%29%20SMOOTHERAPY%20%E2%80%93%20ULTRA%20STOP%20FRIZZ%20%C2%BB%20My%20CMS\",\"status\":\"on\",\"txt_info\":\"2 Klicks f\\u00fcr mehr Datenschutz: Erst wenn Sie hier klicken, wird der Button aktiv und Sie k\\u00f6nnen Ihre Empfehlung an Twitter senden. Schon beim Aktivieren werden Daten an Dritte \\u00fcbertragen - siehe <em>i<\\\/em>.\",\"perma_option\":\"off\",\"language\":\"en\",\"referrer_track\":\"\"},\"gplus\":{\"status\":\"on\",\"txt_info\":\"2 Klicks f\\u00fcr mehr Datenschutz: Erst wenn Sie hier klicken, wird der Button aktiv und Sie k\\u00f6nnen Ihre Empfehlung an Google+ senden. Schon beim Aktivieren werden Daten an Dritte \\u00fcbertragen - siehe <em>i<\\\/em>.\",\"perma_option\":\"off\",\"referrer_track\":\"\"}},\"txt_help\":\"Wenn Sie diese Felder durch einen Klick aktivieren, werden Informationen an Facebook, Twitter, Flattr, Xing, t3n, LinkedIn, Pinterest oder Google eventuell ins Ausland \\u00fcbertragen und unter Umst\\u00e4nden auch dort gespeichert. N\\u00e4heres erfahren Sie durch einen Klick auf das <em>i<\\\/em>.\",\"settings_perma\":\"Dauerhaft aktivieren und Daten\\u00fcber-tragung zustimmen:\",\"info_link\":\"http:\\\/\\\/www.heise.de\\\/ct\\\/artikel\\\/2-Klicks-fuer-mehr-Datenschutz-1333879.html\",\"uri\":\"https:\\\/\\\/savasturanci.de\\\/es\\\/787-2\\\/\",\"post_id\":787,\"post_title_referrer_track\":\"%28Deutsch%29+SMOOTHERAPY+%E2%80%93+ULTRA+STOP+FRIZZ\",\"display_infobox\":\"on\"});}});\n\/* ]]> *\/<\/script><\/div><div id=\"pl-787\"  class=\"panel-layout\" ><div id=\"pg-787-0\"  class=\"panel-grid panel-has-style\" ><div style=\"padding: 100px 0; \" data-overlay=\"true\" class=\"panel-row-style panel-row-style-for-787-0\" ><div id=\"pgc-787-0-0\"  class=\"panel-grid-cell\" ><div id=\"panel-787-0-0-0\" class=\"so-panel widget widget_sow-image panel-first-child\" data-index=\"0\" ><div style=\"text-align: left;\" data-title-color=\"#443f3f\" data-headings-color=\"#443f3f\" class=\"panel-widget-style panel-widget-style-for-787-0-0-0\" ><div class=\"so-widget-sow-image so-widget-sow-image-default-ad2c8d41f7a1\">\r\n\r\n<div class=\"sow-image-container\">\r\n\t<img loading=\"lazy\" decoding=\"async\" src=\"https:\/\/savasturanci.de\/wp-content\/uploads\/2020\/11\/Keraliss-Smootherapy-Ultra-Stop-FrizzHaar-Gl\u00e4ttung-Savas-Turanci.jpg\" width=\"983\" height=\"346\" srcset=\"https:\/\/savasturanci.de\/wp-content\/uploads\/2020\/11\/Keraliss-Smootherapy-Ultra-Stop-FrizzHaar-Gl\u00e4ttung-Savas-Turanci.jpg 983w, https:\/\/savasturanci.de\/wp-content\/uploads\/2020\/11\/Keraliss-Smootherapy-Ultra-Stop-FrizzHaar-Gl\u00e4ttung-Savas-Turanci-300x106.jpg 300w, https:\/\/savasturanci.de\/wp-content\/uploads\/2020\/11\/Keraliss-Smootherapy-Ultra-Stop-FrizzHaar-Gl\u00e4ttung-Savas-Turanci-768x270.jpg 768w, https:\/\/savasturanci.de\/wp-content\/uploads\/2020\/11\/Keraliss-Smootherapy-Ultra-Stop-FrizzHaar-Gl\u00e4ttung-Savas-Turanci-700x246.jpg 700w, https:\/\/savasturanci.de\/wp-content\/uploads\/2020\/11\/Keraliss-Smootherapy-Ultra-Stop-FrizzHaar-Gl\u00e4ttung-Savas-Turanci-830x292.jpg 830w, https:\/\/savasturanci.de\/wp-content\/uploads\/2020\/11\/Keraliss-Smootherapy-Ultra-Stop-FrizzHaar-Gl\u00e4ttung-Savas-Turanci-230x81.jpg 230w, https:\/\/savasturanci.de\/wp-content\/uploads\/2020\/11\/Keraliss-Smootherapy-Ultra-Stop-FrizzHaar-Gl\u00e4ttung-Savas-Turanci-350x123.jpg 350w, https:\/\/savasturanci.de\/wp-content\/uploads\/2020\/11\/Keraliss-Smootherapy-Ultra-Stop-FrizzHaar-Gl\u00e4ttung-Savas-Turanci-480x169.jpg 480w\" sizes=\"(max-width: 983px) 100vw, 983px\" title=\"KERALISS TECHNIQUE SMOOTHERAPY \u2013 ULTRA STOP FRIZZ, Chemische, Dauerhafte  Gl\u00e4tungsystem  4 bis 7 Wochen Keratinbehandlung Savas Turanci\" alt=\"KERALISS TECHNIQUE SMOOTHERAPY \u2013 ULTRA STOP FRIZZ\" \t\tclass=\"so-widget-image\"\/>\r\n<\/div>\r\n\r\n<\/div><\/div><\/div><div id=\"panel-787-0-0-1\" class=\"so-panel widget widget_sow-editor\" data-index=\"1\" ><div style=\"text-align: left;\" data-title-color=\"#443f3f\" data-headings-color=\"#443f3f\" class=\"panel-widget-style panel-widget-style-for-787-0-0-1\" ><div class=\"so-widget-sow-editor so-widget-sow-editor-base\"><h3 class=\"widget-title\">Smootherapy-Ultra Stop Frizz<\/h3>\n<div class=\"siteorigin-widget-tinymce textwidget\">\n\t<p class=\"western\"><strong>Gl\u00e4tungssystem- Stoppt die Krause<\/strong><br \/>\n<strong>KERALISS TECHNIQUE SMOOTHERAPY \u2013 ULTRA STOP FRIZZ<\/strong><br \/>\n-Lang anhaltende, disziplinierende und rekonstruierende Behandlung.<br \/>\n-Ideal f\u00fcr rebellisches und krauses Haar.<br \/>\n-Vereinfacht die Kontrolle des Volumens und die Reduzierung von Frizz.<br \/>\n-Bietet einen tempor\u00e4ren und nat\u00fcrlichen Gl\u00e4ttungseffekt.<br \/>\n-Enth\u00e4lt Proliss 100H, welches der Haarfaser St\u00e4rke und Widerstandsf\u00e4higkeit verleiht.<br \/>\n-Repariert gesch\u00e4digte Zonen, die eine Rekonstruktion ben\u00f6tigen.<br \/>\n-Mit Triboxyl AAC, ein \u00e4therischer Wirkstoff, der die Haarstruktur repariert.<br \/>\n-Wirkt als Tr\u00e4ger, um einen l\u00e4nger anhaltenden Gl\u00e4tteeffekt zu erzielen.<br \/>\n-Enth\u00e4lt Argan\u00f6l mit Vitamin E, ein nat\u00fcrliches Antioxidans.<br \/>\n-Sch\u00fctzt vor freien Radikalen und sch\u00e4dlichen Umwelteinfl\u00fcssen.<br \/>\n-Mit essentiellen Fetts\u00e4uren, \u00d6ls\u00e4ure und Linols\u00e4urehydrat, welche die Kopfhaut n\u00e4hren und revitalisieren.<br \/>\n-Verleiht dem Haar Glanz und Geschmeidigkeit und stellt seine Elastizit\u00e4t und Spannkraft wieder her.<br \/>\n-Folgen Sie den Gebrauchsempfehlungen.<br \/>\n-Stark saurer pH (1.2 1.7)<br \/>\n-1000 ml 33.8 Fl Oz<\/p>\n<\/div>\n<\/div><\/div><\/div><div id=\"panel-787-0-0-2\" class=\"so-panel widget widget_sow-editor panel-last-child\" data-index=\"2\" ><div style=\"text-align: left;\" data-title-color=\"#443f3f\" data-headings-color=\"#443f3f\" class=\"panel-widget-style panel-widget-style-for-787-0-0-2\" ><div class=\"so-widget-sow-editor so-widget-sow-editor-base\"><h3 class=\"widget-title\">Anwendung von KERALISS TECHNIQUE SMOOTHERAPY \u2013 ULTRA STOP FRIZZ von Savas Turanci<\/h3>\n<div class=\"siteorigin-widget-tinymce textwidget\">\n\t<p>Lang anhaltende, disziplinierende und rekonstruierende Behandlung beruhigt Locken und Krauses Haar, die die Haarstruktur verbessert und sie gleichzeitig tief mit<br \/>\nFeuchtigkeit versorgt und n\u00e4hrt. Ideal f\u00fcr rebellisches und krauses Haar. Bietet einen tempor\u00e4ren und nat\u00fcrlichen Gl\u00e4ttungseffekt. Enth\u00e4lt Proliss 100H,<br \/>\nmit Carbocystein, das den gesch\u00e4digten Teil des Haares repariert und ihm Weichheit, Gl\u00e4tte und ein gl\u00e4nzendes und nat\u00fcrliches Aussehen verleiht.<br \/>\nTriboxyl AAC Pflanzen\u00f6le bauen die Haarfasern auf, was zu einem geordneten Haar f\u00fchrt, wodurch das K\u00e4mmen und die v\u00f6llige Kontrolle des Frizz erleichtert werden. Argan\u00f6l enth\u00e4lt Vitamin E, Antioxidantien und essenzielle Fetts\u00e4uren, die das Haar n\u00e4hren und revitalisieren. Es sorgt f\u00fcr Weichheit und Glanz.<\/p>\n<p align=\"LEFT\"><strong>Anwendung von KERALISS TECHNIQUE SMOOTHERAPY \u2013 ULTRA STOP FRIZZ von Savas Turanci<\/strong><br \/>\nLang anhaltende, disziplinierende und rekonstruierende<br \/>\nLocken und Krauses Haar beruhigende Behandlung, die die Haarstruktur verbessert und sie gleichzeitig tief mit<br \/>\nFeuchtigkeit versorgt und n\u00e4hrt. Ideal f\u00fcr rebellisches und krauses Haar. Bietet einen tempor\u00e4ren und nat\u00fcrlichen Gl\u00e4ttungseffekt. Enth\u00e4lt Proliss 100H,<br \/>\nmit Carbocystein, das den gesch\u00e4digten Teil des Haares repariert und ihm Weichheit, Gl\u00e4tte und ein gl\u00e4nzendes und nat\u00fcrliches Aussehen verleiht.<br \/>\nTriboxyl AAC Pflanzen\u00f6le bauen die Haarfasern auf, was zu einem geordneten Haar f\u00fchrt, wodurch das K\u00e4mmen und die v\u00f6llige Kontrolle des Frizz erleichtert werden. Argan\u00f6l enth\u00e4lt Vitamin E, Antioxidantien und essenzielle Fetts\u00e4uren, die das Haar n\u00e4hren und revitalisieren. Es sorgt f\u00fcr Weichheit und Glanz.<br \/>\n<strong>Anwendung:<\/strong> Das Haar mit Keraliss Technique Keratin Essential Shampoo waschen, um R\u00fcckst\u00e4nde zu entfernen und die Haarkutikula zu \u00f6ffnen.<br \/>\nF\u00fcr die weiteren Schritte das Haar handtuchtrocken vorbereiten, das Haar mit einem F\u00f6hn trocknen. Sobald das Haar komplett trocken ist, in vier Zonen abteilen und das Gl\u00e4ttungsserum Str\u00e4hne f\u00fcr<br \/>\nStr\u00e4hne mit einem Pinsel und den H\u00e4nden auf das Haar auftragen (am Hinterkopf zum Nacken hin beginnend arbeiten) nicht direkt auf die Kopfhaut auftragen. Geeignete Handschuhe verwenden. Jede Str\u00e4hne mit ein Kamm durchk\u00e4mmen.<br \/>\n<strong>Bei nat\u00fcrlichem widerstandsf\u00e4higem Haar<\/strong><br \/>\n1. bis ca. 10 bis 15 Minuten einwirken lassen, dabei den Vorgang beobachten. Das Produkt nur mit Wasser aussp\u00fclen.<br \/>\n2. das komplette Haar mit einer Rundb\u00fcrste oder Paddlebr\u00fcrste 100 % trocken f\u00f6hnen, damit nicht nur das Haar getrocknet wird, sondern auch das Produkt aktiviert wird. Die Hitze soll dabei nicht zu nahe ans Haar gerichtet werden.<br \/>\n3. Die Haare in d\u00fcnne Str\u00e4hnen teilen, je d\u00fcnner, desto gl\u00e4ttender (ruhiger das Ergebnis) ca. 0,5 bis 2 cm dicke Str\u00e4hnen, mit einem Gl\u00e4tteisen bei 180 \u00b0C bis max. 200 \u00b0C so oft wie n\u00f6tig gl\u00e4tten.<br \/>\n4. Das Haar abk\u00fchlen.<br \/>\n5. Die Haare absp\u00fclen, mit Keraliss Technique Keratin Essential Shampoo waschen, danach Keratin Essential Balsam auftragen und 10 Minuten einwirken lassen.<br \/>\n6. Keratin Essential Thermic Hair Protection auftragen, Haare mit Rundb\u00fcrste trocknen oder mit Gl\u00e4tteisen stylen.<br \/>\n<strong>Bei gef\u00e4rbtem bis gebleichtem Haar (bei blondiertem Haar nicht anwenden)<\/strong><br \/>\n1. bis ca. 4 bis 8 Minuten einwirken lassen, dabei den Vorgang beobachten.<br \/>\n2. Das Produkt nur mit Wasser aussp\u00fclen.<br \/>\n3. Mit einem Haartrockner 100 % trocknen.<br \/>\n4. Die Haare in d\u00fcnne Str\u00e4hne teilen und mit einem Gl\u00e4tteisen bei max. 180 \u00b0C so oft wie n\u00f6tig gl\u00e4tten.<br \/>\n5. Das Haar abk\u00fchlen.<br \/>\n5. Die Haare absp\u00fclen, mit Keraliss Technique Keratin Essential Shampoo waschen, danach Keratin Essential Balsam auftragen und 10 Minuten einwirken lassen.<br \/>\n6. Keratin Essential Thermic Hair Protection auftragen und die Haare mit Gl\u00e4tteisen oder Haartrockner stylen.<br \/>\n<strong>Ergebnis:<\/strong> variiert je nach Charakteristika des Haars. Zwischen 90 und 100 % Reduzierung des Volumens und des Frizz bei gewelltem Haar.<br \/>\nZwischen 50 und 60 %, von Locken bei stark lockigem, widerstandsf\u00e4higem Haar.<br \/>\n<strong>Hinweis:<\/strong> Bis mindestens 48 Stunden nach die Haare weder zusammenbinden noch waschen oder sonstiges verarbeiten.<br \/>\n<strong>Wichtig:<\/strong> Bei Haaren mit lockigem Ansatz, mit dem Haartrockner und der B\u00fcrste am Ansatz ansetzen, das Ergebnis zu intensivieren.<br \/>\n<strong>Empfehlungen:<\/strong> Das Produkt stets mit Vorsicht verwenden. Das Mittel vor dem Gebrauch an einer Str\u00e4hne ausprobieren, um die Widerstandsf\u00e4higkeit des Haars festzustellen.<br \/>\nDen direkten Kontakt mit der Kopfhaut vermeiden, falls sie irritiert oder gesch\u00e4digt ist.<\/p>\n<\/div>\n<\/div><\/div><\/div><\/div><\/div><\/div><\/div>","protected":false},"excerpt":{"rendered":"<p>Gl\u00e4tungssystem- Stoppt die Krause KERALISS TECHNIQUE SMOOTHERAPY \u2013 ULTRA STOP FRIZZ -Lang [&hellip;]<\/p>\n","protected":false},"author":1,"featured_media":0,"parent":0,"menu_order":0,"comment_status":"closed","ping_status":"closed","template":"","meta":{"footnotes":""},"_links":{"self":[{"href":"https:\/\/savasturanci.de\/es\/wp-json\/wp\/v2\/pages\/787"}],"collection":[{"href":"https:\/\/savasturanci.de\/es\/wp-json\/wp\/v2\/pages"}],"about":[{"href":"https:\/\/savasturanci.de\/es\/wp-json\/wp\/v2\/types\/page"}],"author":[{"embeddable":true,"href":"https:\/\/savasturanci.de\/es\/wp-json\/wp\/v2\/users\/1"}],"replies":[{"embeddable":true,"href":"https:\/\/savasturanci.de\/es\/wp-json\/wp\/v2\/comments?post=787"}],"version-history":[{"count":10,"href":"https:\/\/savasturanci.de\/es\/wp-json\/wp\/v2\/pages\/787\/revisions"}],"predecessor-version":[{"id":857,"href":"https:\/\/savasturanci.de\/es\/wp-json\/wp\/v2\/pages\/787\/revisions\/857"}],"wp:attachment":[{"href":"https:\/\/savasturanci.de\/es\/wp-json\/wp\/v2\/media?parent=787"}],"curies":[{"name":"wp","href":"https:\/\/api.w.org\/{rel}","templated":true}]}}