{"id":126,"date":"2016-09-13T10:29:21","date_gmt":"2016-09-13T10:29:21","guid":{"rendered":"http:\/\/savasturanci.de\/?page_id=126"},"modified":"2016-11-09T03:42:50","modified_gmt":"2016-11-09T03:42:50","slug":"keraliss-technique-glaettungsystem","status":"publish","type":"page","link":"https:\/\/savasturanci.de\/fr\/keraliss-technique-glaettungsystem\/","title":{"rendered":"Keraliss syst\u00e8me technique de lissage"},"content":{"rendered":"<div class=\"twoclick_social_bookmarks_post_126 social_share_privacy clearfix 1.6.4 locale-fr_FR sprite-\"><\/div><div class=\"twoclick-js\"><script type=\"text\/javascript\">\/* <![CDATA[ *\/\njQuery(document).ready(function($){if($('.twoclick_social_bookmarks_post_126')){$('.twoclick_social_bookmarks_post_126').socialSharePrivacy({\"services\":{\"facebook\":{\"status\":\"on\",\"txt_info\":\"2 Klicks f\\u00fcr mehr Datenschutz: Erst wenn Sie hier klicken, wird der Button aktiv und Sie k\\u00f6nnen Ihre Empfehlung an Facebook senden. Schon beim Aktivieren werden Daten an Dritte \\u00fcbertragen - siehe <em>i<\\\/em>.\",\"perma_option\":\"off\",\"action\":\"recommend\",\"language\":null},\"twitter\":{\"reply_to\":\"\",\"tweet_text\":\"Keraliss%20syst%C3%A8me%20technique%20de%20lissage%20%C2%BB%20My%20CMS\",\"status\":\"on\",\"txt_info\":\"2 Klicks f\\u00fcr mehr Datenschutz: Erst wenn Sie hier klicken, wird der Button aktiv und Sie k\\u00f6nnen Ihre Empfehlung an Twitter senden. Schon beim Aktivieren werden Daten an Dritte \\u00fcbertragen - siehe <em>i<\\\/em>.\",\"perma_option\":\"off\",\"language\":\"en\",\"referrer_track\":\"\"},\"gplus\":{\"status\":\"on\",\"txt_info\":\"2 Klicks f\\u00fcr mehr Datenschutz: Erst wenn Sie hier klicken, wird der Button aktiv und Sie k\\u00f6nnen Ihre Empfehlung an Google+ senden. Schon beim Aktivieren werden Daten an Dritte \\u00fcbertragen - siehe <em>i<\\\/em>.\",\"perma_option\":\"off\",\"referrer_track\":\"\"}},\"txt_help\":\"Wenn Sie diese Felder durch einen Klick aktivieren, werden Informationen an Facebook, Twitter, Flattr, Xing, t3n, LinkedIn, Pinterest oder Google eventuell ins Ausland \\u00fcbertragen und unter Umst\\u00e4nden auch dort gespeichert. N\\u00e4heres erfahren Sie durch einen Klick auf das <em>i<\\\/em>.\",\"settings_perma\":\"Dauerhaft aktivieren und Daten\\u00fcber-tragung zustimmen:\",\"info_link\":\"http:\\\/\\\/www.heise.de\\\/ct\\\/artikel\\\/2-Klicks-fuer-mehr-Datenschutz-1333879.html\",\"uri\":\"https:\\\/\\\/savasturanci.de\\\/fr\\\/keraliss-technique-glaettungsystem\\\/\",\"post_id\":126,\"post_title_referrer_track\":\"Keraliss+syst%C3%A8me+technique+de+lissage\",\"display_infobox\":\"on\"});}});\n\/* ]]> *\/<\/script><\/div><p><a href=\"https:\/\/savasturanci.de\/wp-content\/uploads\/2016\/09\/cabecera_p_28.jpg\" target=\"_blank\"> <img loading=\"lazy\" decoding=\"async\" class=\"so-widget-image\" src=\"https:\/\/savasturanci.de\/wp-content\/uploads\/2016\/09\/cabecera_p_28.jpg\" srcset=\"https:\/\/savasturanci.de\/wp-content\/uploads\/2016\/09\/cabecera_p_28.jpg 983w, https:\/\/savasturanci.de\/wp-content\/uploads\/2016\/09\/cabecera_p_28-300x106.jpg 300w, https:\/\/savasturanci.de\/wp-content\/uploads\/2016\/09\/cabecera_p_28-768x270.jpg 768w, https:\/\/savasturanci.de\/wp-content\/uploads\/2016\/09\/cabecera_p_28-700x246.jpg 700w, https:\/\/savasturanci.de\/wp-content\/uploads\/2016\/09\/cabecera_p_28-830x292.jpg 830w, https:\/\/savasturanci.de\/wp-content\/uploads\/2016\/09\/cabecera_p_28-230x81.jpg 230w, https:\/\/savasturanci.de\/wp-content\/uploads\/2016\/09\/cabecera_p_28-350x123.jpg 350w, https:\/\/savasturanci.de\/wp-content\/uploads\/2016\/09\/cabecera_p_28-480x169.jpg 480w\" width=\"983\" height=\"346\" \/><br \/>\n<\/a><\/p>\n<p>Keraliss Technique Cr\u00e8me de Lissage +\u00a0Keraliss Technique Cr\u00e8me Neutralisant<\/p>\n<p>\u2022\u00a0 Traitement de lissage permanent avec la k\u00e9ratine pour tous types de cheveux, m\u00eame tr\u00e8s boucl\u00e9s ou fris\u00e9s.<br \/>\n\u2022\u00a0 Excellent effet de r\u00e9duction du volume.<br \/>\n\u2022\u00a0 100 % livre de formol.<br \/>\n\u2022\u00a0 Contient: cr\u00e8me de lissage + cr\u00e8me neutralisant.<br \/>\nKeraliss Technique Cr\u00e8me de Lissage<br \/>\n\u2022\u00a0 Elle pr\u00e9pare les cheveux pour \u00eatre liss\u00e9s.<br \/>\n\u2022\u00a0 Elle contient de la k\u00e9ratine qui laisse les cheveux compl\u00e8tement hydrat\u00e9s, soyeux, et tr\u00e8s maniables.<br \/>\n\u2022\u00a0 Avec l&#8217;huile d&#8217;argan, riche en vitamine E<br \/>\net acides gras essentiels, qui nourrit et<br \/>\nrevitalise la fibre capillaire.<br \/>\n\u2022\u00a0 pH alcalin (9,0 \u2013 9,5)<br \/>\n\u2022\u00a0 120 ml 4,2 Oz. \/ 12 u.<br \/>\nKeraliss Technique Cr\u00e8me Neutralisant<br \/>\n\u2022\u00a0 Elle aide \u00e0 r\u00e9gulariser le pH des cheveux.<br \/>\n\u2022\u00a0 Elle fixe et scelle leur nouvelle structure.<br \/>\n\u2022\u00a0 pH acide (2,3 \u2013 3,2)<br \/>\n\u2022\u00a0 120 ml 4,2 Oz. \/ 12 u.<\/p>\n<p>&nbsp;<\/p>\n<p><a href=\"https:\/\/savasturanci.de\/wp-content\/uploads\/2016\/09\/cabecera_p_29.jpg\" target=\"_blank\"> <img loading=\"lazy\" decoding=\"async\" class=\"so-widget-image\" src=\"https:\/\/savasturanci.de\/wp-content\/uploads\/2016\/09\/cabecera_p_29.jpg\" srcset=\"https:\/\/savasturanci.de\/wp-content\/uploads\/2016\/09\/cabecera_p_29.jpg 983w, https:\/\/savasturanci.de\/wp-content\/uploads\/2016\/09\/cabecera_p_29-300x106.jpg 300w, https:\/\/savasturanci.de\/wp-content\/uploads\/2016\/09\/cabecera_p_29-768x270.jpg 768w, https:\/\/savasturanci.de\/wp-content\/uploads\/2016\/09\/cabecera_p_29-700x246.jpg 700w, https:\/\/savasturanci.de\/wp-content\/uploads\/2016\/09\/cabecera_p_29-830x292.jpg 830w, https:\/\/savasturanci.de\/wp-content\/uploads\/2016\/09\/cabecera_p_29-230x81.jpg 230w, https:\/\/savasturanci.de\/wp-content\/uploads\/2016\/09\/cabecera_p_29-350x123.jpg 350w, https:\/\/savasturanci.de\/wp-content\/uploads\/2016\/09\/cabecera_p_29-480x169.jpg 480w\" width=\"983\" height=\"346\" \/><br \/>\n<\/a><\/p>\n<p>KERALISS TECHNIQUE KERATIN ESSENTIAL SHAMPOO<\/p>\n<p>\u2022 Shampooing de k\u00e9ratine qui apporte de la r\u00e9sistance et de la flexibilit\u00e9 \u00e0 la fibre capillaire.<\/p>\n<p>\u2022 Il nettoie en profondeur au m\u00eame temps qu&#8217;il hydrate et scelle la cuticule capillaire.<\/p>\n<p>\u2022 Il pr\u00e9vient le frisage et les pointes ouvertes.<\/p>\n<p>\u2022 Donne \u00e9lasticit\u00e9 et facilite le lissage des cheveux, tant permanent que progressif.<br \/>\n\u2022 Il contribue \u00e0 donner de l\u2019 \u00e9clat et de la douceur aux cheveux gr\u00e2ce \u00e0 l\u2019adoucissant quaternaire.<\/p>\n<p>\u2022 pH neutre (5,8 \u2013 6,6)<\/p>\n<p>\u2022 1000 ml 35 Oz. \/ 4u. 200 doses*<\/p>\n<p>\u2022 300 ml 10,5 Oz. \/ 12u. 60 doses*<\/p>\n<p>&nbsp;<\/p>\n<p><a href=\"https:\/\/savasturanci.de\/wp-content\/uploads\/2016\/09\/cabecera_p_30.jpg\" target=\"_blank\"> <img loading=\"lazy\" decoding=\"async\" class=\"so-widget-image\" src=\"https:\/\/savasturanci.de\/wp-content\/uploads\/2016\/09\/cabecera_p_30.jpg\" srcset=\"https:\/\/savasturanci.de\/wp-content\/uploads\/2016\/09\/cabecera_p_30.jpg 983w, https:\/\/savasturanci.de\/wp-content\/uploads\/2016\/09\/cabecera_p_30-300x106.jpg 300w, https:\/\/savasturanci.de\/wp-content\/uploads\/2016\/09\/cabecera_p_30-768x270.jpg 768w, https:\/\/savasturanci.de\/wp-content\/uploads\/2016\/09\/cabecera_p_30-700x246.jpg 700w, https:\/\/savasturanci.de\/wp-content\/uploads\/2016\/09\/cabecera_p_30-830x292.jpg 830w, https:\/\/savasturanci.de\/wp-content\/uploads\/2016\/09\/cabecera_p_30-230x81.jpg 230w, https:\/\/savasturanci.de\/wp-content\/uploads\/2016\/09\/cabecera_p_30-350x123.jpg 350w, https:\/\/savasturanci.de\/wp-content\/uploads\/2016\/09\/cabecera_p_30-480x169.jpg 480w\" width=\"983\" height=\"346\" \/><br \/>\n<\/a><\/p>\n<p>KERALISS TECHNIQUE KERATIN ESSENTIAL BALM<br \/>\n\u2022\u00a0 Baume adoucissant de k\u00e9ratine qui restructure et r\u00e9g\u00e9n\u00e8re la fibre capillaire.<br \/>\n\u2022\u00a0 Il contient D \u2013 panthenol, qui retient l\u2019humidit\u00e9 dans les cheveux, en leur donnant \u00e9lasticit\u00e9 et de l\u2019\u00e9clat.<br \/>\n\u2022\u00a0 Il aide au lissage des cheveux, tant permanent que progressif.<br \/>\n\u2022\u00a0 pH l\u00e9g\u00e8rement acide (4,6 \u2013 5,5)<br \/>\n\u2022\u00a0 1000 ml 35 Oz. \/ 4u.\u00a0 200 doses*<br \/>\n\u2022\u00a0 300 ml 10,5 Oz. \/ 12u.\u00a0 60 doses*<\/p>\n<p>&nbsp;<\/p>\n<p><a href=\"https:\/\/savasturanci.de\/wp-content\/uploads\/2016\/09\/cabecera_p_45.jpg\" target=\"_blank\"> <img loading=\"lazy\" decoding=\"async\" class=\"so-widget-image\" src=\"https:\/\/savasturanci.de\/wp-content\/uploads\/2016\/09\/cabecera_p_45.jpg\" srcset=\"https:\/\/savasturanci.de\/wp-content\/uploads\/2016\/09\/cabecera_p_45.jpg 983w, https:\/\/savasturanci.de\/wp-content\/uploads\/2016\/09\/cabecera_p_45-300x106.jpg 300w, https:\/\/savasturanci.de\/wp-content\/uploads\/2016\/09\/cabecera_p_45-768x270.jpg 768w, https:\/\/savasturanci.de\/wp-content\/uploads\/2016\/09\/cabecera_p_45-700x246.jpg 700w, https:\/\/savasturanci.de\/wp-content\/uploads\/2016\/09\/cabecera_p_45-830x292.jpg 830w, https:\/\/savasturanci.de\/wp-content\/uploads\/2016\/09\/cabecera_p_45-230x81.jpg 230w, https:\/\/savasturanci.de\/wp-content\/uploads\/2016\/09\/cabecera_p_45-350x123.jpg 350w, https:\/\/savasturanci.de\/wp-content\/uploads\/2016\/09\/cabecera_p_45-480x169.jpg 480w\" alt=\"KERALISS TECHNIQUE Keratin Essential Thermic Hair Protection\" width=\"983\" height=\"346\" \/><br \/>\n<\/a><\/p>\n<p>KERALISS TECHNIQUE\u00a0 KERATIN ESSENTIAL THERMIC\u00a0 HAIR PROTECTION<br \/>\n\u2022\u00a0 Protecteur thermique capillaire.<br \/>\n\u2022\u00a0 pH l\u00e9g\u00e8rement acide (4,5 \u2013 5,4)<br \/>\n\u2022\u00a0 Il contient de la k\u00e9ratine, qui prot\u00e8ge les cheveux de la chaleur produit par les plaques ou le s\u00e9choir.<br \/>\n\u2022\u00a0 Il fournit un \u00e9clat intense, un toucher soyeux et un lissage plus durable, tant permanent que progressif.<br \/>\n\u2022\u00a0 Ne graisse pas les cheveux.<br \/>\n\u2022\u00a0 200 ml 7.0 Oz. \/ 24 u. 40 doses*<\/p>\n<p>&nbsp;<\/p>","protected":false},"excerpt":{"rendered":"<p>Keraliss Technique Cr\u00e8me de Lissage +\u00a0Keraliss Technique Cr\u00e8me Neutralisant \u2022\u00a0 Traitement de [&hellip;]<\/p>\n","protected":false},"author":1,"featured_media":0,"parent":0,"menu_order":0,"comment_status":"closed","ping_status":"closed","template":"page-templates\/page_fullwidth.php","meta":{"footnotes":""},"_links":{"self":[{"href":"https:\/\/savasturanci.de\/fr\/wp-json\/wp\/v2\/pages\/126"}],"collection":[{"href":"https:\/\/savasturanci.de\/fr\/wp-json\/wp\/v2\/pages"}],"about":[{"href":"https:\/\/savasturanci.de\/fr\/wp-json\/wp\/v2\/types\/page"}],"author":[{"embeddable":true,"href":"https:\/\/savasturanci.de\/fr\/wp-json\/wp\/v2\/users\/1"}],"replies":[{"embeddable":true,"href":"https:\/\/savasturanci.de\/fr\/wp-json\/wp\/v2\/comments?post=126"}],"version-history":[{"count":38,"href":"https:\/\/savasturanci.de\/fr\/wp-json\/wp\/v2\/pages\/126\/revisions"}],"predecessor-version":[{"id":686,"href":"https:\/\/savasturanci.de\/fr\/wp-json\/wp\/v2\/pages\/126\/revisions\/686"}],"wp:attachment":[{"href":"https:\/\/savasturanci.de\/fr\/wp-json\/wp\/v2\/media?parent=126"}],"curies":[{"name":"wp","href":"https:\/\/api.w.org\/{rel}","templated":true}]}}