{"id":15,"date":"2016-09-01T21:09:12","date_gmt":"2016-09-01T21:09:12","guid":{"rendered":"http:\/\/savasturanci.de\/?page_id=15"},"modified":"2016-11-08T17:11:47","modified_gmt":"2016-11-08T17:11:47","slug":"haftungsausschluss","status":"publish","type":"page","link":"https:\/\/savasturanci.de\/fr\/haftungsausschluss\/","title":{"rendered":"d\u00e9sistement"},"content":{"rendered":"<p><\/p>\n<pre id=\"tw-target-text\" class=\"tw-data-text tw-ta tw-text-small\" dir=\"ltr\" data-placeholder=\"\u00dcbersetzung\" data-fulltext=\"\"><span lang=\"fr\">Responsabilit\u00e9 pour le contenu<\/span><\/pre>\n<pre class=\"tw-data-text tw-ta tw-text-small\" dir=\"ltr\" data-placeholder=\"\u00dcbersetzung\" data-fulltext=\"\"><span lang=\"fr\">Le contenu de ces pages ont \u00e9t\u00e9 cr\u00e9\u00e9es avec beaucoup de soin. Pour l'exactitude, l'exhaustivit\u00e9 et l'actualit\u00e9 du contenu, <\/span><\/pre>\n<pre class=\"tw-data-text tw-ta tw-text-small\" dir=\"ltr\" data-placeholder=\"\u00dcbersetzung\" data-fulltext=\"\"><span lang=\"fr\">nous ne pouvons prendre aucune responsabilit\u00e9. En tant que prestataire de services, <\/span><\/pre>\n<pre class=\"tw-data-text tw-ta tw-text-small\" dir=\"ltr\" data-placeholder=\"\u00dcbersetzung\" data-fulltext=\"\"><span lang=\"fr\">nous sommes responsables selon \u00a7 7 1 TMG pour leurs propres contenus sur ces pages en vertu des lois g\u00e9n\u00e9rales. <\/span><\/pre>\n<pre class=\"tw-data-text tw-ta tw-text-small\" dir=\"ltr\" data-placeholder=\"\u00dcbersetzung\" data-fulltext=\"\"><span lang=\"fr\">Selon \u00a7\u00a7 8 \u00e0 10 TMG, nous ne sommes pas tenus en tant que prestataire de services pour surveiller les informations transmises ou stock\u00e9es, <\/span><\/pre>\n<pre class=\"tw-data-text tw-ta tw-text-small\" dir=\"ltr\" data-placeholder=\"\u00dcbersetzung\" data-fulltext=\"\"><span lang=\"fr\">ou pour enqu\u00eater sur les circonstances qui indiquent une activit\u00e9 ill\u00e9gale. <\/span><\/pre>\n<pre class=\"tw-data-text tw-ta tw-text-small\" dir=\"ltr\" data-placeholder=\"\u00dcbersetzung\" data-fulltext=\"\"><span lang=\"fr\">Obligations pour supprimer ou bloquer l'utilisation de l'information en vertu des lois g\u00e9n\u00e9rales restent inchang\u00e9es. <\/span><\/pre>\n<pre class=\"tw-data-text tw-ta tw-text-small\" dir=\"ltr\" data-placeholder=\"\u00dcbersetzung\" data-fulltext=\"\"><span lang=\"fr\">Toutefois, un passif correspondant est possible qu'\u00e0 partir de la date de la connaissance d'une infraction sp\u00e9cifique. <\/span><\/pre>\n<pre class=\"tw-data-text tw-ta tw-text-small\" dir=\"ltr\" data-placeholder=\"\u00dcbersetzung\" data-fulltext=\"\"><span lang=\"fr\">D\u00e8s la notification de ces violations, nous allons supprimer le contenu imm\u00e9diatement.<\/span><\/pre>\n<p><\/p>","protected":false},"excerpt":{"rendered":"<p>Responsabilit\u00e9 pour le contenu Le contenu de ces pages ont \u00e9t\u00e9 cr\u00e9\u00e9es [&hellip;]<\/p>\n","protected":false},"author":1,"featured_media":0,"parent":0,"menu_order":0,"comment_status":"closed","ping_status":"closed","template":"","meta":{"footnotes":""},"_links":{"self":[{"href":"https:\/\/savasturanci.de\/fr\/wp-json\/wp\/v2\/pages\/15"}],"collection":[{"href":"https:\/\/savasturanci.de\/fr\/wp-json\/wp\/v2\/pages"}],"about":[{"href":"https:\/\/savasturanci.de\/fr\/wp-json\/wp\/v2\/types\/page"}],"author":[{"embeddable":true,"href":"https:\/\/savasturanci.de\/fr\/wp-json\/wp\/v2\/users\/1"}],"replies":[{"embeddable":true,"href":"https:\/\/savasturanci.de\/fr\/wp-json\/wp\/v2\/comments?post=15"}],"version-history":[{"count":2,"href":"https:\/\/savasturanci.de\/fr\/wp-json\/wp\/v2\/pages\/15\/revisions"}],"predecessor-version":[{"id":269,"href":"https:\/\/savasturanci.de\/fr\/wp-json\/wp\/v2\/pages\/15\/revisions\/269"}],"wp:attachment":[{"href":"https:\/\/savasturanci.de\/fr\/wp-json\/wp\/v2\/media?parent=15"}],"curies":[{"name":"wp","href":"https:\/\/api.w.org\/{rel}","templated":true}]}}