{"id":431,"date":"2017-01-30T00:01:42","date_gmt":"2017-01-30T00:01:42","guid":{"rendered":"http:\/\/savasturanci.de\/?page_id=431"},"modified":"2017-02-27T23:16:18","modified_gmt":"2017-02-27T23:16:18","slug":"basis","status":"publish","type":"page","link":"https:\/\/savasturanci.de\/fr\/basis\/","title":{"rendered":"(Deutsch) Basis"},"content":{"rendered":"<div id=\"pl-431\"  class=\"panel-layout\" ><div id=\"pg-431-0\"  class=\"panel-grid panel-has-style\" ><div style=\"padding: 100px 0; \" data-overlay=\"true\" class=\"panel-row-style panel-row-style-for-431-0\" ><div id=\"pgc-431-0-0\"  class=\"panel-grid-cell\" ><div id=\"panel-431-0-0-0\" class=\"so-panel widget widget_sow-editor panel-first-child panel-last-child\" data-index=\"0\" ><div class=\"so-widget-sow-editor so-widget-sow-editor-base\"><h3 class=\"widget-title\">Soluci\u00f3n Puntas serum reparador HAARSPITZEN SERUM<\/h3>\n<div class=\"siteorigin-widget-tinymce textwidget\">\n\t<p><img loading=\"lazy\" decoding=\"async\" class=\"aligncenter wp-image-507 size-full\" src=\"https:\/\/savasturanci.de\/wp-content\/uploads\/2017\/02\/SOLUTION-PUNTAS-REPAIRING-SERUM-HAARSPITZEN-SERUM-Haarspliss-nichtfettend_Banner-Savas-Turanci.jpg\" alt=\"SOLUTION PUNTAS REPAIRING SERUM-HAARSPITZEN SERUM Haarspliss, nichtfettend_Banner Savas Turanci\" width=\"983\" height=\"346\" srcset=\"https:\/\/savasturanci.de\/wp-content\/uploads\/2017\/02\/SOLUTION-PUNTAS-REPAIRING-SERUM-HAARSPITZEN-SERUM-Haarspliss-nichtfettend_Banner-Savas-Turanci.jpg 983w, https:\/\/savasturanci.de\/wp-content\/uploads\/2017\/02\/SOLUTION-PUNTAS-REPAIRING-SERUM-HAARSPITZEN-SERUM-Haarspliss-nichtfettend_Banner-Savas-Turanci-300x106.jpg 300w, https:\/\/savasturanci.de\/wp-content\/uploads\/2017\/02\/SOLUTION-PUNTAS-REPAIRING-SERUM-HAARSPITZEN-SERUM-Haarspliss-nichtfettend_Banner-Savas-Turanci-768x270.jpg 768w, https:\/\/savasturanci.de\/wp-content\/uploads\/2017\/02\/SOLUTION-PUNTAS-REPAIRING-SERUM-HAARSPITZEN-SERUM-Haarspliss-nichtfettend_Banner-Savas-Turanci-700x246.jpg 700w, https:\/\/savasturanci.de\/wp-content\/uploads\/2017\/02\/SOLUTION-PUNTAS-REPAIRING-SERUM-HAARSPITZEN-SERUM-Haarspliss-nichtfettend_Banner-Savas-Turanci-830x292.jpg 830w, https:\/\/savasturanci.de\/wp-content\/uploads\/2017\/02\/SOLUTION-PUNTAS-REPAIRING-SERUM-HAARSPITZEN-SERUM-Haarspliss-nichtfettend_Banner-Savas-Turanci-230x81.jpg 230w, https:\/\/savasturanci.de\/wp-content\/uploads\/2017\/02\/SOLUTION-PUNTAS-REPAIRING-SERUM-HAARSPITZEN-SERUM-Haarspliss-nichtfettend_Banner-Savas-Turanci-350x123.jpg 350w, https:\/\/savasturanci.de\/wp-content\/uploads\/2017\/02\/SOLUTION-PUNTAS-REPAIRING-SERUM-HAARSPITZEN-SERUM-Haarspliss-nichtfettend_Banner-Savas-Turanci-480x169.jpg 480w\" sizes=\"(max-width: 983px) 100vw, 983px\" \/><br \/>-durchsichtige, nichtfettende Silikonemulsion<br \/>-besonders geeignet bei Haarspliss, br\u00fcchigem Haar oder bei gesch\u00e4digter Cuticula<br \/>-Hitzeschutz und Sonnenschutz<br \/>-nach der Haarw\u00e4sche 3 - 4 Tropfen in die H\u00e4nde verreiben und in das Haar einmassieren<br \/>-nicht aussp\u00fclen<br \/>-30 ml. 1,0 Oz. \/\u00a0 15 St\u00fcck Ca. 60 Anwendungen*<\/p>\n<\/div>\n<\/div><\/div><\/div><\/div><\/div><div id=\"pg-431-1\"  class=\"panel-grid panel-has-style\" ><div style=\"padding: 100px 0; \" data-overlay=\"true\" class=\"panel-row-style panel-row-style-for-431-1\" ><div id=\"pgc-431-1-0\"  class=\"panel-grid-cell\" ><div id=\"panel-431-1-0-0\" class=\"so-panel widget widget_sow-editor panel-first-child panel-last-child\" data-index=\"1\" ><div class=\"so-widget-sow-editor so-widget-sow-editor-base\"><h3 class=\"widget-title\">CLEYBELL REINIGUNGSGEL F\u00dcR DIE H\u00c4NDE<\/h3>\n<div class=\"siteorigin-widget-tinymce textwidget\">\n\t<p><img loading=\"lazy\" decoding=\"async\" class=\"wp-image-504 size-full aligncenter\" src=\"https:\/\/savasturanci.de\/wp-content\/uploads\/2017\/02\/gel-limpiador-de-manos_Handwasch-Gel-Savas-Turanci.jpg\" alt=\"gel limpiador de manos_Handwasch Gel-Savas Turanci\" width=\"983\" height=\"346\" srcset=\"https:\/\/savasturanci.de\/wp-content\/uploads\/2017\/02\/gel-limpiador-de-manos_Handwasch-Gel-Savas-Turanci.jpg 983w, https:\/\/savasturanci.de\/wp-content\/uploads\/2017\/02\/gel-limpiador-de-manos_Handwasch-Gel-Savas-Turanci-300x106.jpg 300w, https:\/\/savasturanci.de\/wp-content\/uploads\/2017\/02\/gel-limpiador-de-manos_Handwasch-Gel-Savas-Turanci-768x270.jpg 768w, https:\/\/savasturanci.de\/wp-content\/uploads\/2017\/02\/gel-limpiador-de-manos_Handwasch-Gel-Savas-Turanci-700x246.jpg 700w, https:\/\/savasturanci.de\/wp-content\/uploads\/2017\/02\/gel-limpiador-de-manos_Handwasch-Gel-Savas-Turanci-830x292.jpg 830w, https:\/\/savasturanci.de\/wp-content\/uploads\/2017\/02\/gel-limpiador-de-manos_Handwasch-Gel-Savas-Turanci-230x81.jpg 230w, https:\/\/savasturanci.de\/wp-content\/uploads\/2017\/02\/gel-limpiador-de-manos_Handwasch-Gel-Savas-Turanci-350x123.jpg 350w, https:\/\/savasturanci.de\/wp-content\/uploads\/2017\/02\/gel-limpiador-de-manos_Handwasch-Gel-Savas-Turanci-480x169.jpg 480w\" sizes=\"(max-width: 983px) 100vw, 983px\" \/><br \/>-selbsttrocknendes Reinigungsgel f\u00fcr die Hygiene der H\u00e4nde<br \/>-mit einer hohen Alkoholkonzentration, f\u00fcr eine tiefgehende Reinigung <br \/>-schnelle Absorbierung, hinterl\u00e4sst keine R\u00fcckst\u00e4nde <br \/>-enth\u00e4lt Glyzerin, das die nat\u00fcrliche Feuchigkeit der Haut unterst\u00fctzt<br \/>-dezenter fruchtiger Duft<br \/>-es ist nicht n\u00f6tig, mit Wasser nachzusp\u00fclen<br \/>-pH neutral 5,8 \u2013 6,2<br \/>- 500 ml. 16,8 Fl Oz \/ 16 u<\/p>\n<\/div>\n<\/div><\/div><\/div><\/div><\/div><div id=\"pg-431-2\"  class=\"panel-grid panel-has-style\" ><div style=\"padding: 100px 0; \" data-overlay=\"true\" class=\"panel-row-style panel-row-style-for-431-2\" ><div id=\"pgc-431-2-0\"  class=\"panel-grid-cell\" ><div id=\"panel-431-2-0-0\" class=\"so-panel widget widget_sow-editor panel-first-child panel-last-child\" data-index=\"2\" ><div class=\"so-widget-sow-editor so-widget-sow-editor-base\"><h3 class=\"widget-title\">BIFASE - ZWEI PHASEN SPR\u00dcHKONDITIONER<\/h3>\n<div class=\"siteorigin-widget-tinymce textwidget\">\n\t<p><img loading=\"lazy\" decoding=\"async\" class=\"aligncenter wp-image-503 size-full\" src=\"https:\/\/savasturanci.de\/wp-content\/uploads\/2017\/02\/Bifase-2-Phasen-Spr\u00fchpflege-acondicionador_Banner_Savas-Turanci.jpg\" alt=\"Bifase 2 Phasen Spr\u00fchpflege acondicionador_Banner_Savas Turanci\" width=\"983\" height=\"346\" srcset=\"https:\/\/savasturanci.de\/wp-content\/uploads\/2017\/02\/Bifase-2-Phasen-Spr\u00fchpflege-acondicionador_Banner_Savas-Turanci.jpg 983w, https:\/\/savasturanci.de\/wp-content\/uploads\/2017\/02\/Bifase-2-Phasen-Spr\u00fchpflege-acondicionador_Banner_Savas-Turanci-300x106.jpg 300w, https:\/\/savasturanci.de\/wp-content\/uploads\/2017\/02\/Bifase-2-Phasen-Spr\u00fchpflege-acondicionador_Banner_Savas-Turanci-768x270.jpg 768w, https:\/\/savasturanci.de\/wp-content\/uploads\/2017\/02\/Bifase-2-Phasen-Spr\u00fchpflege-acondicionador_Banner_Savas-Turanci-700x246.jpg 700w, https:\/\/savasturanci.de\/wp-content\/uploads\/2017\/02\/Bifase-2-Phasen-Spr\u00fchpflege-acondicionador_Banner_Savas-Turanci-830x292.jpg 830w, https:\/\/savasturanci.de\/wp-content\/uploads\/2017\/02\/Bifase-2-Phasen-Spr\u00fchpflege-acondicionador_Banner_Savas-Turanci-230x81.jpg 230w, https:\/\/savasturanci.de\/wp-content\/uploads\/2017\/02\/Bifase-2-Phasen-Spr\u00fchpflege-acondicionador_Banner_Savas-Turanci-350x123.jpg 350w, https:\/\/savasturanci.de\/wp-content\/uploads\/2017\/02\/Bifase-2-Phasen-Spr\u00fchpflege-acondicionador_Banner_Savas-Turanci-480x169.jpg 480w\" sizes=\"(max-width: 983px) 100vw, 983px\" \/>-zweiphasen Spr\u00fchkonditioner, macht das Haar leichter k\u00e4mmbar<br \/>-besteht aus quatern\u00e4re Pflegesubstanzen und kationische Weichmacher die sich beim Mischen ihre Eigenschaften kombinieren<br \/>-besonders geeignet f\u00fcr trockenes, gef\u00e4rbtes oder dauergewelltes Haar<br \/>-verleiht dem Haar Flexibilit\u00e4t, Geschmeidigkeit und Glanz<br \/>-vor der Anwendung gut sch\u00fctteln um die zwei Phasen zu mischen.<br \/>-nicht aussp\u00fclen.<br \/>-pH-Wert sauer (2,8 - 3,5)<br \/>-300 ml. 10 Fl. Oz. \/ 40 Stk.\u00a0 Ca. 150 Anwendungen*<\/p>\n<\/div>\n<\/div><\/div><\/div><\/div><\/div><div id=\"pg-431-3\"  class=\"panel-grid panel-has-style\" ><div style=\"padding: 100px 0; \" data-overlay=\"true\" class=\"panel-row-style panel-row-style-for-431-3\" ><div id=\"pgc-431-3-0\"  class=\"panel-grid-cell\" ><div id=\"panel-431-3-0-0\" class=\"so-panel widget widget_sow-editor panel-first-child panel-last-child\" data-index=\"3\" ><div class=\"so-widget-sow-editor so-widget-sow-editor-base\">\n<div class=\"siteorigin-widget-tinymce textwidget\">\n\t<\/div>\n<\/div><\/div><\/div><\/div><\/div><\/div>","protected":false},"excerpt":{"rendered":"<p>-durchsichtige, nichtfettende Silikonemulsion-besonders geeignet bei Haarspliss, br\u00fcchigem Haar oder bei gesch\u00e4digter Cuticula-Hitzeschutz [&hellip;]<\/p>\n","protected":false},"author":1,"featured_media":0,"parent":0,"menu_order":0,"comment_status":"closed","ping_status":"closed","template":"","meta":{"footnotes":""},"_links":{"self":[{"href":"https:\/\/savasturanci.de\/fr\/wp-json\/wp\/v2\/pages\/431"}],"collection":[{"href":"https:\/\/savasturanci.de\/fr\/wp-json\/wp\/v2\/pages"}],"about":[{"href":"https:\/\/savasturanci.de\/fr\/wp-json\/wp\/v2\/types\/page"}],"author":[{"embeddable":true,"href":"https:\/\/savasturanci.de\/fr\/wp-json\/wp\/v2\/users\/1"}],"replies":[{"embeddable":true,"href":"https:\/\/savasturanci.de\/fr\/wp-json\/wp\/v2\/comments?post=431"}],"version-history":[{"count":2,"href":"https:\/\/savasturanci.de\/fr\/wp-json\/wp\/v2\/pages\/431\/revisions"}],"predecessor-version":[{"id":608,"href":"https:\/\/savasturanci.de\/fr\/wp-json\/wp\/v2\/pages\/431\/revisions\/608"}],"wp:attachment":[{"href":"https:\/\/savasturanci.de\/fr\/wp-json\/wp\/v2\/media?parent=431"}],"curies":[{"name":"wp","href":"https:\/\/api.w.org\/{rel}","templated":true}]}}