{"id":861,"date":"2023-03-19T21:02:04","date_gmt":"2023-03-19T21:02:04","guid":{"rendered":"http:\/\/savasturanci.de\/?page_id=861"},"modified":"2023-04-19T22:34:12","modified_gmt":"2023-04-19T22:34:12","slug":"neuer-oberbuergermeister-fuer-die-stadt-gaggenau","status":"publish","type":"page","link":"https:\/\/savasturanci.de\/fr\/","title":{"rendered":"(Deutsch) DER  PUSTER Hochgeschwindigkeits- Haartrockner von SAVAS TURANCI"},"content":{"rendered":"<div class=\"twoclick_social_bookmarks_post_861 social_share_privacy clearfix 1.6.4 locale-fr_FR sprite-\"><\/div><div class=\"twoclick-js\"><script type=\"text\/javascript\">\/* <![CDATA[ *\/\njQuery(document).ready(function($){if($('.twoclick_social_bookmarks_post_861')){$('.twoclick_social_bookmarks_post_861').socialSharePrivacy({\"services\":{\"facebook\":{\"status\":\"on\",\"txt_info\":\"2 Klicks f\\u00fcr mehr Datenschutz: Erst wenn Sie hier klicken, wird der Button aktiv und Sie k\\u00f6nnen Ihre Empfehlung an Facebook senden. Schon beim Aktivieren werden Daten an Dritte \\u00fcbertragen - siehe <em>i<\\\/em>.\",\"perma_option\":\"off\",\"action\":\"recommend\",\"language\":null},\"twitter\":{\"reply_to\":\"\",\"tweet_text\":\"%20%28Deutsch%29%20DER%20%20PUSTER%20Hochgeschwindigkeits-%20Haartrockner%20von%20SAVAS%20TURANCI%20%C2%BB%20My%20...\",\"status\":\"on\",\"txt_info\":\"2 Klicks f\\u00fcr mehr Datenschutz: Erst wenn Sie hier klicken, wird der Button aktiv und Sie k\\u00f6nnen Ihre Empfehlung an Twitter senden. Schon beim Aktivieren werden Daten an Dritte \\u00fcbertragen - siehe <em>i<\\\/em>.\",\"perma_option\":\"off\",\"language\":\"en\",\"referrer_track\":\"\"},\"gplus\":{\"status\":\"on\",\"txt_info\":\"2 Klicks f\\u00fcr mehr Datenschutz: Erst wenn Sie hier klicken, wird der Button aktiv und Sie k\\u00f6nnen Ihre Empfehlung an Google+ senden. Schon beim Aktivieren werden Daten an Dritte \\u00fcbertragen - siehe <em>i<\\\/em>.\",\"perma_option\":\"off\",\"referrer_track\":\"\"}},\"txt_help\":\"Wenn Sie diese Felder durch einen Klick aktivieren, werden Informationen an Facebook, Twitter, Flattr, Xing, t3n, LinkedIn, Pinterest oder Google eventuell ins Ausland \\u00fcbertragen und unter Umst\\u00e4nden auch dort gespeichert. N\\u00e4heres erfahren Sie durch einen Klick auf das <em>i<\\\/em>.\",\"settings_perma\":\"Dauerhaft aktivieren und Daten\\u00fcber-tragung zustimmen:\",\"info_link\":\"http:\\\/\\\/www.heise.de\\\/ct\\\/artikel\\\/2-Klicks-fuer-mehr-Datenschutz-1333879.html\",\"uri\":\"https:\\\/\\\/savasturanci.de\\\/fr\\\/\",\"post_id\":861,\"post_title_referrer_track\":\"%28Deutsch%29+DER++PUSTER+Hochgeschwindigkeits-+Haartrockner+von+SAVAS+TURANCI\",\"display_infobox\":\"on\"});}});\n\/* ]]> *\/<\/script><\/div><div id=\"pl-861\"  class=\"panel-layout\" ><div id=\"pg-861-0\"  class=\"panel-grid panel-has-style\" ><div style=\"padding: 100px 0; \" data-overlay=\"true\" data-overlay-color=\"#000000\" class=\"panel-row-style panel-row-style-for-861-0\" ><div id=\"pgc-861-0-0\"  class=\"panel-grid-cell\" ><div id=\"panel-861-0-0-0\" class=\"so-panel widget widget_sow-editor panel-first-child\" data-index=\"0\" ><div style=\"text-align: left;\" data-title-color=\"#443f3f\" data-headings-color=\"#443f3f\" class=\"panel-widget-style panel-widget-style-for-861-0-0-0\" ><div class=\"so-widget-sow-editor so-widget-sow-editor-base\">\n<div class=\"siteorigin-widget-tinymce textwidget\">\n\t<p>MERKMALE<\/p>\n<p>Ausgestattet mit einem superschnellen b\u00fcrstenlosen Hochgeschwindigkeits-Gleichstrommotor mit 110.000 U \/ min erreicht die Windgeschwindigkeit 22 m\/s.<br \/>\nIntelligente Temperaturregelungstechnologie<br \/>\n<span class=\"hiddenSpellError\">Th<\/span> e r m o<span class=\"hiddenGrammarError\"> - <\/span>C o n t r o l m i c r o p r o c e s s o r m o n i t o r s<br \/>\ndie Lufttemperatur 100 Mal pro Sekunde und nimmt pr\u00e4zise Anpassungen vor, um Haarsch\u00e4den zu vermeiden. Ionen Generator.<br \/>\nLuftstrom mit 200 Millionen negativen Ionen f\u00fcr ein glattes, gl\u00e4nzendes Finish.<\/p>\n<p>Rauscharm: Maximal 59dB. Sie werden sich bei der Verwendung dieses Haartrockners wohlf\u00fchlen und die Ruhe Ihrer Familie nicht st\u00f6ren.<br \/>\nSchnelles Trocknen: Ein starker Luftstrom und ein gro\u00dfes Luftvolumen k\u00f6nnen das Haar in kurzer Zeit trocknen. 3x schneller als herk\u00f6mmliche Haartrockner. Es dauert <span class=\"hiddenGrammarError\">1-6<\/span> Minuten, um das Haar zu trocknen, je nach Haarl\u00e4nge und -dicke.<br \/>\nSpeicherfunktion der Temperaturregelung: Wenn der Haartrockner <span class=\"hiddenSpellError\">aus-<\/span> und wieder eingeschaltet wird, arbeitet er gem\u00e4\u00df der zuletzt gew\u00e4hlten Temperatureinstellung.<br \/>\n2 Geschwindigkeitseinstellungen: Starke und sanfte Luft f\u00fcr schnelles Trocknen und einfaches Styling.<\/p>\n<p>3 Temperatureinstellungen: F\u00fcr alle Haartypen und Texturen.<br \/>\n3-farbige LED-Klee Ring-Temperaturanzeige: wird entsprechend die unterschiedlichen Temperaturen angezeigt.<br \/>\n-Rot f\u00fcr 80\u2103\/176\u2109 Hei\u00dfluft<br \/>\n-Orange f\u00fcr 50\u2103\/122\u2109 Warmluft<br \/>\n-Gr\u00fcn f\u00fcr Kaltluft.<br \/>\nSpeicherfunktion der Temperaturregelung, wenn der Haartrockner <span class=\"hiddenSpellError\">aus-<\/span> und wieder eingeschaltet wird, arbeitet er gem\u00e4\u00df der zuletzt gew\u00e4hlten Temperatureinstellung wieder weiter.<br \/>\nKompaktes Design und geringes Gewicht wiegt nur 407 Gramm und ist weniger als 28 cm lang. Ideal f\u00fcr zu Hause und unterwegs.<br \/>\nErh\u00e4ltlich in 3 Farben.<br \/>\n<strong>Bei Interesse zum Gro\u00dfhandel und Einzelhandel Einkauf wenden Sie sich per E-Mail an <a href=\"mailto:Savasturanci@gmail.com\">Savasturanci@gmail.com<\/a><\/strong><\/p>\n<\/div>\n<\/div><\/div><\/div><div id=\"panel-861-0-0-1\" class=\"so-panel widget widget_sow-image\" data-index=\"1\" ><div style=\"text-align: left;\" data-title-color=\"#443f3f\" data-headings-color=\"#443f3f\" class=\"panel-widget-style panel-widget-style-for-861-0-0-1\" ><div class=\"so-widget-sow-image so-widget-sow-image-default-05ac108fa4e0\">\r\n\r\n<div class=\"sow-image-container\">\r\n\t<img loading=\"lazy\" decoding=\"async\" src=\"https:\/\/savasturanci.de\/wp-content\/uploads\/2023\/04\/der-puster_pink_savas_turanci-300x300.jpg\" width=\"300\" height=\"300\" srcset=\"https:\/\/savasturanci.de\/wp-content\/uploads\/2023\/04\/der-puster_pink_savas_turanci-300x300.jpg 300w, https:\/\/savasturanci.de\/wp-content\/uploads\/2023\/04\/der-puster_pink_savas_turanci-150x150.jpg 150w, https:\/\/savasturanci.de\/wp-content\/uploads\/2023\/04\/der-puster_pink_savas_turanci-768x768.jpg 768w, https:\/\/savasturanci.de\/wp-content\/uploads\/2023\/04\/der-puster_pink_savas_turanci-700x700.jpg 700w, https:\/\/savasturanci.de\/wp-content\/uploads\/2023\/04\/der-puster_pink_savas_turanci-230x230.jpg 230w, https:\/\/savasturanci.de\/wp-content\/uploads\/2023\/04\/der-puster_pink_savas_turanci-350x350.jpg 350w, https:\/\/savasturanci.de\/wp-content\/uploads\/2023\/04\/der-puster_pink_savas_turanci-480x480.jpg 480w, https:\/\/savasturanci.de\/wp-content\/uploads\/2023\/04\/der-puster_pink_savas_turanci.jpg 800w\" sizes=\"(max-width: 300px) 100vw, 300px\" title=\"DER PUSTER PINK\" alt=\"DER PUSTER PINK\" \t\tclass=\"so-widget-image\"\/>\r\n<\/div>\r\n\r\n<\/div><\/div><\/div><div id=\"panel-861-0-0-2\" class=\"so-panel widget widget_sow-image\" data-index=\"2\" ><div style=\"text-align: left;\" data-title-color=\"#443f3f\" data-headings-color=\"#443f3f\" class=\"panel-widget-style panel-widget-style-for-861-0-0-2\" ><div class=\"so-widget-sow-image so-widget-sow-image-default-05ac108fa4e0\">\r\n\r\n<div class=\"sow-image-container\">\r\n\t<img loading=\"lazy\" decoding=\"async\" src=\"https:\/\/savasturanci.de\/wp-content\/uploads\/2023\/04\/der-puster_weis_savas_turanci-300x300.jpg\" width=\"300\" height=\"300\" srcset=\"https:\/\/savasturanci.de\/wp-content\/uploads\/2023\/04\/der-puster_weis_savas_turanci-300x300.jpg 300w, https:\/\/savasturanci.de\/wp-content\/uploads\/2023\/04\/der-puster_weis_savas_turanci-150x150.jpg 150w, https:\/\/savasturanci.de\/wp-content\/uploads\/2023\/04\/der-puster_weis_savas_turanci-768x768.jpg 768w, https:\/\/savasturanci.de\/wp-content\/uploads\/2023\/04\/der-puster_weis_savas_turanci-700x700.jpg 700w, https:\/\/savasturanci.de\/wp-content\/uploads\/2023\/04\/der-puster_weis_savas_turanci-230x230.jpg 230w, https:\/\/savasturanci.de\/wp-content\/uploads\/2023\/04\/der-puster_weis_savas_turanci-350x350.jpg 350w, https:\/\/savasturanci.de\/wp-content\/uploads\/2023\/04\/der-puster_weis_savas_turanci-480x480.jpg 480w, https:\/\/savasturanci.de\/wp-content\/uploads\/2023\/04\/der-puster_weis_savas_turanci.jpg 800w\" sizes=\"(max-width: 300px) 100vw, 300px\" title=\"DER PUSTER Wei\u00df\" alt=\"DER PUSTER WEI\u00df\" \t\tclass=\"so-widget-image\"\/>\r\n<\/div>\r\n\r\n<\/div><\/div><\/div><div id=\"panel-861-0-0-3\" class=\"so-panel widget widget_sow-image\" data-index=\"3\" ><div style=\"text-align: left;\" data-title-color=\"#443f3f\" data-headings-color=\"#443f3f\" class=\"panel-widget-style panel-widget-style-for-861-0-0-3\" ><div class=\"so-widget-sow-image so-widget-sow-image-default-05ac108fa4e0\">\r\n\r\n<div class=\"sow-image-container\">\r\n\t<img loading=\"lazy\" decoding=\"async\" src=\"https:\/\/savasturanci.de\/wp-content\/uploads\/2023\/04\/der-puster_grau_savas_turanci-300x300.jpg\" width=\"300\" height=\"300\" srcset=\"https:\/\/savasturanci.de\/wp-content\/uploads\/2023\/04\/der-puster_grau_savas_turanci-300x300.jpg 300w, https:\/\/savasturanci.de\/wp-content\/uploads\/2023\/04\/der-puster_grau_savas_turanci-150x150.jpg 150w, https:\/\/savasturanci.de\/wp-content\/uploads\/2023\/04\/der-puster_grau_savas_turanci-768x768.jpg 768w, https:\/\/savasturanci.de\/wp-content\/uploads\/2023\/04\/der-puster_grau_savas_turanci-700x700.jpg 700w, https:\/\/savasturanci.de\/wp-content\/uploads\/2023\/04\/der-puster_grau_savas_turanci-230x230.jpg 230w, https:\/\/savasturanci.de\/wp-content\/uploads\/2023\/04\/der-puster_grau_savas_turanci-350x350.jpg 350w, https:\/\/savasturanci.de\/wp-content\/uploads\/2023\/04\/der-puster_grau_savas_turanci-480x480.jpg 480w, https:\/\/savasturanci.de\/wp-content\/uploads\/2023\/04\/der-puster_grau_savas_turanci.jpg 800w\" sizes=\"(max-width: 300px) 100vw, 300px\" title=\"DER PUSTER GRAU\" alt=\"DER PUSTER GRAU\" \t\tclass=\"so-widget-image\"\/>\r\n<\/div>\r\n\r\n<\/div><\/div><\/div><div id=\"panel-861-0-0-4\" class=\"so-panel widget widget_sow-image panel-last-child\" data-index=\"4\" ><div style=\"text-align: left;\" data-title-color=\"#443f3f\" data-headings-color=\"#443f3f\" class=\"panel-widget-style panel-widget-style-for-861-0-0-4\" ><div class=\"so-widget-sow-image so-widget-sow-image-default-05ac108fa4e0\">\r\n\r\n<div class=\"sow-image-container\">\r\n\t<img loading=\"lazy\" decoding=\"async\" src=\"https:\/\/savasturanci.de\/wp-content\/uploads\/2023\/04\/der-puster_grau_savas_turanci_alle-farben-300x300.jpg\" width=\"300\" height=\"300\" srcset=\"https:\/\/savasturanci.de\/wp-content\/uploads\/2023\/04\/der-puster_grau_savas_turanci_alle-farben-300x300.jpg 300w, https:\/\/savasturanci.de\/wp-content\/uploads\/2023\/04\/der-puster_grau_savas_turanci_alle-farben-150x150.jpg 150w, https:\/\/savasturanci.de\/wp-content\/uploads\/2023\/04\/der-puster_grau_savas_turanci_alle-farben-768x768.jpg 768w, https:\/\/savasturanci.de\/wp-content\/uploads\/2023\/04\/der-puster_grau_savas_turanci_alle-farben-700x700.jpg 700w, https:\/\/savasturanci.de\/wp-content\/uploads\/2023\/04\/der-puster_grau_savas_turanci_alle-farben-230x230.jpg 230w, https:\/\/savasturanci.de\/wp-content\/uploads\/2023\/04\/der-puster_grau_savas_turanci_alle-farben-350x350.jpg 350w, https:\/\/savasturanci.de\/wp-content\/uploads\/2023\/04\/der-puster_grau_savas_turanci_alle-farben-480x480.jpg 480w, https:\/\/savasturanci.de\/wp-content\/uploads\/2023\/04\/der-puster_grau_savas_turanci_alle-farben.jpg 800w\" sizes=\"(max-width: 300px) 100vw, 300px\" title=\"DER PUSTER alle Farben\" alt=\"DER PUSTER alle Farben\" \t\tclass=\"so-widget-image\"\/>\r\n<\/div>\r\n\r\n<\/div><\/div><\/div><\/div><\/div><\/div><\/div>","protected":false},"excerpt":{"rendered":"<p>MERKMALE Ausgestattet mit einem superschnellen b\u00fcrstenlosen Hochgeschwindigkeits-Gleichstrommotor mit 110.000 U \/ min [&hellip;]<\/p>\n","protected":false},"author":1,"featured_media":0,"parent":0,"menu_order":0,"comment_status":"closed","ping_status":"closed","template":"","meta":{"footnotes":""},"_links":{"self":[{"href":"https:\/\/savasturanci.de\/fr\/wp-json\/wp\/v2\/pages\/861"}],"collection":[{"href":"https:\/\/savasturanci.de\/fr\/wp-json\/wp\/v2\/pages"}],"about":[{"href":"https:\/\/savasturanci.de\/fr\/wp-json\/wp\/v2\/types\/page"}],"author":[{"embeddable":true,"href":"https:\/\/savasturanci.de\/fr\/wp-json\/wp\/v2\/users\/1"}],"replies":[{"embeddable":true,"href":"https:\/\/savasturanci.de\/fr\/wp-json\/wp\/v2\/comments?post=861"}],"version-history":[{"count":41,"href":"https:\/\/savasturanci.de\/fr\/wp-json\/wp\/v2\/pages\/861\/revisions"}],"predecessor-version":[{"id":922,"href":"https:\/\/savasturanci.de\/fr\/wp-json\/wp\/v2\/pages\/861\/revisions\/922"}],"wp:attachment":[{"href":"https:\/\/savasturanci.de\/fr\/wp-json\/wp\/v2\/media?parent=861"}],"curies":[{"name":"wp","href":"https:\/\/api.w.org\/{rel}","templated":true}]}}