{"id":126,"date":"2016-09-13T10:29:21","date_gmt":"2016-09-13T10:29:21","guid":{"rendered":"http:\/\/savasturanci.de\/?page_id=126"},"modified":"2016-11-09T03:42:50","modified_gmt":"2016-11-09T03:42:50","slug":"keraliss-technique-glaettungsystem","status":"publish","type":"page","link":"https:\/\/savasturanci.de\/hr\/keraliss-technique-glaettungsystem\/","title":{"rendered":"Keraliss tehnika zagla\u0111ivanje sustav"},"content":{"rendered":"<div class=\"twoclick_social_bookmarks_post_126 social_share_privacy clearfix 1.6.4 locale-hr sprite-\"><\/div><div class=\"twoclick-js\"><script type=\"text\/javascript\">\/* <![CDATA[ *\/\njQuery(document).ready(function($){if($('.twoclick_social_bookmarks_post_126')){$('.twoclick_social_bookmarks_post_126').socialSharePrivacy({\"services\":{\"facebook\":{\"status\":\"on\",\"txt_info\":\"2 Klicks f\\u00fcr mehr Datenschutz: Erst wenn Sie hier klicken, wird der Button aktiv und Sie k\\u00f6nnen Ihre Empfehlung an Facebook senden. Schon beim Aktivieren werden Daten an Dritte \\u00fcbertragen - siehe <em>i<\\\/em>.\",\"perma_option\":\"off\",\"action\":\"recommend\",\"language\":null},\"twitter\":{\"reply_to\":\"\",\"tweet_text\":\"Keraliss%20tehnika%20zagla%C4%91ivanje%20sustav%20%C2%BB%20My%20CMS\",\"status\":\"on\",\"txt_info\":\"2 Klicks f\\u00fcr mehr Datenschutz: Erst wenn Sie hier klicken, wird der Button aktiv und Sie k\\u00f6nnen Ihre Empfehlung an Twitter senden. Schon beim Aktivieren werden Daten an Dritte \\u00fcbertragen - siehe <em>i<\\\/em>.\",\"perma_option\":\"off\",\"language\":\"en\",\"referrer_track\":\"\"},\"gplus\":{\"status\":\"on\",\"txt_info\":\"2 Klicks f\\u00fcr mehr Datenschutz: Erst wenn Sie hier klicken, wird der Button aktiv und Sie k\\u00f6nnen Ihre Empfehlung an Google+ senden. Schon beim Aktivieren werden Daten an Dritte \\u00fcbertragen - siehe <em>i<\\\/em>.\",\"perma_option\":\"off\",\"referrer_track\":\"\"}},\"txt_help\":\"Wenn Sie diese Felder durch einen Klick aktivieren, werden Informationen an Facebook, Twitter, Flattr, Xing, t3n, LinkedIn, Pinterest oder Google eventuell ins Ausland \\u00fcbertragen und unter Umst\\u00e4nden auch dort gespeichert. N\\u00e4heres erfahren Sie durch einen Klick auf das <em>i<\\\/em>.\",\"settings_perma\":\"Dauerhaft aktivieren und Daten\\u00fcber-tragung zustimmen:\",\"info_link\":\"http:\\\/\\\/www.heise.de\\\/ct\\\/artikel\\\/2-Klicks-fuer-mehr-Datenschutz-1333879.html\",\"uri\":\"https:\\\/\\\/savasturanci.de\\\/hr\\\/keraliss-technique-glaettungsystem\\\/\",\"post_id\":126,\"post_title_referrer_track\":\"Keraliss+tehnika+zagla%C4%91ivanje+sustav\",\"display_infobox\":\"on\"});}});\n\/* ]]> *\/<\/script><\/div><p><img loading=\"lazy\" decoding=\"async\" class=\"so-widget-image\" src=\"https:\/\/savasturanci.de\/wp-content\/uploads\/2016\/09\/cabecera_p_28.jpg\" srcset=\"https:\/\/savasturanci.de\/wp-content\/uploads\/2016\/09\/cabecera_p_28.jpg 983w, https:\/\/savasturanci.de\/wp-content\/uploads\/2016\/09\/cabecera_p_28-300x106.jpg 300w, https:\/\/savasturanci.de\/wp-content\/uploads\/2016\/09\/cabecera_p_28-768x270.jpg 768w, https:\/\/savasturanci.de\/wp-content\/uploads\/2016\/09\/cabecera_p_28-700x246.jpg 700w, https:\/\/savasturanci.de\/wp-content\/uploads\/2016\/09\/cabecera_p_28-830x292.jpg 830w, https:\/\/savasturanci.de\/wp-content\/uploads\/2016\/09\/cabecera_p_28-230x81.jpg 230w, https:\/\/savasturanci.de\/wp-content\/uploads\/2016\/09\/cabecera_p_28-350x123.jpg 350w, https:\/\/savasturanci.de\/wp-content\/uploads\/2016\/09\/cabecera_p_28-480x169.jpg 480w\" width=\"983\" height=\"346\" \/><br \/>\n<span id=\"result_box\" class=\"\" lang=\"hr\" tabindex=\"-1\">Keraliss Tehnika Ravnanje krema +\u00a0Tehnika krema Keraliss neutralizator<\/span><\/p>\n<p>\u2022 Tretman trajnog ravnanja od Keratin za sve tipove kose, \u010dak i vrlo valovita ili kovr\u010dava.<br \/>\n\u2022 Savr\u0161eno <span class=\"\">smanjenje<\/span> glasno\u0107e.<br \/>\n\u2022 100% bez formaldehida.<br \/>\n\u2022 Komponente: + krema relaxer neutralizaciju.<br \/>\nKeraliss Tehnika Ravnanje krema<br \/>\n\u2022 Pripremite kosu za izgla\u0111en.<br \/>\n\u2022 Sadr\u017ei keratin za pru\u017eanje hidratacija, upravljivost i u\u010dinak svila.<br \/>\n\u2022 arganovim uljem, oboga\u0107ena <span class=\"\">vitamina<\/span> E i esencijalne masne kiseline<span class=\"\">, <\/span>koji hrani i revitalizira kosu zanoktica.<br \/>\n\u2022 alkalni pH (9,0 do 9,5)<br \/>\n\u2022 120 ml 4,2 oz. \/ 12 u.<br \/>\nTehnika krema Keraliss neutralizator<br \/>\n\u2022 Pomo\u0107 normalizira pH kose.<br \/>\n\u2022 Brave i brtvi novu strukturu.<br \/>\n\u2022 pH kiselina (2,3 do 3,2)<br \/>\n\u2022 120 ml 4,2 oz. \/ 12 <span class=\"\">u.<\/span><\/p>\n<p>&nbsp;<\/p>\n<p><a href=\"https:\/\/savasturanci.de\/wp-content\/uploads\/2016\/09\/cabecera_p_29.jpg\" target=\"_blank\"> <img loading=\"lazy\" decoding=\"async\" class=\"so-widget-image\" src=\"https:\/\/savasturanci.de\/wp-content\/uploads\/2016\/09\/cabecera_p_29.jpg\" srcset=\"https:\/\/savasturanci.de\/wp-content\/uploads\/2016\/09\/cabecera_p_29.jpg 983w, https:\/\/savasturanci.de\/wp-content\/uploads\/2016\/09\/cabecera_p_29-300x106.jpg 300w, https:\/\/savasturanci.de\/wp-content\/uploads\/2016\/09\/cabecera_p_29-768x270.jpg 768w, https:\/\/savasturanci.de\/wp-content\/uploads\/2016\/09\/cabecera_p_29-700x246.jpg 700w, https:\/\/savasturanci.de\/wp-content\/uploads\/2016\/09\/cabecera_p_29-830x292.jpg 830w, https:\/\/savasturanci.de\/wp-content\/uploads\/2016\/09\/cabecera_p_29-230x81.jpg 230w, https:\/\/savasturanci.de\/wp-content\/uploads\/2016\/09\/cabecera_p_29-350x123.jpg 350w, https:\/\/savasturanci.de\/wp-content\/uploads\/2016\/09\/cabecera_p_29-480x169.jpg 480w\" width=\"983\" height=\"346\" \/><br \/>\n<\/a>KERALISS TECHNIQUE KERATIN ESSENTIAL SHAMPOO<\/p>\n<p>\u2022 <span lang=\"hr-HR\">keratinski \u0161ampon, koji pru\u017ea snagu i fleksibilnost kose vlakana.<br \/>\n\u2022 Duboko \u010disti dok vla\u017ei i brtvi kose zanoktica.<br \/>\n\u2022 Sprje\u010dava kovr\u010da i split zavr\u0161ava.<br \/>\n\u2022 Osigurava elasti\u010dnost i olak\u0161ava ravnanje kose, i trajna i progresivna.<br \/>\n\u2022 To uklju\u010duje kvaterni ure\u0111aj koji dodaje sjaj i meko\u0107u kose.<br \/>\n\u2022 neutralni pH (5,8 do 6,6)<br \/>\n\u2022 1000 ml 35 oz. \/ 4U. 200 aplikacije *<br \/>\n\u2022 300 ml 10,5 oz. \/ 12U. 60 aplikacije *<\/span><\/p>\n<p><a href=\"https:\/\/savasturanci.de\/wp-content\/uploads\/2016\/09\/cabecera_p_30.jpg\" target=\"_blank\"> <img loading=\"lazy\" decoding=\"async\" class=\"so-widget-image\" src=\"https:\/\/savasturanci.de\/wp-content\/uploads\/2016\/09\/cabecera_p_30.jpg\" srcset=\"https:\/\/savasturanci.de\/wp-content\/uploads\/2016\/09\/cabecera_p_30.jpg 983w, https:\/\/savasturanci.de\/wp-content\/uploads\/2016\/09\/cabecera_p_30-300x106.jpg 300w, https:\/\/savasturanci.de\/wp-content\/uploads\/2016\/09\/cabecera_p_30-768x270.jpg 768w, https:\/\/savasturanci.de\/wp-content\/uploads\/2016\/09\/cabecera_p_30-700x246.jpg 700w, https:\/\/savasturanci.de\/wp-content\/uploads\/2016\/09\/cabecera_p_30-830x292.jpg 830w, https:\/\/savasturanci.de\/wp-content\/uploads\/2016\/09\/cabecera_p_30-230x81.jpg 230w, https:\/\/savasturanci.de\/wp-content\/uploads\/2016\/09\/cabecera_p_30-350x123.jpg 350w, https:\/\/savasturanci.de\/wp-content\/uploads\/2016\/09\/cabecera_p_30-480x169.jpg 480w\" width=\"983\" height=\"346\" \/><br \/>\n<\/a>KERALISS TECHNIQUE KERATIN ESSENTIAL BALM<\/p>\n<p>\u2022 <span lang=\"hr-HR\">Balsam ure\u0111aj keratin koji restrukturira i obnavlja kosu vlakana.<br \/>\n\u2022 Sadr\u017ei D &#8211; pantenol koji zadr\u017eava vlagu u kosi, pru\u017eaju\u0107i elasti\u010dnost i sjaj.<br \/>\n\u2022 Olak\u0161ava ravnanje kose, i trajna i progresivna.<br \/>\n\u2022 malo kiseline pH (4.6 do 5.5)<br \/>\n\u2022 1000 ml 35 oz. \/ 4U. 200 aplikacije *<br \/>\n\u2022 300 ml 10,5 oz. \/ 12U. 60 aplikacije *<\/span><\/p>\n<p><a href=\"https:\/\/savasturanci.de\/wp-content\/uploads\/2016\/09\/cabecera_p_45.jpg\" target=\"_blank\"> <img loading=\"lazy\" decoding=\"async\" class=\"so-widget-image\" src=\"https:\/\/savasturanci.de\/wp-content\/uploads\/2016\/09\/cabecera_p_45.jpg\" srcset=\"https:\/\/savasturanci.de\/wp-content\/uploads\/2016\/09\/cabecera_p_45.jpg 983w, https:\/\/savasturanci.de\/wp-content\/uploads\/2016\/09\/cabecera_p_45-300x106.jpg 300w, https:\/\/savasturanci.de\/wp-content\/uploads\/2016\/09\/cabecera_p_45-768x270.jpg 768w, https:\/\/savasturanci.de\/wp-content\/uploads\/2016\/09\/cabecera_p_45-700x246.jpg 700w, https:\/\/savasturanci.de\/wp-content\/uploads\/2016\/09\/cabecera_p_45-830x292.jpg 830w, https:\/\/savasturanci.de\/wp-content\/uploads\/2016\/09\/cabecera_p_45-230x81.jpg 230w, https:\/\/savasturanci.de\/wp-content\/uploads\/2016\/09\/cabecera_p_45-350x123.jpg 350w, https:\/\/savasturanci.de\/wp-content\/uploads\/2016\/09\/cabecera_p_45-480x169.jpg 480w\" alt=\"KERALISS TECHNIQUE Keratin Essential Thermic Hair Protection\" width=\"983\" height=\"346\" \/><br \/>\n<\/a>KERALISS TECHNIQUE Keratin Essential Thermic Hair Protection<\/p>\n<p>\u2022 <span lang=\"hr-HR\">kapilarna toplinska za\u0161titnik.<br \/>\n\u2022 malo kiseline pH (4.5 do 5.4)<br \/>\n\u2022 Sadr\u017ei keratin koji zatvara kutikulu \u0161titi kosu od topline od \u017eeljeza ili kosu.<br \/>\n\u2022 Pru\u017ea visokog sjaja, svilenkasti dodir i trajnije ravnanje, kako trajno i progresivno.<br \/>\n\u2022 Nemasna kose.<br \/>\n\u2022 200 ml 7,0 oz. \/ 24 u. 40 aplikacije *<\/span><\/p>\n<p><span class=\"\">\u00a0<\/span><\/p>","protected":false},"excerpt":{"rendered":"<p>Keraliss Tehnika Ravnanje krema +\u00a0Tehnika krema Keraliss neutralizator \u2022 Tretman trajnog ravnanja [&hellip;]<\/p>\n","protected":false},"author":1,"featured_media":0,"parent":0,"menu_order":0,"comment_status":"closed","ping_status":"closed","template":"page-templates\/page_fullwidth.php","meta":{"footnotes":""},"_links":{"self":[{"href":"https:\/\/savasturanci.de\/hr\/wp-json\/wp\/v2\/pages\/126"}],"collection":[{"href":"https:\/\/savasturanci.de\/hr\/wp-json\/wp\/v2\/pages"}],"about":[{"href":"https:\/\/savasturanci.de\/hr\/wp-json\/wp\/v2\/types\/page"}],"author":[{"embeddable":true,"href":"https:\/\/savasturanci.de\/hr\/wp-json\/wp\/v2\/users\/1"}],"replies":[{"embeddable":true,"href":"https:\/\/savasturanci.de\/hr\/wp-json\/wp\/v2\/comments?post=126"}],"version-history":[{"count":38,"href":"https:\/\/savasturanci.de\/hr\/wp-json\/wp\/v2\/pages\/126\/revisions"}],"predecessor-version":[{"id":686,"href":"https:\/\/savasturanci.de\/hr\/wp-json\/wp\/v2\/pages\/126\/revisions\/686"}],"wp:attachment":[{"href":"https:\/\/savasturanci.de\/hr\/wp-json\/wp\/v2\/media?parent=126"}],"curies":[{"name":"wp","href":"https:\/\/api.w.org\/{rel}","templated":true}]}}