{"id":22,"date":"2016-09-01T23:05:51","date_gmt":"2016-09-01T23:05:51","guid":{"rendered":"http:\/\/savasturanci.de\/?page_id=22"},"modified":"2017-03-02T20:47:38","modified_gmt":"2017-03-02T20:47:38","slug":"top-marken","status":"publish","type":"page","link":"https:\/\/savasturanci.de\/hr\/top-marken\/","title":{"rendered":"(Deutsch) Top Marken"},"content":{"rendered":"<div id=\"pl-22\"  class=\"panel-layout\" ><div id=\"pg-22-0\"  class=\"panel-grid panel-has-style\" ><div style=\"padding: 100px 0; \" data-overlay=\"true\" class=\"panel-row-style panel-row-style-for-22-0\" ><div id=\"pgc-22-0-0\"  class=\"panel-grid-cell\" ><div id=\"panel-22-0-0-0\" class=\"so-panel widget widget_sow-layout-slider panel-first-child panel-last-child\" data-index=\"0\" ><div class=\"so-widget-sow-layout-slider so-widget-sow-layout-slider-default-35751b7dcd84\"><div class=\"sow-slider-base \" style=\"display: none\"><ul class=\"sow-slider-images\" data-settings=\"{&quot;pagination&quot;:true,&quot;speed&quot;:5000,&quot;timeout&quot;:500,&quot;swipe&quot;:true,&quot;nav_always_show_mobile&quot;:&quot;&quot;,&quot;breakpoint&quot;:&quot;780px&quot;}\">\t\t<li class=\"sow-slider-image  sow-slider-image-cover\" style=\"background-color: #efefef;background-image: url(https:\/\/savasturanci.de\/wp-content\/uploads\/2016\/09\/Hullabaloo-MODO30-Modo10-Haarfarbe-Tuben-Haarkult-savas-turanci.jpg);cursor: pointer;\" data-url=\"{&quot;url&quot;:&quot;http:\\\/\\\/savasturanci.de\\\/hullabaloo\\\/&quot;,&quot;new_window&quot;:true}\" >\r\n\t\t\t\t\t<div class=\"sow-slider-image-container\">\r\n\t\t\t<div class=\"sow-slider-image-wrapper\">\r\n\t\t\t\t<div id=\"pl-w630badbb\"  class=\"panel-layout\" ><div id=\"pg-w630badbb-0\"  class=\"panel-grid panel-has-style\" ><div style=\"padding: 100px 0; \" data-overlay=\"true\" class=\"panel-row-style panel-row-style-for-w630badbb-0\" ><div id=\"pgc-w630badbb-0-0\"  class=\"panel-grid-cell\" ><div id=\"panel-w630badbb-0-0-0\" class=\"so-panel widget widget_sydney_action sydney_action_widget panel-first-child panel-last-child\" data-index=\"0\" >        <div class=\"roll-promobox \">\r\n\t\t\t<div class=\"promo-wrap\">\r\n\t\t\t\t\t\t\t\t<div class=\"promo-content\">\r\n\t\t\t\t\t<h3 class=\"title\">W\u00e4hle das Produkt<\/h3>\r\n\t\t\t\t<\/div>\r\n\t\t\t\t\t\t\t\t<div class=\"promo-controls\">\r\n\t\t\t\t\t<a href=\"\" class=\"roll-button border\"><\/a>\r\n\t\t\t\t<\/div>\r\n\t\t\t<\/div>\r\n        <\/div>\r\n\t<\/div><\/div><\/div><\/div><\/div>\t\t\t<\/div>\r\n\t\t<\/div>\r\n\t\t\t\t<\/li>\r\n\t\t\t\t<li class=\"sow-slider-image  sow-slider-image-cover\" style=\"background-color: #f7f7f7;background-image: url(https:\/\/savasturanci.de\/wp-content\/uploads\/2016\/09\/KAS-EYE-BROW-PEN-SAVAS-TURANCI-1133_SEHR-GUT-_2.jpg);cursor: pointer;\" data-url=\"{&quot;url&quot;:&quot;http:\\\/\\\/savasturanci.de\\\/kas-eye-brow-pen\\\/&quot;,&quot;new_window&quot;:true}\" >\r\n\t\t\t\t\t<div class=\"sow-slider-image-container\">\r\n\t\t\t<div class=\"sow-slider-image-wrapper\">\r\n\t\t\t\t<div id=\"pl-waa982319\"  class=\"panel-layout\" ><div id=\"pg-waa982319-0\"  class=\"panel-grid panel-has-style\" ><div style=\"padding: 100px 0; \" data-overlay=\"true\" class=\"panel-row-style panel-row-style-for-waa982319-0\" ><div id=\"pgc-waa982319-0-0\"  class=\"panel-grid-cell\" ><div id=\"panel-waa982319-0-0-0\" class=\"so-panel widget widget_sydney_action sydney_action_widget panel-first-child panel-last-child\" data-index=\"0\" >        <div class=\"roll-promobox \">\r\n\t\t\t<div class=\"promo-wrap\">\r\n\t\t\t\t\t\t\t\t<div class=\"promo-content\">\r\n\t\t\t\t\t<h3 class=\"title\">Klick f\u00fcr KAS Augenbrauenstift<\/h3>\r\n\t\t\t\t<\/div>\r\n\t\t\t\t\t\t\t\t<div class=\"promo-controls\">\r\n\t\t\t\t\t<a href=\"https:\/\/savasturanci.de\/kas-eye-brow-pen\/\" class=\"roll-button border\">KAS Augenbrauenstift<\/a>\r\n\t\t\t\t<\/div>\r\n\t\t\t<\/div>\r\n        <\/div>\r\n\t<\/div><\/div><\/div><\/div><\/div>\t\t\t<\/div>\r\n\t\t<\/div>\r\n\t\t\t\t<\/li>\r\n\t\t\t\t<li class=\"sow-slider-image  sow-slider-image-cover\" style=\"background-color: #f7f7f7;background-image: url(https:\/\/savasturanci.de\/wp-content\/uploads\/2016\/09\/Kohle-Kajal-Alle-Farben_Savas-Turanci.jpg);cursor: pointer;\" data-url=\"{&quot;url&quot;:&quot;http:\\\/\\\/savasturanci.de\\\/sheida\\\/&quot;,&quot;new_window&quot;:true}\" >\r\n\t\t\t\t\t<div class=\"sow-slider-image-container\">\r\n\t\t\t<div class=\"sow-slider-image-wrapper\">\r\n\t\t\t\t<div id=\"pl-wca309bbf\"  class=\"panel-layout\" ><div id=\"pg-wca309bbf-0\"  class=\"panel-grid panel-has-style\" ><div style=\"padding: 100px 0; \" data-overlay=\"true\" class=\"panel-row-style panel-row-style-for-wca309bbf-0\" ><div id=\"pgc-wca309bbf-0-0\"  class=\"panel-grid-cell\" ><div id=\"panel-wca309bbf-0-0-0\" class=\"so-panel widget widget_sydney_action sydney_action_widget panel-first-child panel-last-child\" data-index=\"0\" >        <div class=\"roll-promobox \">\r\n\t\t\t<div class=\"promo-wrap\">\r\n\t\t\t\t\t\t\t\t<div class=\"promo-content\">\r\n\t\t\t\t\t<h3 class=\"title\">Klick f\u00fcr Sheida Mineral Dekorative Kosmetik<\/h3>\r\n\t\t\t\t<\/div>\r\n\t\t\t\t\t\t\t\t<div class=\"promo-controls\">\r\n\t\t\t\t\t<a href=\"https:\/\/savasturanci.de\/sheida\/\" class=\"roll-button border\">Sheida Germany <\/a>\r\n\t\t\t\t<\/div>\r\n\t\t\t<\/div>\r\n        <\/div>\r\n\t<\/div><\/div><\/div><\/div><\/div>\t\t\t<\/div>\r\n\t\t<\/div>\r\n\t\t\t\t<\/li>\r\n\t\t\t\t<li class=\"sow-slider-image  sow-slider-image-cover\" style=\"background-color: #f7f7f7;background-image: url(https:\/\/savasturanci.de\/wp-content\/uploads\/2017\/01\/Millenium-Touch-Wet-Acqua-Style-Ultrastarker-GEL.jpg);cursor: pointer;\" data-url=\"{&quot;url&quot;:&quot;http:\\\/\\\/savasturanci.de\\\/alcantara-cosmetica\\\/&quot;,&quot;new_window&quot;:true}\" >\r\n\t\t\t\t\t<div class=\"sow-slider-image-container\">\r\n\t\t\t<div class=\"sow-slider-image-wrapper\">\r\n\t\t\t\t<div id=\"pl-wec71e717\"  class=\"panel-layout\" ><div id=\"pg-wec71e717-0\"  class=\"panel-grid panel-has-style\" ><div style=\"padding: 100px 0; \" data-overlay=\"true\" class=\"panel-row-style panel-row-style-for-wec71e717-0\" ><div id=\"pgc-wec71e717-0-0\"  class=\"panel-grid-cell\" ><div id=\"panel-wec71e717-0-0-0\" class=\"so-panel widget widget_sydney_action sydney_action_widget panel-first-child panel-last-child\" data-index=\"0\" >        <div class=\"roll-promobox \">\r\n\t\t\t<div class=\"promo-wrap\">\r\n\t\t\t\t\t\t\t\t<div class=\"promo-content\">\r\n\t\t\t\t\t<h3 class=\"title\">Klcik f\u00fcr Alcantara Haar und Haut Kosmetik<\/h3>\r\n\t\t\t\t<\/div>\r\n\t\t\t\t\t\t\t\t<div class=\"promo-controls\">\r\n\t\t\t\t\t<a href=\"https:\/\/savasturanci.de\/alcantara-cosmetica\/\" class=\"roll-button border\">Alcantara Cosmetica Germany <\/a>\r\n\t\t\t\t<\/div>\r\n\t\t\t<\/div>\r\n        <\/div>\r\n\t<\/div><\/div><\/div><\/div><\/div>\t\t\t<\/div>\r\n\t\t<\/div>\r\n\t\t\t\t<\/li>\r\n\t\t<\/ul>\t\t\t\t<ol class=\"sow-slider-pagination\">\r\n\t\t\t\t\t\t\t\t\t\t\t<li><a href=\"#\" data-goto=\"0\" aria-label=\"display slide 1\">1<\/a><\/li>\r\n\t\t\t\t\t\t\t\t\t\t\t<li><a href=\"#\" data-goto=\"1\" aria-label=\"display slide 2\">2<\/a><\/li>\r\n\t\t\t\t\t\t\t\t\t\t\t<li><a href=\"#\" data-goto=\"2\" aria-label=\"display slide 3\">3<\/a><\/li>\r\n\t\t\t\t\t\t\t\t\t\t\t<li><a href=\"#\" data-goto=\"3\" aria-label=\"display slide 4\">4<\/a><\/li>\r\n\t\t\t\t\t\t\t\t\t<\/ol>\r\n\r\n\t\t\t\t<div class=\"sow-slide-nav sow-slide-nav-next\">\r\n\t\t\t\t\t<a href=\"#\" data-goto=\"next\" aria-label=\"next slide\" data-action=\"next\">\r\n\t\t\t\t\t\t<em class=\"sow-sld-icon-thin-right\"><\/em>\r\n\t\t\t\t\t<\/a>\r\n\t\t\t\t<\/div>\r\n\r\n\t\t\t\t<div class=\"sow-slide-nav sow-slide-nav-prev\">\r\n\t\t\t\t\t<a href=\"#\" data-goto=\"previous\" aria-label=\"previous slide\" data-action=\"prev\">\r\n\t\t\t\t\t\t<em class=\"sow-sld-icon-thin-left\"><\/em>\r\n\t\t\t\t\t<\/a>\r\n\t\t\t\t<\/div>\r\n\t\t\t\t<\/div><\/div><\/div><\/div><\/div><\/div><\/div>","protected":false},"excerpt":{"rendered":"<p>W\u00e4hle das Produkt Klick f\u00fcr KAS Augenbrauenstift KAS Augenbrauenstift Klick f\u00fcr Sheida [&hellip;]<\/p>\n","protected":false},"author":1,"featured_media":0,"parent":0,"menu_order":0,"comment_status":"closed","ping_status":"closed","template":"page-templates\/page_fullwidth.php","meta":{"footnotes":""},"_links":{"self":[{"href":"https:\/\/savasturanci.de\/hr\/wp-json\/wp\/v2\/pages\/22"}],"collection":[{"href":"https:\/\/savasturanci.de\/hr\/wp-json\/wp\/v2\/pages"}],"about":[{"href":"https:\/\/savasturanci.de\/hr\/wp-json\/wp\/v2\/types\/page"}],"author":[{"embeddable":true,"href":"https:\/\/savasturanci.de\/hr\/wp-json\/wp\/v2\/users\/1"}],"replies":[{"embeddable":true,"href":"https:\/\/savasturanci.de\/hr\/wp-json\/wp\/v2\/comments?post=22"}],"version-history":[{"count":4,"href":"https:\/\/savasturanci.de\/hr\/wp-json\/wp\/v2\/pages\/22\/revisions"}],"predecessor-version":[{"id":621,"href":"https:\/\/savasturanci.de\/hr\/wp-json\/wp\/v2\/pages\/22\/revisions\/621"}],"wp:attachment":[{"href":"https:\/\/savasturanci.de\/hr\/wp-json\/wp\/v2\/media?parent=22"}],"curies":[{"name":"wp","href":"https:\/\/api.w.org\/{rel}","templated":true}]}}