{"id":45,"date":"2016-09-12T17:11:26","date_gmt":"2016-09-12T17:11:26","guid":{"rendered":"http:\/\/savasturanci.de\/?page_id=45"},"modified":"2017-02-09T23:51:37","modified_gmt":"2017-02-09T23:51:37","slug":"kas-eye-brow-pen","status":"publish","type":"page","link":"https:\/\/savasturanci.de\/hr\/kas-eye-brow-pen\/","title":{"rendered":"KAS obrva olovke"},"content":{"rendered":"<div class=\"twoclick_social_bookmarks_post_45 social_share_privacy clearfix 1.6.4 locale-hr sprite-\"><\/div><div class=\"twoclick-js\"><script type=\"text\/javascript\">\/* <![CDATA[ *\/\njQuery(document).ready(function($){if($('.twoclick_social_bookmarks_post_45')){$('.twoclick_social_bookmarks_post_45').socialSharePrivacy({\"services\":{\"facebook\":{\"status\":\"on\",\"txt_info\":\"2 Klicks f\\u00fcr mehr Datenschutz: Erst wenn Sie hier klicken, wird der Button aktiv und Sie k\\u00f6nnen Ihre Empfehlung an Facebook senden. Schon beim Aktivieren werden Daten an Dritte \\u00fcbertragen - siehe <em>i<\\\/em>.\",\"perma_option\":\"off\",\"action\":\"recommend\",\"language\":null},\"twitter\":{\"reply_to\":\"\",\"tweet_text\":\"KAS%20obrva%20olovke%20%C2%BB%20My%20CMS\",\"status\":\"on\",\"txt_info\":\"2 Klicks f\\u00fcr mehr Datenschutz: Erst wenn Sie hier klicken, wird der Button aktiv und Sie k\\u00f6nnen Ihre Empfehlung an Twitter senden. Schon beim Aktivieren werden Daten an Dritte \\u00fcbertragen - siehe <em>i<\\\/em>.\",\"perma_option\":\"off\",\"language\":\"en\",\"referrer_track\":\"\"},\"gplus\":{\"status\":\"on\",\"txt_info\":\"2 Klicks f\\u00fcr mehr Datenschutz: Erst wenn Sie hier klicken, wird der Button aktiv und Sie k\\u00f6nnen Ihre Empfehlung an Google+ senden. Schon beim Aktivieren werden Daten an Dritte \\u00fcbertragen - siehe <em>i<\\\/em>.\",\"perma_option\":\"off\",\"referrer_track\":\"\"}},\"txt_help\":\"Wenn Sie diese Felder durch einen Klick aktivieren, werden Informationen an Facebook, Twitter, Flattr, Xing, t3n, LinkedIn, Pinterest oder Google eventuell ins Ausland \\u00fcbertragen und unter Umst\\u00e4nden auch dort gespeichert. N\\u00e4heres erfahren Sie durch einen Klick auf das <em>i<\\\/em>.\",\"settings_perma\":\"Dauerhaft aktivieren und Daten\\u00fcber-tragung zustimmen:\",\"info_link\":\"http:\\\/\\\/www.heise.de\\\/ct\\\/artikel\\\/2-Klicks-fuer-mehr-Datenschutz-1333879.html\",\"uri\":\"https:\\\/\\\/savasturanci.de\\\/hr\\\/kas-eye-brow-pen\\\/\",\"post_id\":45,\"post_title_referrer_track\":\"KAS+obrva+olovke\",\"display_infobox\":\"on\"});}});\n\/* ]]> *\/<\/script><\/div><p><\/p>\n<p align=\"LEFT\"><strong><span style=\"color: #000000;\"><span style=\"font-family: Arial,sans-serif;\"><span style=\"font-size: small;\">Obrva PEN &#8211; polutrajna &#8211; opet zasebno dostupan poklopac u boji &#8211; u 4 prirodnim bojama &#8211; za \u017eene i mu\u0161karce<\/span><\/span><\/span><\/strong><\/p>\n<p align=\"LEFT\"><span style=\"color: #000000;\"><span style=\"font-family: Arial,sans-serif;\"><span style=\"font-size: small;\">KAS kreon ispraviti, komprimirati i postavljati ton za oblikovanje obrve.<\/span><\/span><\/span><\/p>\n<p align=\"LEFT\"><span style=\"color: #000000;\"><span style=\"font-family: Arial,sans-serif;\"><span style=\"font-size: small;\">Prednosti KAS kreon, po Savas TURANCI?<\/span><\/span><\/span><\/p>\n<p align=\"LEFT\"><span style=\"color: #000000;\"><span style=\"font-family: Arial,sans-serif;\"><span style=\"font-size: small;\">&#8211; Polu-trajna sredstva: do 2 dana stabilan.<br \/>\n&#8211; Vodootporna-li i\u0107i na kupanje, istu\u0161irati ili bilo \u0161to druo napraviti<br \/>\n<\/span><\/span><span style=\"font-family: Arial,sans-serif;\"><span style=\"font-size: small;\">komercijalne \u0161minka za \u010di\u0161\u0107enje ukloniti.<br \/>\n&#8211; Dostupan u mat: prirodne sme\u0111e, prirodne svijetlo sme\u0111e, prirodne sive, prirodne i crne.<br \/>\n&#8211; Mo\u017ee se koristiti kao kreon eyeliner I.<br \/>\n&#8211; Kvalitetan, mekani aplikator od sinteti\u010dkog lateksa omogu\u0107ava potpuno povr\u0161insku primjenu<br \/>\n&#8211; Soft nijanse i nje\u017ene linije.<br \/>\n&#8211; Pru\u017ea alternativu trajne \u0161minke.<\/span><\/span><\/span><\/p>\n<p align=\"LEFT\"><strong><span style=\"color: #000000;\"><span style=\"font-family: Arial,sans-serif;\"><span style=\"font-size: small;\">Kako KAS?<\/span><\/span><\/span><\/strong><\/p>\n<p align=\"LEFT\"><span style=\"color: #000000;\"><span style=\"font-family: Arial,sans-serif;\"><span style=\"font-size: small;\">&#8211; Otvorite poklopac &#8211; i pero je spreman za upotrebu!<br \/>\nklizi s nje\u017enim potezima na obrve aplikatorom u smjeru rasta -.<br \/>\n&#8211; Nije potrebno sa cetkicom ispravljati.<\/span><\/span><\/span><\/p>\n<p align=\"LEFT\"><span style=\"color: #000000;\"><span style=\"font-family: Arial,sans-serif;\"><span style=\"font-size: small;\"><strong>Posebnosti Kas<\/strong><br \/>\n<\/span><\/span><\/span><\/p>\n<p align=\"LEFT\"><span style=\"color: #000000;\"><span style=\"font-family: Arial,sans-serif;\"><span style=\"font-size: small;\">&#8211; Nije testiranjo na \u017eivotinjama<br \/>\n&#8211; Do 300 puta koristlijivo!<br \/>\n&#8211; Prirodni UV za\u0161tita neprozirnih pigmenata.<br \/>\n&#8211; Mineralni dodaci.<br \/>\n&#8211; Vitamin E acetat, antioxidativan<\/span><\/span><\/span><\/p>\n<p align=\"LEFT\"><span style=\"color: #000000;\"><span style=\"font-family: Arial,sans-serif;\"><span style=\"font-size: small;\">KAS kreon iz Savas Turanci je vrlo popularan kod kemoterapije pacijentima i autoimunih bolesti.<\/span><\/span><\/span><\/p>\n<p align=\"LEFT\"><span style=\"color: #000000;\"><span style=\"font-family: Arial,sans-serif;\"><span style=\"font-size: small;\">na ovaj link na KAS obrva olovkom u na\u0161em du\u0107anu Buy <a href=\"http:\/\/haarkult.eu\/produkt\/eye-brow-pen-augenbrauen-stift-von-haar-kult\/\">http:\/\/haarkult.eu\/produkt\/eye-brow-pen-augenbrauen-stift-von-haar-kult\/<\/a><\/span><\/span><\/span><\/p>\n<h3 class=\"widget-title\"><span id=\"result_box\" class=\"short_text\" lang=\"hr\" tabindex=\"-1\">KAS kreon &#8211; <span class=\"\">Made in Germany<\/span><\/span><\/h3>\n<p><img loading=\"lazy\" decoding=\"async\" class=\"so-widget-image\" title=\"KAS Eye Brow Pen - Made in Germany \" src=\"https:\/\/savasturanci.de\/wp-content\/uploads\/2016\/10\/20161004-STF_1321-Kopie_Bearbeitet_3.jpg\" srcset=\"https:\/\/savasturanci.de\/wp-content\/uploads\/2016\/10\/20161004-STF_1321-Kopie_Bearbeitet_3.jpg 900w, https:\/\/savasturanci.de\/wp-content\/uploads\/2016\/10\/20161004-STF_1321-Kopie_Bearbeitet_3-300x200.jpg 300w, https:\/\/savasturanci.de\/wp-content\/uploads\/2016\/10\/20161004-STF_1321-Kopie_Bearbeitet_3-768x513.jpg 768w, https:\/\/savasturanci.de\/wp-content\/uploads\/2016\/10\/20161004-STF_1321-Kopie_Bearbeitet_3-700x467.jpg 700w, https:\/\/savasturanci.de\/wp-content\/uploads\/2016\/10\/20161004-STF_1321-Kopie_Bearbeitet_3-830x554.jpg 830w, https:\/\/savasturanci.de\/wp-content\/uploads\/2016\/10\/20161004-STF_1321-Kopie_Bearbeitet_3-230x154.jpg 230w, https:\/\/savasturanci.de\/wp-content\/uploads\/2016\/10\/20161004-STF_1321-Kopie_Bearbeitet_3-350x234.jpg 350w, https:\/\/savasturanci.de\/wp-content\/uploads\/2016\/10\/20161004-STF_1321-Kopie_Bearbeitet_3-480x321.jpg 480w, https:\/\/savasturanci.de\/wp-content\/uploads\/2016\/10\/20161004-STF_1321-Kopie_Bearbeitet_3-272x182.jpg 272w\" alt=\"KAS Eye Brow Pen - Made in Germany \" width=\"900\" height=\"601\" \/><\/p>\n<h3 class=\"widget-title\"><span id=\"result_box\" class=\"\" lang=\"hr\" tabindex=\"-1\"><span class=\"\">Kvaliteta, mekani aplikator od sinteti\u010dkog lateksa omogu\u0107ava potpuno povr\u0161insku primedbu , njezne nijanse i mekane linije<br \/>\n<\/span><\/span><\/h3>\n<p><img loading=\"lazy\" decoding=\"async\" class=\"so-widget-image\" title=\"Der hochwertige, weiche Applikator aus synthetischem Latex erm\u00f6glicht vollfl\u00e4chige Applikation, softe Schattierungen und sanfte Linien \/ The quality, soft applicator of synthetic latex allows full-surface application, soft shades and gentle lines.\" src=\"https:\/\/savasturanci.de\/wp-content\/uploads\/2016\/10\/20161005-STF_1404-Kopie_Bearbeitet.jpg\" srcset=\"https:\/\/savasturanci.de\/wp-content\/uploads\/2016\/10\/20161005-STF_1404-Kopie_Bearbeitet.jpg 900w, https:\/\/savasturanci.de\/wp-content\/uploads\/2016\/10\/20161005-STF_1404-Kopie_Bearbeitet-300x200.jpg 300w, https:\/\/savasturanci.de\/wp-content\/uploads\/2016\/10\/20161005-STF_1404-Kopie_Bearbeitet-768x513.jpg 768w, https:\/\/savasturanci.de\/wp-content\/uploads\/2016\/10\/20161005-STF_1404-Kopie_Bearbeitet-700x467.jpg 700w, https:\/\/savasturanci.de\/wp-content\/uploads\/2016\/10\/20161005-STF_1404-Kopie_Bearbeitet-830x554.jpg 830w, https:\/\/savasturanci.de\/wp-content\/uploads\/2016\/10\/20161005-STF_1404-Kopie_Bearbeitet-230x154.jpg 230w, https:\/\/savasturanci.de\/wp-content\/uploads\/2016\/10\/20161005-STF_1404-Kopie_Bearbeitet-350x234.jpg 350w, https:\/\/savasturanci.de\/wp-content\/uploads\/2016\/10\/20161005-STF_1404-Kopie_Bearbeitet-480x321.jpg 480w, https:\/\/savasturanci.de\/wp-content\/uploads\/2016\/10\/20161005-STF_1404-Kopie_Bearbeitet-272x182.jpg 272w\" alt=\"Der hochwertige, weiche Applikator aus synthetischem Latex erm\u00f6glicht vollfl\u00e4chige Applikation, softe Schattierungen und sanfte Linien.\" width=\"900\" height=\"601\" \/><\/p>\n<h3 class=\"widget-title\"><span id=\"result_box\" class=\"short_text\" lang=\"hr\" tabindex=\"-1\"><span class=\"\">KAS kreon su 4 boje u jednom pregledu<\/span><\/span><\/h3>\n<p><img loading=\"lazy\" decoding=\"async\" class=\"so-widget-image\" title=\"KAS Eye Brow Pen die 4 Farben in einem \u00dcberblick \/ KAS Eye Brow Pen 4 colors in one overview\" src=\"https:\/\/savasturanci.de\/wp-content\/uploads\/2016\/10\/20161005-STF_1378-Kopie_Bearbeitet.jpg\" srcset=\"https:\/\/savasturanci.de\/wp-content\/uploads\/2016\/10\/20161005-STF_1378-Kopie_Bearbeitet.jpg 900w, https:\/\/savasturanci.de\/wp-content\/uploads\/2016\/10\/20161005-STF_1378-Kopie_Bearbeitet-300x200.jpg 300w, https:\/\/savasturanci.de\/wp-content\/uploads\/2016\/10\/20161005-STF_1378-Kopie_Bearbeitet-768x513.jpg 768w, https:\/\/savasturanci.de\/wp-content\/uploads\/2016\/10\/20161005-STF_1378-Kopie_Bearbeitet-700x467.jpg 700w, https:\/\/savasturanci.de\/wp-content\/uploads\/2016\/10\/20161005-STF_1378-Kopie_Bearbeitet-830x554.jpg 830w, https:\/\/savasturanci.de\/wp-content\/uploads\/2016\/10\/20161005-STF_1378-Kopie_Bearbeitet-230x154.jpg 230w, https:\/\/savasturanci.de\/wp-content\/uploads\/2016\/10\/20161005-STF_1378-Kopie_Bearbeitet-350x234.jpg 350w, https:\/\/savasturanci.de\/wp-content\/uploads\/2016\/10\/20161005-STF_1378-Kopie_Bearbeitet-480x321.jpg 480w, https:\/\/savasturanci.de\/wp-content\/uploads\/2016\/10\/20161005-STF_1378-Kopie_Bearbeitet-272x182.jpg 272w\" width=\"900\" height=\"601\" \/><\/p>\n<h3 class=\"widget-title\"><span id=\"result_box\" class=\"short_text\" lang=\"hr\" tabindex=\"-1\">KAS kreon u 4 prirodnim bojama dostupan<\/span><\/h3>\n<p><img loading=\"lazy\" decoding=\"async\" class=\"so-widget-image\" title=\"KAS Eye Brow Pen in 4 nat\u00fcrlichen Farben \/ KAS Eye Brow Pen in 4 natural color\" src=\"https:\/\/savasturanci.de\/wp-content\/uploads\/2016\/09\/KAS-EYE-BROW-PEN-SAVAS-TURANCI-0975.jpg\" srcset=\"https:\/\/savasturanci.de\/wp-content\/uploads\/2016\/09\/KAS-EYE-BROW-PEN-SAVAS-TURANCI-0975.jpg 900w, https:\/\/savasturanci.de\/wp-content\/uploads\/2016\/09\/KAS-EYE-BROW-PEN-SAVAS-TURANCI-0975-300x200.jpg 300w, https:\/\/savasturanci.de\/wp-content\/uploads\/2016\/09\/KAS-EYE-BROW-PEN-SAVAS-TURANCI-0975-768x513.jpg 768w, https:\/\/savasturanci.de\/wp-content\/uploads\/2016\/09\/KAS-EYE-BROW-PEN-SAVAS-TURANCI-0975-700x467.jpg 700w, https:\/\/savasturanci.de\/wp-content\/uploads\/2016\/09\/KAS-EYE-BROW-PEN-SAVAS-TURANCI-0975-830x554.jpg 830w, https:\/\/savasturanci.de\/wp-content\/uploads\/2016\/09\/KAS-EYE-BROW-PEN-SAVAS-TURANCI-0975-230x154.jpg 230w, https:\/\/savasturanci.de\/wp-content\/uploads\/2016\/09\/KAS-EYE-BROW-PEN-SAVAS-TURANCI-0975-350x234.jpg 350w, https:\/\/savasturanci.de\/wp-content\/uploads\/2016\/09\/KAS-EYE-BROW-PEN-SAVAS-TURANCI-0975-480x321.jpg 480w, https:\/\/savasturanci.de\/wp-content\/uploads\/2016\/09\/KAS-EYE-BROW-PEN-SAVAS-TURANCI-0975-272x182.jpg 272w\" width=\"900\" height=\"601\" \/><\/p>\n<h3 class=\"widget-title\"><span id=\"result_box\" class=\"short_text\" lang=\"pl\" tabindex=\"-1\"><span class=\"\">KAS obrva Siljak <\/span><\/span><\/h3>\n<p><img loading=\"lazy\" decoding=\"async\" class=\"so-widget-image\" title=\"KAS Eye Brow Pen die Spitzen \/ KAS Eye Brow Pen tips\" src=\"https:\/\/savasturanci.de\/wp-content\/uploads\/2016\/09\/KAS-EYE-BROW-PEN-SAVAS-TURANCI-0967.jpg\" srcset=\"https:\/\/savasturanci.de\/wp-content\/uploads\/2016\/09\/KAS-EYE-BROW-PEN-SAVAS-TURANCI-0967.jpg 900w, https:\/\/savasturanci.de\/wp-content\/uploads\/2016\/09\/KAS-EYE-BROW-PEN-SAVAS-TURANCI-0967-300x200.jpg 300w, https:\/\/savasturanci.de\/wp-content\/uploads\/2016\/09\/KAS-EYE-BROW-PEN-SAVAS-TURANCI-0967-768x513.jpg 768w, https:\/\/savasturanci.de\/wp-content\/uploads\/2016\/09\/KAS-EYE-BROW-PEN-SAVAS-TURANCI-0967-700x467.jpg 700w, https:\/\/savasturanci.de\/wp-content\/uploads\/2016\/09\/KAS-EYE-BROW-PEN-SAVAS-TURANCI-0967-830x554.jpg 830w, https:\/\/savasturanci.de\/wp-content\/uploads\/2016\/09\/KAS-EYE-BROW-PEN-SAVAS-TURANCI-0967-230x154.jpg 230w, https:\/\/savasturanci.de\/wp-content\/uploads\/2016\/09\/KAS-EYE-BROW-PEN-SAVAS-TURANCI-0967-350x234.jpg 350w, https:\/\/savasturanci.de\/wp-content\/uploads\/2016\/09\/KAS-EYE-BROW-PEN-SAVAS-TURANCI-0967-480x321.jpg 480w, https:\/\/savasturanci.de\/wp-content\/uploads\/2016\/09\/KAS-EYE-BROW-PEN-SAVAS-TURANCI-0967-272x182.jpg 272w\" width=\"900\" height=\"601\" \/><\/p>\n<h3 class=\"widget-title\"><span id=\"result_box\" class=\"\" lang=\"pl\" tabindex=\"-1\">KAS kreon savjeta 2 Vi\u0161estruka promjenjivo, \u0161iroke i tanke<br \/>\n<\/span><\/h3>\n<p><img loading=\"lazy\" decoding=\"async\" class=\"so-widget-image\" title=\"KAS Eye Brow Pen die Spitzen 2 Fach einsetzbar, breit und d\u00fcnn \/ KAS Eye Brow Pen tips 2 Multiple use, wide and thin\" src=\"https:\/\/savasturanci.de\/wp-content\/uploads\/2016\/09\/KAS-EYE-BROW-PEN-SAVAS-TURANCI-0972.jpg\" srcset=\"https:\/\/savasturanci.de\/wp-content\/uploads\/2016\/09\/KAS-EYE-BROW-PEN-SAVAS-TURANCI-0972.jpg 900w, https:\/\/savasturanci.de\/wp-content\/uploads\/2016\/09\/KAS-EYE-BROW-PEN-SAVAS-TURANCI-0972-300x200.jpg 300w, https:\/\/savasturanci.de\/wp-content\/uploads\/2016\/09\/KAS-EYE-BROW-PEN-SAVAS-TURANCI-0972-768x513.jpg 768w, https:\/\/savasturanci.de\/wp-content\/uploads\/2016\/09\/KAS-EYE-BROW-PEN-SAVAS-TURANCI-0972-700x467.jpg 700w, https:\/\/savasturanci.de\/wp-content\/uploads\/2016\/09\/KAS-EYE-BROW-PEN-SAVAS-TURANCI-0972-830x554.jpg 830w, https:\/\/savasturanci.de\/wp-content\/uploads\/2016\/09\/KAS-EYE-BROW-PEN-SAVAS-TURANCI-0972-230x154.jpg 230w, https:\/\/savasturanci.de\/wp-content\/uploads\/2016\/09\/KAS-EYE-BROW-PEN-SAVAS-TURANCI-0972-350x234.jpg 350w, https:\/\/savasturanci.de\/wp-content\/uploads\/2016\/09\/KAS-EYE-BROW-PEN-SAVAS-TURANCI-0972-480x321.jpg 480w, https:\/\/savasturanci.de\/wp-content\/uploads\/2016\/09\/KAS-EYE-BROW-PEN-SAVAS-TURANCI-0972-272x182.jpg 272w\" width=\"900\" height=\"601\" \/><\/p>\n<h3 class=\"widget-title\"><span id=\"result_box\" class=\"short_text\" lang=\"pl\" tabindex=\"-1\"><span class=\"\">KAS kreon polutrajna Waterproof <\/span><\/span><\/h3>\n<p><img loading=\"lazy\" decoding=\"async\" class=\"so-widget-image\" title=\"KAS Eye Brow Pen Semi-Permanent Wasserfest \/ KAS Eye Brow Pen Semi-Permanent Waterproof\" src=\"https:\/\/savasturanci.de\/wp-content\/uploads\/2016\/09\/KAS-EYE-BROW-PEN-SAVAS-TURANCI-1269_SEHR-GUT.jpg\" srcset=\"https:\/\/savasturanci.de\/wp-content\/uploads\/2016\/09\/KAS-EYE-BROW-PEN-SAVAS-TURANCI-1269_SEHR-GUT.jpg 900w, https:\/\/savasturanci.de\/wp-content\/uploads\/2016\/09\/KAS-EYE-BROW-PEN-SAVAS-TURANCI-1269_SEHR-GUT-300x200.jpg 300w, https:\/\/savasturanci.de\/wp-content\/uploads\/2016\/09\/KAS-EYE-BROW-PEN-SAVAS-TURANCI-1269_SEHR-GUT-768x513.jpg 768w, https:\/\/savasturanci.de\/wp-content\/uploads\/2016\/09\/KAS-EYE-BROW-PEN-SAVAS-TURANCI-1269_SEHR-GUT-700x467.jpg 700w, https:\/\/savasturanci.de\/wp-content\/uploads\/2016\/09\/KAS-EYE-BROW-PEN-SAVAS-TURANCI-1269_SEHR-GUT-830x554.jpg 830w, https:\/\/savasturanci.de\/wp-content\/uploads\/2016\/09\/KAS-EYE-BROW-PEN-SAVAS-TURANCI-1269_SEHR-GUT-230x154.jpg 230w, https:\/\/savasturanci.de\/wp-content\/uploads\/2016\/09\/KAS-EYE-BROW-PEN-SAVAS-TURANCI-1269_SEHR-GUT-350x234.jpg 350w, https:\/\/savasturanci.de\/wp-content\/uploads\/2016\/09\/KAS-EYE-BROW-PEN-SAVAS-TURANCI-1269_SEHR-GUT-480x321.jpg 480w, https:\/\/savasturanci.de\/wp-content\/uploads\/2016\/09\/KAS-EYE-BROW-PEN-SAVAS-TURANCI-1269_SEHR-GUT-272x182.jpg 272w\" width=\"900\" height=\"601\" \/><\/p>\n<h3 class=\"widget-title\"><span id=\"result_box\" class=\"\" lang=\"pl\" tabindex=\"-1\">KAS obrva olovkom pogodna za kupanje u moru ili bazen<\/span><\/h3>\n<p><img loading=\"lazy\" decoding=\"async\" class=\"so-widget-image\" title=\"KAS Eye Brow Pen beim Schwimmen im Meer oder Pool \/ KAS Eye Brow Pen while swimming in the sea or pool\" src=\"https:\/\/savasturanci.de\/wp-content\/uploads\/2016\/09\/KAS-EYE-BROW-PEN-SAVAS-TURANCI-1266_SEHR-GUT.jpg\" srcset=\"https:\/\/savasturanci.de\/wp-content\/uploads\/2016\/09\/KAS-EYE-BROW-PEN-SAVAS-TURANCI-1266_SEHR-GUT.jpg 900w, https:\/\/savasturanci.de\/wp-content\/uploads\/2016\/09\/KAS-EYE-BROW-PEN-SAVAS-TURANCI-1266_SEHR-GUT-300x200.jpg 300w, https:\/\/savasturanci.de\/wp-content\/uploads\/2016\/09\/KAS-EYE-BROW-PEN-SAVAS-TURANCI-1266_SEHR-GUT-768x513.jpg 768w, https:\/\/savasturanci.de\/wp-content\/uploads\/2016\/09\/KAS-EYE-BROW-PEN-SAVAS-TURANCI-1266_SEHR-GUT-700x467.jpg 700w, https:\/\/savasturanci.de\/wp-content\/uploads\/2016\/09\/KAS-EYE-BROW-PEN-SAVAS-TURANCI-1266_SEHR-GUT-830x554.jpg 830w, https:\/\/savasturanci.de\/wp-content\/uploads\/2016\/09\/KAS-EYE-BROW-PEN-SAVAS-TURANCI-1266_SEHR-GUT-230x154.jpg 230w, https:\/\/savasturanci.de\/wp-content\/uploads\/2016\/09\/KAS-EYE-BROW-PEN-SAVAS-TURANCI-1266_SEHR-GUT-350x234.jpg 350w, https:\/\/savasturanci.de\/wp-content\/uploads\/2016\/09\/KAS-EYE-BROW-PEN-SAVAS-TURANCI-1266_SEHR-GUT-480x321.jpg 480w, https:\/\/savasturanci.de\/wp-content\/uploads\/2016\/09\/KAS-EYE-BROW-PEN-SAVAS-TURANCI-1266_SEHR-GUT-272x182.jpg 272w\" width=\"900\" height=\"601\" \/><\/p>\n<h3 class=\"widget-title\"><span id=\"result_box\" class=\"short_text\" lang=\"pl\" tabindex=\"-1\"><span class=\"\">KAS obrva olovkom pogodan za jogging i tusiranja<\/span><\/span><\/h3>\n<p><img loading=\"lazy\" decoding=\"async\" class=\"so-widget-image\" title=\"KAS Eye Brow Pen beim Joggen und Duschen \/ jogging and showers\" src=\"https:\/\/savasturanci.de\/wp-content\/uploads\/2016\/09\/KAS-EYE-BROW-PEN-SAVAS-TURANCI-1132_SEHR-GUT.jpg\" srcset=\"https:\/\/savasturanci.de\/wp-content\/uploads\/2016\/09\/KAS-EYE-BROW-PEN-SAVAS-TURANCI-1132_SEHR-GUT.jpg 900w, https:\/\/savasturanci.de\/wp-content\/uploads\/2016\/09\/KAS-EYE-BROW-PEN-SAVAS-TURANCI-1132_SEHR-GUT-300x200.jpg 300w, https:\/\/savasturanci.de\/wp-content\/uploads\/2016\/09\/KAS-EYE-BROW-PEN-SAVAS-TURANCI-1132_SEHR-GUT-768x513.jpg 768w, https:\/\/savasturanci.de\/wp-content\/uploads\/2016\/09\/KAS-EYE-BROW-PEN-SAVAS-TURANCI-1132_SEHR-GUT-700x467.jpg 700w, https:\/\/savasturanci.de\/wp-content\/uploads\/2016\/09\/KAS-EYE-BROW-PEN-SAVAS-TURANCI-1132_SEHR-GUT-830x554.jpg 830w, https:\/\/savasturanci.de\/wp-content\/uploads\/2016\/09\/KAS-EYE-BROW-PEN-SAVAS-TURANCI-1132_SEHR-GUT-230x154.jpg 230w, https:\/\/savasturanci.de\/wp-content\/uploads\/2016\/09\/KAS-EYE-BROW-PEN-SAVAS-TURANCI-1132_SEHR-GUT-350x234.jpg 350w, https:\/\/savasturanci.de\/wp-content\/uploads\/2016\/09\/KAS-EYE-BROW-PEN-SAVAS-TURANCI-1132_SEHR-GUT-480x321.jpg 480w, https:\/\/savasturanci.de\/wp-content\/uploads\/2016\/09\/KAS-EYE-BROW-PEN-SAVAS-TURANCI-1132_SEHR-GUT-272x182.jpg 272w\" width=\"900\" height=\"601\" \/><\/p>\n<h3 class=\"widget-title\"><span id=\"result_box\" class=\"\" lang=\"pl\" tabindex=\"-1\">KAS kreon mekani tekstura vrhu, savr\u0161enom dizajnu<\/span><\/h3>\n<p><img loading=\"lazy\" decoding=\"async\" class=\"so-widget-image\" title=\"KAS Eye Brow Pen, die weiche Textur der Spitze, vollkommenem Design \/ KAS Eye Brow Pen, the soft texture of the tip, perfect design\" src=\"https:\/\/savasturanci.de\/wp-content\/uploads\/2016\/09\/KAS-EYE-BROW-PEN-SAVAS-TURANCI-0995-Kopie.jpg\" srcset=\"https:\/\/savasturanci.de\/wp-content\/uploads\/2016\/09\/KAS-EYE-BROW-PEN-SAVAS-TURANCI-0995-Kopie.jpg 900w, https:\/\/savasturanci.de\/wp-content\/uploads\/2016\/09\/KAS-EYE-BROW-PEN-SAVAS-TURANCI-0995-Kopie-300x200.jpg 300w, https:\/\/savasturanci.de\/wp-content\/uploads\/2016\/09\/KAS-EYE-BROW-PEN-SAVAS-TURANCI-0995-Kopie-768x513.jpg 768w, https:\/\/savasturanci.de\/wp-content\/uploads\/2016\/09\/KAS-EYE-BROW-PEN-SAVAS-TURANCI-0995-Kopie-700x467.jpg 700w, https:\/\/savasturanci.de\/wp-content\/uploads\/2016\/09\/KAS-EYE-BROW-PEN-SAVAS-TURANCI-0995-Kopie-830x554.jpg 830w, https:\/\/savasturanci.de\/wp-content\/uploads\/2016\/09\/KAS-EYE-BROW-PEN-SAVAS-TURANCI-0995-Kopie-230x154.jpg 230w, https:\/\/savasturanci.de\/wp-content\/uploads\/2016\/09\/KAS-EYE-BROW-PEN-SAVAS-TURANCI-0995-Kopie-350x234.jpg 350w, https:\/\/savasturanci.de\/wp-content\/uploads\/2016\/09\/KAS-EYE-BROW-PEN-SAVAS-TURANCI-0995-Kopie-480x321.jpg 480w, https:\/\/savasturanci.de\/wp-content\/uploads\/2016\/09\/KAS-EYE-BROW-PEN-SAVAS-TURANCI-0995-Kopie-272x182.jpg 272w\" width=\"900\" height=\"601\" \/> <iframe loading=\"lazy\" src=\"https:\/\/www.youtube.com\/embed\/WuG74gug3a0?feature=oembed\" width=\"1170\" height=\"658\" frameborder=\"0\" allowfullscreen=\"allowfullscreen\"><\/iframe><\/p>\n<h3 class=\"widget-title\">Ingredients \u2013 INCI name\u00a0sme\u0111a prirodno mat<\/h3>\n<p>CYCLOMETHICONE CI 77499 CI 77891 CI 77491 MICA CERA ALBA CI77492 BEHENYL ALCOHOL STEARYL HEPTANOATE STEARYL CAPRYLATE CALCIUM SULFATE DIMETHICONE CERA CARNAUBA METHYLPARABEN PROPYLPARABEN TOCOPHERYL ACETATE SILICA NYLON-6<\/p>\n<h3 class=\"widget-title\">Ingredients \u2013 INCI name\u00a0<span id=\"result_box\" class=\"short_text\" lang=\"pl\" tabindex=\"-1\">svjetlo sme\u0111e prirodnog mat <\/span><\/h3>\n<p>CYCLOPENTASILOXANE CI 77891 CI 77019 CERA ALBA CI 77492 CI 77499 STEARYL HEPTANOATE CALCIUM SULFATE CI 77491 BEHENYL ALCOHOL STEARYL CAPRYLATE DIMETHICONE SILICA TOCOPHERYL ACETATE METHYLPARABEN PROPYLPARABEN COPERNICIA CERIFERA CERA NYLON-6<\/p>\n<h3 class=\"widget-title\">Ingredients \u2013 INCI name <span id=\"result_box\" class=\"short_text\" lang=\"pl\" tabindex=\"-1\"><span class=\"\">crni prirodni mat <\/span><\/span><\/h3>\n<p>CYCLOPENTASILOXANE CERA ALBA CI 77499 CI 77019 STEARYL HEPTANOATE BEHENYL ALCOHOL STEARYL CAPRYLATE DIMETHICONE CI 77891 COPERNICIA CERIFERA CERA NYLON-6 CALCIUM SULFATE TOCOPHERYL ACETATE PROPYLPARABEN METHYLPARABEN<\/p>\n<h3 class=\"widget-title\">Ingredients \u2013 INCI name <span id=\"result_box\" class=\"short_text\" lang=\"pl\" tabindex=\"-1\">szsiva prirodni mat<\/span><\/h3>\n<p>CYCLOPENTASILOXANE CI 77019 CERA ALBA CI77163 CI77891 STEARYL HEPTANOATE BEHENY ALCOHOL STEARYL CAPRYLATE CALCIUM SULFATE CI 77742 CI 77499 DIMETHICONE COPERNICIA CERIFERA CERA SILICA NYLON-6 TOCOPHERYL ACETATE PROPYLPARABEN METHYLPARABEN<\/p>\n<p align=\"LEFT\"><span style=\"font-family: Arial,sans-serif;\"><span style=\"font-size: small;\"><strong>Napomena:<br \/>\n<\/strong> Ukoliko smatrate da PEN vi\u0161e ne dobar. Otpustite Pigmente u Capu Kas Eye Brow Pen s tankom iglom. Ponovno umetnite iglu u ovom polo\u017eaju u poklopcu. Molimo vas da prije uklju\u010divanja u suprotnom ispasti pigmente.<br \/>\nUklonite poklopac i olovka da se ne okre\u0107e ubodite iglom u poklopac.<br \/>\nDa bi se izbjegla kontaminacija aplikatora.<br \/>\nnje\u017eno oprati aplikator izme\u0111u s blagim \u0161amponom, pustiti da se osu\u0161i i ponovno zape\u010datiti pin s poklopcem. Ne izlagati pretjeranoj toplinom ili suncu .<\/span><\/span><\/p>\n<p><span style=\"font-family: Arial,sans-serif;\"><span style=\"font-size: small;\"><strong>Primjena:<\/strong><br \/>\nUvjerite se da je ko\u017ea bzw.obrva oslobodjena od masnoce. Jer nema dobru primjenu i trajnost na ko\u017ei masnoj. Odvijte poklopac PEN orizontalno drzite na obrvama vodoravno i nje\u017eno masite za vanjsku stranu obrva olovku i boje ispravivite pen i crtajte za njesnim pritiskom. Po vasoj zelji i a ovisno o uvjetima i intenzitetu koji hocete postic,nekoliko puta s jakim pritiskom. \u0160to vi\u0161e pritisak na ili iznad aplikacije intenzivniji je resultat (tamniji, vi\u0161e intensivnija) boja i izraz. Uvijek zatvorite poklopac.<br \/>\n<\/span><\/span><\/p>\n<p><span style=\"font-family: Arial,sans-serif;\"><span style=\"font-size: small;\">I<\/span><\/span><span style=\"font-family: Arial,sans-serif;\"><span style=\"font-size: small;\"><span lang=\"hr-HR\">nformacije:<br \/>\nMade in Germany<br \/>\nDobra proizvo\u0111a\u010dka praksa kozmeti\u010dkih proizvoda &#8211; GMP<br \/>\nSigurnost Izvje\u0161\u0107e: nije opasno po zdravlje<br \/>\nPEN prije testa na malom neupadljivom mjestu ko\u017ee.<br \/>\nLakat je po\u017eeljno. poklopac zatvoriti<br \/>\nUpozorenja: nema<br \/>\nPotvrda mikrobiolo\u0161ke \u010disto<br \/>\nPotvrda Razmak &#8211; BSE<br \/>\nne sadr\u017ei nanomaterijale<br \/>\nCertifiziert kozmeti\u010dka-CMP<br \/>\nInformacije: www.savasturanci.de<br \/>\nSkladi\u0161tenje i transport uvjeti: zasticeno od svijetla, topline i sunca<br \/>\nozbiljne nuspojave: Nema poznatih<br \/>\nMjere opreza: Nisu poznati<br \/>\nVrijedi do: 12 m za CAP<br \/>\nPrimjena nakon prve uporabe 31.12.2018<br \/>\nBatch br. 628<br \/>\nUpotreba: kreon<br \/>\nSadr\u017eaj: 0,8 gr<\/span><\/span><\/span><\/p>\n<p>Savas Turanci<br \/>\nTheodor Bergmann ulica 5<br \/>\nD-76571 Gaggenau, Njema\u010dka<br \/>\nsavasturanci@gmail.com<br \/>\nTelefon: +49 (0) 7225\/989966<\/p>\n<p>&nbsp;<\/p>","protected":false},"excerpt":{"rendered":"<p>Obrva PEN &#8211; polutrajna &#8211; opet zasebno dostupan poklopac u boji &#8211; [&hellip;]<\/p>\n","protected":false},"author":1,"featured_media":0,"parent":0,"menu_order":0,"comment_status":"closed","ping_status":"closed","template":"page-templates\/page_fullwidth.php","meta":{"footnotes":""},"_links":{"self":[{"href":"https:\/\/savasturanci.de\/hr\/wp-json\/wp\/v2\/pages\/45"}],"collection":[{"href":"https:\/\/savasturanci.de\/hr\/wp-json\/wp\/v2\/pages"}],"about":[{"href":"https:\/\/savasturanci.de\/hr\/wp-json\/wp\/v2\/types\/page"}],"author":[{"embeddable":true,"href":"https:\/\/savasturanci.de\/hr\/wp-json\/wp\/v2\/users\/1"}],"replies":[{"embeddable":true,"href":"https:\/\/savasturanci.de\/hr\/wp-json\/wp\/v2\/comments?post=45"}],"version-history":[{"count":99,"href":"https:\/\/savasturanci.de\/hr\/wp-json\/wp\/v2\/pages\/45\/revisions"}],"predecessor-version":[{"id":685,"href":"https:\/\/savasturanci.de\/hr\/wp-json\/wp\/v2\/pages\/45\/revisions\/685"}],"wp:attachment":[{"href":"https:\/\/savasturanci.de\/hr\/wp-json\/wp\/v2\/media?parent=45"}],"curies":[{"name":"wp","href":"https:\/\/api.w.org\/{rel}","templated":true}]}}