{"id":39,"date":"2016-09-12T16:07:50","date_gmt":"2016-09-12T16:07:50","guid":{"rendered":"http:\/\/savasturanci.de\/?page_id=39"},"modified":"2017-03-02T18:25:51","modified_gmt":"2017-03-02T18:25:51","slug":"violett-plex","status":"publish","type":"page","link":"https:\/\/savasturanci.de\/it\/violett-plex\/","title":{"rendered":"(Deutsch) Violett PLEX"},"content":{"rendered":"<div class=\"twoclick_social_bookmarks_post_39 social_share_privacy clearfix 1.6.4 locale-it_IT sprite-\"><\/div><div class=\"twoclick-js\"><script type=\"text\/javascript\">\/* <![CDATA[ *\/\njQuery(document).ready(function($){if($('.twoclick_social_bookmarks_post_39')){$('.twoclick_social_bookmarks_post_39').socialSharePrivacy({\"services\":{\"facebook\":{\"status\":\"on\",\"txt_info\":\"2 Klicks f\\u00fcr mehr Datenschutz: Erst wenn Sie hier klicken, wird der Button aktiv und Sie k\\u00f6nnen Ihre Empfehlung an Facebook senden. Schon beim Aktivieren werden Daten an Dritte \\u00fcbertragen - siehe <em>i<\\\/em>.\",\"perma_option\":\"off\",\"action\":\"recommend\",\"language\":null},\"twitter\":{\"reply_to\":\"\",\"tweet_text\":\"%28Deutsch%29%20Violett%20PLEX%20%C2%BB%20My%20CMS\",\"status\":\"on\",\"txt_info\":\"2 Klicks f\\u00fcr mehr Datenschutz: Erst wenn Sie hier klicken, wird der Button aktiv und Sie k\\u00f6nnen Ihre Empfehlung an Twitter senden. Schon beim Aktivieren werden Daten an Dritte \\u00fcbertragen - siehe <em>i<\\\/em>.\",\"perma_option\":\"off\",\"language\":\"en\",\"referrer_track\":\"\"},\"gplus\":{\"status\":\"on\",\"txt_info\":\"2 Klicks f\\u00fcr mehr Datenschutz: Erst wenn Sie hier klicken, wird der Button aktiv und Sie k\\u00f6nnen Ihre Empfehlung an Google+ senden. Schon beim Aktivieren werden Daten an Dritte \\u00fcbertragen - siehe <em>i<\\\/em>.\",\"perma_option\":\"off\",\"referrer_track\":\"\"}},\"txt_help\":\"Wenn Sie diese Felder durch einen Klick aktivieren, werden Informationen an Facebook, Twitter, Flattr, Xing, t3n, LinkedIn, Pinterest oder Google eventuell ins Ausland \\u00fcbertragen und unter Umst\\u00e4nden auch dort gespeichert. N\\u00e4heres erfahren Sie durch einen Klick auf das <em>i<\\\/em>.\",\"settings_perma\":\"Dauerhaft aktivieren und Daten\\u00fcber-tragung zustimmen:\",\"info_link\":\"http:\\\/\\\/www.heise.de\\\/ct\\\/artikel\\\/2-Klicks-fuer-mehr-Datenschutz-1333879.html\",\"uri\":\"https:\\\/\\\/savasturanci.de\\\/it\\\/violett-plex\\\/\",\"post_id\":39,\"post_title_referrer_track\":\"%28Deutsch%29+Violett+PLEX\",\"display_infobox\":\"on\"});}});\n\/* ]]> *\/<\/script><\/div><div id=\"pl-39\"  class=\"panel-layout\" ><div id=\"pg-39-0\"  class=\"panel-grid panel-has-style\" ><div style=\"padding: 100px 0; \" data-overlay=\"true\" class=\"panel-row-style panel-row-style-for-39-0\" ><div id=\"pgc-39-0-0\"  class=\"panel-grid-cell\" ><div id=\"panel-39-0-0-0\" class=\"so-panel widget widget_sow-editor panel-first-child panel-last-child\" data-index=\"0\" ><div class=\"so-widget-sow-editor so-widget-sow-editor-base\"><h3 class=\"widget-title\">VIOLETT PLEX  SYSTEM<\/h3>\n<div class=\"siteorigin-widget-tinymce textwidget\">\n\t<p><img loading=\"lazy\" decoding=\"async\" class=\"aligncenter wp-image-28 size-full\" src=\"https:\/\/savasturanci.de\/wp-content\/uploads\/2016\/09\/plex_849x261.jpg\" alt=\"Savas Turanci; ViolettPLEX\" width=\"849\" height=\"261\" srcset=\"https:\/\/savasturanci.de\/wp-content\/uploads\/2016\/09\/plex_849x261.jpg 849w, https:\/\/savasturanci.de\/wp-content\/uploads\/2016\/09\/plex_849x261-300x92.jpg 300w, https:\/\/savasturanci.de\/wp-content\/uploads\/2016\/09\/plex_849x261-768x236.jpg 768w, https:\/\/savasturanci.de\/wp-content\/uploads\/2016\/09\/plex_849x261-700x215.jpg 700w, https:\/\/savasturanci.de\/wp-content\/uploads\/2016\/09\/plex_849x261-830x255.jpg 830w, https:\/\/savasturanci.de\/wp-content\/uploads\/2016\/09\/plex_849x261-230x71.jpg 230w, https:\/\/savasturanci.de\/wp-content\/uploads\/2016\/09\/plex_849x261-350x108.jpg 350w, https:\/\/savasturanci.de\/wp-content\/uploads\/2016\/09\/plex_849x261-480x148.jpg 480w\" sizes=\"(max-width: 849px) 100vw, 849px\" \/><span id=\"result_box\" class=\"\" lang=\"de\"><span title=\"VIOLETT PLEX COLOR SYSTEM is a complete innovative hair care treatment scientifically formulated to protect hair during the different technical processes: colouring, bleaching, perm, straightening\u2026 and against external aggression, because chemically treated hair is always more vulnerable to break and needs more moisturizing and\"><br \/>VIOLETT PLEX COLOR SYSTEM ist ein komplett innovatives Haarpflege Behandlungs Produkt es\u00a0 ist wissenschaftlich formuliert, Haare werden w\u00e4hrend der verschiedenen technischen Prozessen gesch\u00fctzt: F\u00e4rben, Heller F\u00e4rbung, Blondierung, Dauerwelle, Chemischer Gl\u00e4ttung\u00a0 und gegen \u00e4u\u00dfere Aggression, weil chemisch behandeltes Haar ist immer anf\u00e4lliger zu brechen und daher mehr Feuchtigkeit braucht<\/span><span title=\"deeper nourishing. \">.<\/span><\/span><\/p>\n<p><span title=\"The active compounds of VIOLETT PLEX COLOR SYSTEM, help rebuild the internal bonds of hair;\">Die Wirkstoffe von VIOLETT PLEX COLOR SYSTEM, helfen, die innere Bindungen der Haare wieder aufzubauen; <\/span><span title=\"reinforce the hair structure reducing the risk of fibre breakage;\">verst\u00e4rken die Haarstruktur.<br \/>um das Risiko eines Faserbruchs zu verringern; <\/span><span title=\"sublimate, intensify and prolong the colour in dyeing hair avoiding the loss of colouring pigments;\">sublimieren, <span title=\"The active compounds of VIOLETT PLEX COLOR SYSTEM, help rebuild the internal bonds of hair;\">VIOLETT PLEX COLOR SYSTEM<\/span> verst\u00e4rkt und verl\u00e4ngernt beim\u00a0 F\u00e4rben und der Haarf\u00e4rbung den Verlust von Farbpigmenten; <br \/>Es <\/span><span title=\"they provide moisturizing silky hair with intense shine. \">wirkt\u00a0 feuchtigkeitsspendend und macht\u00a0 seidiges Haar mit intensiven Glanz.<\/span><\/p>\n<p><span title=\"VIOLETT PLEX COLOR SYSTEM is composed by Shampoo, Mask, Spray and Protein Complex.\">VIOLETT PLEX COLOR SYSTEM wirkt zusammen mit dem \u00a0 Shampoo, Maske, Spray und Protein-Komplex.<br \/> <\/span><span title=\"Four products that, used together, provide outstanding hair results because they take care the colour and strengthen the hair fibre.\">Vier Produkte, die zusammen verwendet werden, liefern hervorragende Ergebnisse am Haar und im inneren des Haares, weil sie w\u00e4hrend der Farbe sich um die\u00a0 die Haarfasern k\u00fcmmern um\u00a0 es zu st\u00e4rken.<br \/> <\/span><span title=\"Thus, it recovers strength, vitality, elasticity, colour and shine of healthy hair. \">So gewinnt es Kraft, Vitalit\u00e4t, Elastizit\u00e4t, Farbe und Glanz von gesundem Haar.<\/span><\/p>\n<p><span title=\"VIOLETT PLEX COLOR SYSTEM has been formulated with a pleasant scent that combines fresh fruity notes of citrus with floral heart of rose and jasmine.\">VIOLETT PLEX COLOR SYSTEM wurde mit einem angenehmen Duft formuliert, die Noten von Zitrusfr\u00fcchten mit floralen Herzen von Rose und Jasmin frisch fruchtig verbindet.<\/span><\/p>\n<\/div>\n<\/div><\/div><\/div><\/div><\/div><div id=\"pg-39-1\"  class=\"panel-grid panel-has-style\" ><div style=\"padding: 100px 0; \" data-overlay=\"true\" class=\"panel-row-style panel-row-style-for-39-1\" ><div id=\"pgc-39-1-0\"  class=\"panel-grid-cell\" ><div id=\"panel-39-1-0-0\" class=\"so-panel widget widget_sow-editor panel-first-child panel-last-child\" data-index=\"1\" ><div class=\"so-widget-sow-editor so-widget-sow-editor-base\"><h3 class=\"widget-title\">Protein Complex Color Care 1<\/h3>\n<div class=\"siteorigin-widget-tinymce textwidget\">\n\t<p>\u00a0<\/p>\n<p><img loading=\"lazy\" decoding=\"async\" class=\"wp-image-136 size-full\" src=\"https:\/\/savasturanci.de\/wp-content\/uploads\/2016\/09\/Violett-PLEX-Protein-Komplex-1.jpg\" alt=\"violett-plex-protein-komplex-1\" width=\"983\" height=\"346\" srcset=\"https:\/\/savasturanci.de\/wp-content\/uploads\/2016\/09\/Violett-PLEX-Protein-Komplex-1.jpg 983w, https:\/\/savasturanci.de\/wp-content\/uploads\/2016\/09\/Violett-PLEX-Protein-Komplex-1-300x106.jpg 300w, https:\/\/savasturanci.de\/wp-content\/uploads\/2016\/09\/Violett-PLEX-Protein-Komplex-1-768x270.jpg 768w, https:\/\/savasturanci.de\/wp-content\/uploads\/2016\/09\/Violett-PLEX-Protein-Komplex-1-700x246.jpg 700w, https:\/\/savasturanci.de\/wp-content\/uploads\/2016\/09\/Violett-PLEX-Protein-Komplex-1-830x292.jpg 830w, https:\/\/savasturanci.de\/wp-content\/uploads\/2016\/09\/Violett-PLEX-Protein-Komplex-1-230x81.jpg 230w, https:\/\/savasturanci.de\/wp-content\/uploads\/2016\/09\/Violett-PLEX-Protein-Komplex-1-350x123.jpg 350w, https:\/\/savasturanci.de\/wp-content\/uploads\/2016\/09\/Violett-PLEX-Protein-Komplex-1-480x169.jpg 480w\" sizes=\"(max-width: 983px) 100vw, 983px\" \/><\/p>\n<p>- enth\u00e4lt\u00a0 einen\u00a0 Proteinkomplex\u00a0 pflanzlicher\u00a0 Herkunft,\u00a0 der\u00a0 dem Haar\u00a0 einen \u201eAbschirmungs\u201c- Effekt bietet<br \/>- sch\u00fctzt das Haar w\u00e4hrend der technischen Prozesse<br \/>- st\u00e4rkt die kapillare Haarstruktur und verbessert deren Elastizit\u00e4t<br \/>- verbessert\u00a0 die\u00a0 Haarst\u00e4rke\u00a0 und\u00a0 macht\u00a0 das\u00a0 Haar\u00a0 gegen Bruch widerstandsf\u00e4higer<br \/>- verl\u00e4ngert die Farbe bei Coloriertem Haar<br \/>- beim F\u00e4rben, Bleichen, Dauerwellen oder Dauerhaften Haar Gl\u00e4ttung anwenden, um die Haarkutikula w\u00e4hrend der<br \/>\u00a0 unterschiedlichen technischen Prozesse zu sch\u00fctzen<br \/>- ver\u00e4ndert weder das Ergebnis der technischen Arbeit noch die Einwirkzeit<br \/>- saurer pH-Wert (4.3 - 4.7)\u00a0\u00a0\u00a0\u00a0\u00a0\u00a0\u00a0\u00a0\u00a0\u00a0\u00a0\u00a0\u00a0\u00a0\u00a0\u00a0\u00a0\u00a0\u00a0\u00a0\u00a0\u00a0\u00a0\u00a0\u00a0\u00a0\u00a0\u00a0\u00a0\u00a0\u00a0 \u00a0<br \/>- 500 ml 16.9 Fl Oz \u00b7 100 Anwendungen* (Coloration)<\/p>\n<\/div>\n<\/div><\/div><\/div><\/div><\/div><div id=\"pg-39-2\"  class=\"panel-grid panel-has-style\" ><div style=\"padding: 100px 0; \" data-overlay=\"true\" class=\"panel-row-style panel-row-style-for-39-2\" ><div id=\"pgc-39-2-0\"  class=\"panel-grid-cell\" ><div id=\"panel-39-2-0-0\" class=\"so-panel widget widget_sow-editor panel-first-child panel-last-child\" data-index=\"2\" ><div class=\"so-widget-sow-editor so-widget-sow-editor-base\"><h3 class=\"widget-title\">Shampoo Color Care 2<\/h3>\n<div class=\"siteorigin-widget-tinymce textwidget\">\n\t<div data-canvas-width=\"199.82666666666668\">\n<p><img loading=\"lazy\" decoding=\"async\" class=\"wp-image-137 size-full\" src=\"https:\/\/savasturanci.de\/wp-content\/uploads\/2016\/09\/Violett-PLEX-Shampoo-2.jpg\" alt=\"violett-plex-shampoo-2\" width=\"983\" height=\"346\" srcset=\"https:\/\/savasturanci.de\/wp-content\/uploads\/2016\/09\/Violett-PLEX-Shampoo-2.jpg 983w, https:\/\/savasturanci.de\/wp-content\/uploads\/2016\/09\/Violett-PLEX-Shampoo-2-300x106.jpg 300w, https:\/\/savasturanci.de\/wp-content\/uploads\/2016\/09\/Violett-PLEX-Shampoo-2-768x270.jpg 768w, https:\/\/savasturanci.de\/wp-content\/uploads\/2016\/09\/Violett-PLEX-Shampoo-2-700x246.jpg 700w, https:\/\/savasturanci.de\/wp-content\/uploads\/2016\/09\/Violett-PLEX-Shampoo-2-830x292.jpg 830w, https:\/\/savasturanci.de\/wp-content\/uploads\/2016\/09\/Violett-PLEX-Shampoo-2-230x81.jpg 230w, https:\/\/savasturanci.de\/wp-content\/uploads\/2016\/09\/Violett-PLEX-Shampoo-2-350x123.jpg 350w, https:\/\/savasturanci.de\/wp-content\/uploads\/2016\/09\/Violett-PLEX-Shampoo-2-480x169.jpg 480w\" sizes=\"(max-width: 983px) 100vw, 983px\" \/><\/p>\n<p>- Ohne sulfatierte Tenside und ohne Silikone<br \/>- Mit Chia-Samen-\u00d6l, es sch\u00fctzt die Haarfaser vor oxidativem Behandlungen<br \/>- sch\u00fctzt die Farbintensit\u00e4t, welche l\u00e4nger erhalten bleibt<br \/>- erm\u00f6glicht eine ausgeglichene Farbkonsistenz<br \/>- verleiht Feuchtigkeit und Geschmeidigkeit<br \/>- vermeidet den Verlust von Proteinen<br \/>- verhindert die Photo-Oxidation<br \/>- Waschen Sie Ihr Haar und Ihre Kopfhaut wie gewohnt. Waschen Sie erneut und lassen Sie es 5 -10 Minuten einwirken. Anschlie\u00dfend gut aussp\u00fclen<br \/>- pH-neutral (5.3 - 6.0)<br \/>- 250 ml 8.4 Fl Oz\u00b7 40 Anwendungen *<br \/>- 1000 ml 33.8 Fl Oz\u00b7 150 Anwendungen *<\/div>\n<\/div>\n<\/div><\/div><\/div><\/div><\/div><div id=\"pg-39-3\"  class=\"panel-grid panel-has-style\" ><div style=\"padding: 100px 0; \" data-overlay=\"true\" class=\"panel-row-style panel-row-style-for-39-3\" ><div id=\"pgc-39-3-0\"  class=\"panel-grid-cell\" ><div id=\"panel-39-3-0-0\" class=\"so-panel widget widget_sow-editor panel-first-child panel-last-child\" data-index=\"3\" ><div class=\"so-widget-sow-editor so-widget-sow-editor-base\"><h3 class=\"widget-title\">Mask Color Care 3<\/h3>\n<div class=\"siteorigin-widget-tinymce textwidget\">\n\t<div data-canvas-width=\"66.47666666666666\">\n<p><img loading=\"lazy\" decoding=\"async\" class=\"wp-image-135 size-full\" src=\"https:\/\/savasturanci.de\/wp-content\/uploads\/2016\/09\/ViolettPLEX_Mask3.jpg\" alt=\"violettplex_mask3\" width=\"983\" height=\"346\" srcset=\"https:\/\/savasturanci.de\/wp-content\/uploads\/2016\/09\/ViolettPLEX_Mask3.jpg 983w, https:\/\/savasturanci.de\/wp-content\/uploads\/2016\/09\/ViolettPLEX_Mask3-300x106.jpg 300w, https:\/\/savasturanci.de\/wp-content\/uploads\/2016\/09\/ViolettPLEX_Mask3-768x270.jpg 768w, https:\/\/savasturanci.de\/wp-content\/uploads\/2016\/09\/ViolettPLEX_Mask3-700x246.jpg 700w, https:\/\/savasturanci.de\/wp-content\/uploads\/2016\/09\/ViolettPLEX_Mask3-830x292.jpg 830w, https:\/\/savasturanci.de\/wp-content\/uploads\/2016\/09\/ViolettPLEX_Mask3-230x81.jpg 230w, https:\/\/savasturanci.de\/wp-content\/uploads\/2016\/09\/ViolettPLEX_Mask3-350x123.jpg 350w, https:\/\/savasturanci.de\/wp-content\/uploads\/2016\/09\/ViolettPLEX_Mask3-480x169.jpg 480w\" sizes=\"(max-width: 983px) 100vw, 983px\" \/><\/p>\n<p>- Ohne Silikone<br \/>- sch\u00fctzt und repariert das Haar nach der Coloration<br \/>- bietet intensive N\u00e4hrstoffe an<br \/>- enth\u00e4lt\u00a0 Chia-Samen-\u00d6l,\u00a0 welches\u00a0 vor\u00a0 oxidativen\u00a0 Sch\u00e4den\u00a0 und\u00a0 Photo-Oxidation sch\u00fctzt<br \/>- enth\u00e4lt Krambe Abyssinica Kern\u00f6l (ausgestattet mit dem Zertifikat ECOCERT) mit <br \/>\u00a0 restrukturierenden und weichmachenden Eigenschaften<br \/>- sorgt f\u00fcr einen ausgewogenen Feuchtigkeit haushalt<br \/>- verbessert die Elastizit\u00e4t und den Glanz<br \/>- enth\u00e4lt Meereswirkstoffe, die den Farbverlust verhindern. <br \/>- verleiht dem Haar Glanz. Nach dem Haarewaschen auf dem feuchten Haar verteilen.\u00a0 10 bis 15 Minuten einwirken lassen. Anschlie\u00dfend gut aussp\u00fclen.<br \/>- saurer pH-Wert (4.6 - 5.0)<br \/>- 200 ml 6.7 Fl Oz \u00b7 40 Anwendungen* \u00a0<br \/>- 500 ml 16.9 Fl Oz \u00b7 100 Anwendungen*<\/div>\n<\/div>\n<\/div><\/div><\/div><\/div><\/div><div id=\"pg-39-4\"  class=\"panel-grid panel-has-style\" ><div style=\"padding: 100px 0; \" data-overlay=\"true\" class=\"panel-row-style panel-row-style-for-39-4\" ><div id=\"pgc-39-4-0\"  class=\"panel-grid-cell\" ><div id=\"panel-39-4-0-0\" class=\"so-panel widget widget_sow-editor panel-first-child panel-last-child\" data-index=\"4\" ><div class=\"so-widget-sow-editor so-widget-sow-editor-base\"><h3 class=\"widget-title\">Spray Color Care 4<\/h3>\n<div class=\"siteorigin-widget-tinymce textwidget\">\n\t<div data-canvas-width=\"136.78\">\n<p><img loading=\"lazy\" decoding=\"async\" class=\"wp-image-138 size-full\" src=\"https:\/\/savasturanci.de\/wp-content\/uploads\/2016\/09\/Violett-PLEX-spray-4.jpg\" alt=\"violett-plex-spray-4\" width=\"983\" height=\"346\" srcset=\"https:\/\/savasturanci.de\/wp-content\/uploads\/2016\/09\/Violett-PLEX-spray-4.jpg 983w, https:\/\/savasturanci.de\/wp-content\/uploads\/2016\/09\/Violett-PLEX-spray-4-300x106.jpg 300w, https:\/\/savasturanci.de\/wp-content\/uploads\/2016\/09\/Violett-PLEX-spray-4-768x270.jpg 768w, https:\/\/savasturanci.de\/wp-content\/uploads\/2016\/09\/Violett-PLEX-spray-4-700x246.jpg 700w, https:\/\/savasturanci.de\/wp-content\/uploads\/2016\/09\/Violett-PLEX-spray-4-830x292.jpg 830w, https:\/\/savasturanci.de\/wp-content\/uploads\/2016\/09\/Violett-PLEX-spray-4-230x81.jpg 230w, https:\/\/savasturanci.de\/wp-content\/uploads\/2016\/09\/Violett-PLEX-spray-4-350x123.jpg 350w, https:\/\/savasturanci.de\/wp-content\/uploads\/2016\/09\/Violett-PLEX-spray-4-480x169.jpg 480w\" sizes=\"(max-width: 983px) 100vw, 983px\" \/><\/p>\n<p>- Farbschutzspray mit UV-Filter<br \/>- sch\u00fctzt und verl\u00e4ngert die Farbe bei Coloriertem Haar<br \/>- enth\u00e4lt\u00a0 einen\u00a0 Proteinkomplex\u00a0 pflanzlicher Herkunft, der dem Haar einen \u201eAbschirmungs\u201c- Effekt bietet und es vor<br \/>\u00a0 physischen (Gl\u00e4tteisen, F\u00f6n) und chemischen(Blondierung, Haarfarbe) Sch\u00e4den sch\u00fctzt<br \/>- enth\u00e4lt\u00a0 Chia-Samen-\u00d6l,\u00a0 der vor oxidativen Sch\u00e4den und\u00a0 Photo-Oxidation sch\u00fctzt\u00a0\u00a0\u00a0\u00a0\u00a0\u00a0\u00a0\u00a0\u00a0\u00a0 \u00a0<br \/>- enth\u00e4lt Rosmarin-\u00d6l-Extrakt, der f\u00fcr einen gesunden und starken Haarwuchs sorgt<br \/>- verbessert die Elastizit\u00e4t und macht das Haar gegen Bruch widerstandsf\u00e4higer<br \/>- verleiht dem Haar Glanz und Brillanz<br \/>- gut sch\u00fctteln und auf das ganze Haar spr\u00fchen. Nicht aussp\u00fclen<br \/>- fettet nicht und vermeidet verfilzte Haare<br \/>- pH\u00a0 Sauer (4.8 - 5.3)<br \/>- 5.1 Fl Oz 150 ml \u00b7 80 Anwendungen*<\/div>\n<\/div>\n<\/div><\/div><\/div><\/div><\/div><div id=\"pg-39-5\"  class=\"panel-grid panel-has-style\" ><div style=\"padding: 100px 0; \" data-overlay=\"true\" class=\"panel-row-style panel-row-style-for-39-5\" ><div id=\"pgc-39-5-0\"  class=\"panel-grid-cell\" ><div id=\"panel-39-5-0-0\" class=\"so-panel widget widget_sow-editor panel-first-child panel-last-child\" data-index=\"5\" ><div class=\"so-widget-sow-editor so-widget-sow-editor-base\"><h3 class=\"widget-title\">Sonicmist das Dampfger\u00e4t f\u00fcr die Alcantara Haar Pflege serien und VIOLETTPLEX <\/h3>\n<div class=\"siteorigin-widget-tinymce textwidget\">\n\t<p><img loading=\"lazy\" decoding=\"async\" class=\"alignnone wp-image-593 size-full\" src=\"https:\/\/savasturanci.de\/wp-content\/uploads\/2017\/02\/PLANCHA-SONICMIST-ULTRSONIC-SPRAY-SAVAS_1Seite.jpg\" alt=\"Sonicmist ViolettPLEX SAVAS TURANCI\" width=\"1273\" height=\"891\" srcset=\"https:\/\/savasturanci.de\/wp-content\/uploads\/2017\/02\/PLANCHA-SONICMIST-ULTRSONIC-SPRAY-SAVAS_1Seite.jpg 1273w, https:\/\/savasturanci.de\/wp-content\/uploads\/2017\/02\/PLANCHA-SONICMIST-ULTRSONIC-SPRAY-SAVAS_1Seite-300x210.jpg 300w, https:\/\/savasturanci.de\/wp-content\/uploads\/2017\/02\/PLANCHA-SONICMIST-ULTRSONIC-SPRAY-SAVAS_1Seite-768x538.jpg 768w, https:\/\/savasturanci.de\/wp-content\/uploads\/2017\/02\/PLANCHA-SONICMIST-ULTRSONIC-SPRAY-SAVAS_1Seite-700x490.jpg 700w, https:\/\/savasturanci.de\/wp-content\/uploads\/2017\/02\/PLANCHA-SONICMIST-ULTRSONIC-SPRAY-SAVAS_1Seite-830x581.jpg 830w, https:\/\/savasturanci.de\/wp-content\/uploads\/2017\/02\/PLANCHA-SONICMIST-ULTRSONIC-SPRAY-SAVAS_1Seite-230x161.jpg 230w, https:\/\/savasturanci.de\/wp-content\/uploads\/2017\/02\/PLANCHA-SONICMIST-ULTRSONIC-SPRAY-SAVAS_1Seite-350x245.jpg 350w, https:\/\/savasturanci.de\/wp-content\/uploads\/2017\/02\/PLANCHA-SONICMIST-ULTRSONIC-SPRAY-SAVAS_1Seite-480x336.jpg 480w\" sizes=\"(max-width: 1273px) 100vw, 1273px\" \/><\/p>\n<\/div>\n<\/div><\/div><\/div><\/div><\/div><div id=\"pg-39-6\"  class=\"panel-grid panel-has-style\" ><div style=\"padding: 100px 0; \" data-overlay=\"true\" class=\"panel-row-style panel-row-style-for-39-6\" ><div id=\"pgc-39-6-0\"  class=\"panel-grid-cell\" ><div id=\"panel-39-6-0-0\" class=\"so-panel widget widget_sow-editor panel-first-child panel-last-child\" data-index=\"6\" ><div class=\"so-widget-sow-editor so-widget-sow-editor-base\"><h3 class=\"widget-title\">Sonicmist das Dampfger\u00e4t f\u00fcr die Alcantara Haar Pflege serien und VIOLETTPLEX <\/h3>\n<div class=\"siteorigin-widget-tinymce textwidget\">\n\t<p><img loading=\"lazy\" decoding=\"async\" class=\"alignnone wp-image-592 size-full\" src=\"https:\/\/savasturanci.de\/wp-content\/uploads\/2017\/02\/PLANCHA-SONICMIST-ULTRSONIC-SPRAY-SAVAS_Zweite-Seite.jpg\" alt=\"Sonicmist ViolettPLEX SAVAS TURANCI\" width=\"1273\" height=\"891\" srcset=\"https:\/\/savasturanci.de\/wp-content\/uploads\/2017\/02\/PLANCHA-SONICMIST-ULTRSONIC-SPRAY-SAVAS_Zweite-Seite.jpg 1273w, https:\/\/savasturanci.de\/wp-content\/uploads\/2017\/02\/PLANCHA-SONICMIST-ULTRSONIC-SPRAY-SAVAS_Zweite-Seite-300x210.jpg 300w, https:\/\/savasturanci.de\/wp-content\/uploads\/2017\/02\/PLANCHA-SONICMIST-ULTRSONIC-SPRAY-SAVAS_Zweite-Seite-768x538.jpg 768w, https:\/\/savasturanci.de\/wp-content\/uploads\/2017\/02\/PLANCHA-SONICMIST-ULTRSONIC-SPRAY-SAVAS_Zweite-Seite-700x490.jpg 700w, https:\/\/savasturanci.de\/wp-content\/uploads\/2017\/02\/PLANCHA-SONICMIST-ULTRSONIC-SPRAY-SAVAS_Zweite-Seite-830x581.jpg 830w, https:\/\/savasturanci.de\/wp-content\/uploads\/2017\/02\/PLANCHA-SONICMIST-ULTRSONIC-SPRAY-SAVAS_Zweite-Seite-230x161.jpg 230w, https:\/\/savasturanci.de\/wp-content\/uploads\/2017\/02\/PLANCHA-SONICMIST-ULTRSONIC-SPRAY-SAVAS_Zweite-Seite-350x245.jpg 350w, https:\/\/savasturanci.de\/wp-content\/uploads\/2017\/02\/PLANCHA-SONICMIST-ULTRSONIC-SPRAY-SAVAS_Zweite-Seite-480x336.jpg 480w\" sizes=\"(max-width: 1273px) 100vw, 1273px\" \/><\/p>\n<\/div>\n<\/div><\/div><\/div><\/div><\/div><\/div>","protected":false},"excerpt":{"rendered":"<p>VIOLETT PLEX COLOR SYSTEM ist ein komplett innovatives Haarpflege Behandlungs Produkt es\u00a0 [&hellip;]<\/p>\n","protected":false},"author":1,"featured_media":0,"parent":0,"menu_order":0,"comment_status":"closed","ping_status":"closed","template":"page-templates\/page_fullwidth.php","meta":{"footnotes":""},"_links":{"self":[{"href":"https:\/\/savasturanci.de\/it\/wp-json\/wp\/v2\/pages\/39"}],"collection":[{"href":"https:\/\/savasturanci.de\/it\/wp-json\/wp\/v2\/pages"}],"about":[{"href":"https:\/\/savasturanci.de\/it\/wp-json\/wp\/v2\/types\/page"}],"author":[{"embeddable":true,"href":"https:\/\/savasturanci.de\/it\/wp-json\/wp\/v2\/users\/1"}],"replies":[{"embeddable":true,"href":"https:\/\/savasturanci.de\/it\/wp-json\/wp\/v2\/comments?post=39"}],"version-history":[{"count":12,"href":"https:\/\/savasturanci.de\/it\/wp-json\/wp\/v2\/pages\/39\/revisions"}],"predecessor-version":[{"id":617,"href":"https:\/\/savasturanci.de\/it\/wp-json\/wp\/v2\/pages\/39\/revisions\/617"}],"wp:attachment":[{"href":"https:\/\/savasturanci.de\/it\/wp-json\/wp\/v2\/media?parent=39"}],"curies":[{"name":"wp","href":"https:\/\/api.w.org\/{rel}","templated":true}]}}