{"id":126,"date":"2016-09-13T10:29:21","date_gmt":"2016-09-13T10:29:21","guid":{"rendered":"http:\/\/savasturanci.de\/?page_id=126"},"modified":"2016-11-09T03:42:50","modified_gmt":"2016-11-09T03:42:50","slug":"keraliss-technique-glaettungsystem","status":"publish","type":"page","link":"https:\/\/savasturanci.de\/pl\/keraliss-technique-glaettungsystem\/","title":{"rendered":"Keraliss System technika wyg\u0142adzania"},"content":{"rendered":"<div class=\"twoclick_social_bookmarks_post_126 social_share_privacy clearfix 1.6.4 locale-pl_PL sprite-\"><\/div><div class=\"twoclick-js\"><script type=\"text\/javascript\">\/* <![CDATA[ *\/\njQuery(document).ready(function($){if($('.twoclick_social_bookmarks_post_126')){$('.twoclick_social_bookmarks_post_126').socialSharePrivacy({\"services\":{\"facebook\":{\"status\":\"on\",\"txt_info\":\"2 Klicks f\\u00fcr mehr Datenschutz: Erst wenn Sie hier klicken, wird der Button aktiv und Sie k\\u00f6nnen Ihre Empfehlung an Facebook senden. Schon beim Aktivieren werden Daten an Dritte \\u00fcbertragen - siehe <em>i<\\\/em>.\",\"perma_option\":\"off\",\"action\":\"recommend\",\"language\":null},\"twitter\":{\"reply_to\":\"\",\"tweet_text\":\"Keraliss%20System%20technika%20wyg%C5%82adzania%20%C2%BB%20My%20CMS\",\"status\":\"on\",\"txt_info\":\"2 Klicks f\\u00fcr mehr Datenschutz: Erst wenn Sie hier klicken, wird der Button aktiv und Sie k\\u00f6nnen Ihre Empfehlung an Twitter senden. Schon beim Aktivieren werden Daten an Dritte \\u00fcbertragen - siehe <em>i<\\\/em>.\",\"perma_option\":\"off\",\"language\":\"en\",\"referrer_track\":\"\"},\"gplus\":{\"status\":\"on\",\"txt_info\":\"2 Klicks f\\u00fcr mehr Datenschutz: Erst wenn Sie hier klicken, wird der Button aktiv und Sie k\\u00f6nnen Ihre Empfehlung an Google+ senden. Schon beim Aktivieren werden Daten an Dritte \\u00fcbertragen - siehe <em>i<\\\/em>.\",\"perma_option\":\"off\",\"referrer_track\":\"\"}},\"txt_help\":\"Wenn Sie diese Felder durch einen Klick aktivieren, werden Informationen an Facebook, Twitter, Flattr, Xing, t3n, LinkedIn, Pinterest oder Google eventuell ins Ausland \\u00fcbertragen und unter Umst\\u00e4nden auch dort gespeichert. N\\u00e4heres erfahren Sie durch einen Klick auf das <em>i<\\\/em>.\",\"settings_perma\":\"Dauerhaft aktivieren und Daten\\u00fcber-tragung zustimmen:\",\"info_link\":\"http:\\\/\\\/www.heise.de\\\/ct\\\/artikel\\\/2-Klicks-fuer-mehr-Datenschutz-1333879.html\",\"uri\":\"https:\\\/\\\/savasturanci.de\\\/pl\\\/keraliss-technique-glaettungsystem\\\/\",\"post_id\":126,\"post_title_referrer_track\":\"Keraliss+System+technika+wyg%C5%82adzania\",\"display_infobox\":\"on\"});}});\n\/* ]]> *\/<\/script><\/div><p><img loading=\"lazy\" decoding=\"async\" class=\"so-widget-image\" src=\"https:\/\/savasturanci.de\/wp-content\/uploads\/2016\/09\/cabecera_p_28.jpg\" srcset=\"https:\/\/savasturanci.de\/wp-content\/uploads\/2016\/09\/cabecera_p_28.jpg 983w, https:\/\/savasturanci.de\/wp-content\/uploads\/2016\/09\/cabecera_p_28-300x106.jpg 300w, https:\/\/savasturanci.de\/wp-content\/uploads\/2016\/09\/cabecera_p_28-768x270.jpg 768w, https:\/\/savasturanci.de\/wp-content\/uploads\/2016\/09\/cabecera_p_28-700x246.jpg 700w, https:\/\/savasturanci.de\/wp-content\/uploads\/2016\/09\/cabecera_p_28-830x292.jpg 830w, https:\/\/savasturanci.de\/wp-content\/uploads\/2016\/09\/cabecera_p_28-230x81.jpg 230w, https:\/\/savasturanci.de\/wp-content\/uploads\/2016\/09\/cabecera_p_28-350x123.jpg 350w, https:\/\/savasturanci.de\/wp-content\/uploads\/2016\/09\/cabecera_p_28-480x169.jpg 480w\" width=\"983\" height=\"346\" \/><br \/>\n<span id=\"result_box\" class=\"\" lang=\"pl\" tabindex=\"-1\"><span class=\"\">Keraliss<\/span> Technika Prostowanie Cream + Technika Keraliss Cream neutralizator<\/span><\/p>\n<p>\u2022 Leczenie trwa\u0142ego prostowania Keratyna do wszystkich rodzaj\u00f3w w\u0142os\u00f3w, nawet bardzo kr\u0119cone lub k\u0119dzierzawe.<br \/>\n\u2022 zmniejszenie Idealne g\u0142o\u015bno\u015bci.<br \/>\n\u2022 100% bez formaldehydu.<br \/>\n\u2022 Sk\u0142adniki: \u015bmietana + relaxer neutralizator.<br \/>\n<span class=\"\">Keraliss<\/span> Technika Prostowanie Cream<br \/>\n\u2022 Przygotuj <span class=\"\">w\u0142osy, aby<\/span> by\u0107 wyg\u0142adzone.<br \/>\n\u2022 Zawiera keratyn\u0119<span class=\"\">, aby zapewni\u0107 <\/span>nawil\u017cenie, \u0142atwo\u015b\u0107 zarz\u0105dzania i skutek jedwabiu.<br \/>\n\u2022 W przypadku oleju arganowego, wzbogacony witamin\u0119 E i niezb\u0119dne nienasycone kwasy <span class=\"\">t\u0142uszczowe<\/span><span class=\"\">, <\/span>kt\u00f3ra od\u017cywia i rewitalizuje nask\u00f3rek w\u0142osa.<br \/>\n\u2022 zasadowe pH (9,0 do 9,5)<br \/>\n\u2022 120 ml 4,2 Oz. \/ 12 u.<br \/>\nTechnika Keraliss Cream neutralizator<br \/>\n\u2022 Pomoc <span class=\"\">normalizuje<\/span> pH w\u0142os\u00f3w.<br \/>\n\u2022 Zamki i uszczelnia now\u0105 struktur\u0119<span class=\"\">.<\/span><br \/>\n\u2022 pH kwasu (2,3 do 3,2)<br \/>\n\u2022 120 ml 4,2 Oz. \/ 12 <span class=\"\">u.<\/span><\/p>\n<p>&nbsp;<\/p>\n<p><a href=\"https:\/\/savasturanci.de\/wp-content\/uploads\/2016\/09\/cabecera_p_29.jpg\" target=\"_blank\"> <img loading=\"lazy\" decoding=\"async\" class=\"so-widget-image\" src=\"https:\/\/savasturanci.de\/wp-content\/uploads\/2016\/09\/cabecera_p_29.jpg\" srcset=\"https:\/\/savasturanci.de\/wp-content\/uploads\/2016\/09\/cabecera_p_29.jpg 983w, https:\/\/savasturanci.de\/wp-content\/uploads\/2016\/09\/cabecera_p_29-300x106.jpg 300w, https:\/\/savasturanci.de\/wp-content\/uploads\/2016\/09\/cabecera_p_29-768x270.jpg 768w, https:\/\/savasturanci.de\/wp-content\/uploads\/2016\/09\/cabecera_p_29-700x246.jpg 700w, https:\/\/savasturanci.de\/wp-content\/uploads\/2016\/09\/cabecera_p_29-830x292.jpg 830w, https:\/\/savasturanci.de\/wp-content\/uploads\/2016\/09\/cabecera_p_29-230x81.jpg 230w, https:\/\/savasturanci.de\/wp-content\/uploads\/2016\/09\/cabecera_p_29-350x123.jpg 350w, https:\/\/savasturanci.de\/wp-content\/uploads\/2016\/09\/cabecera_p_29-480x169.jpg 480w\" width=\"983\" height=\"346\" \/><br \/>\n<\/a><\/p>\n<p>Keraliss Technique\u00a0 Keratin Essential Shampoo<\/p>\n<p>\u2022 <span lang=\"pl-PL\">keratyny szampon, co zapewnia wytrzyma\u0142o\u015b\u0107 i elastyczno\u015b\u0107 w\u0142\u00f3kna w\u0142os\u00f3w.<br \/>\n\u2022 G\u0142\u0119boko czy\u015bci jednocze\u015bnie nawil\u017caj\u0105c i uszczelnia nask\u00f3rek w\u0142osa.<br \/>\n\u2022 Zapobiega elektryzowaniu si\u0119 w\u0142os\u00f3w i rozdwajaniu.<br \/>\n\u2022 Zapewnia elastyczno\u015b\u0107 i u\u0142atwia prostowanie w\u0142os\u00f3w, zar\u00f3wno trwa\u0142e i post\u0119puj\u0105ce.<br \/>\n\u2022 Zawiera czwartorz\u0119dowy klimatyzator, kt\u00f3ry dodaje po\u0142ysk i mi\u0119kko\u015b\u0107 w\u0142os\u00f3w.<br \/>\n\u2022 neutralne pH (5,8 do 6,6)<br \/>\n\u2022 1000 ml 35 Oz. \/ 4U. 200 aplikacji *<br \/>\n\u2022 300 ml 10,5 Oz. \/ 12u. 60 aplikacje *<\/span><\/p>\n<p>&nbsp;<\/p>\n<p><a href=\"https:\/\/savasturanci.de\/wp-content\/uploads\/2016\/09\/cabecera_p_30.jpg\" target=\"_blank\"> <img loading=\"lazy\" decoding=\"async\" class=\"so-widget-image\" src=\"https:\/\/savasturanci.de\/wp-content\/uploads\/2016\/09\/cabecera_p_30.jpg\" srcset=\"https:\/\/savasturanci.de\/wp-content\/uploads\/2016\/09\/cabecera_p_30.jpg 983w, https:\/\/savasturanci.de\/wp-content\/uploads\/2016\/09\/cabecera_p_30-300x106.jpg 300w, https:\/\/savasturanci.de\/wp-content\/uploads\/2016\/09\/cabecera_p_30-768x270.jpg 768w, https:\/\/savasturanci.de\/wp-content\/uploads\/2016\/09\/cabecera_p_30-700x246.jpg 700w, https:\/\/savasturanci.de\/wp-content\/uploads\/2016\/09\/cabecera_p_30-830x292.jpg 830w, https:\/\/savasturanci.de\/wp-content\/uploads\/2016\/09\/cabecera_p_30-230x81.jpg 230w, https:\/\/savasturanci.de\/wp-content\/uploads\/2016\/09\/cabecera_p_30-350x123.jpg 350w, https:\/\/savasturanci.de\/wp-content\/uploads\/2016\/09\/cabecera_p_30-480x169.jpg 480w\" width=\"983\" height=\"346\" \/><br \/>\n<\/a>Keraliss Technique Keratin Essential Balm<\/p>\n<p>\u2022 <span lang=\"pl-PL\">Balsam od\u017cywka keratyny, kt\u00f3ra odbudowuje i regeneruje w\u0142\u00f3kna w\u0142os\u00f3w.<br \/>\n\u2022 Zawiera d &#8211; pantenol, kt\u00f3ry zatrzymuje wilgo\u0107 we w\u0142osach, zapewniaj\u0105c elastyczno\u015b\u0107 i po\u0142ysk.<br \/>\n\u2022 u\u0142atwia prostowanie w\u0142os\u00f3w, zar\u00f3wno trwa\u0142e i post\u0119puj\u0105ce.<br \/>\n\u2022 lekko kwa\u015bne pH (4,6 do 5,5)<br \/>\n\u2022 1000 ml 35 Oz. \/ 4U. 200 aplikacji *<br \/>\n\u2022 300 ml 10,5 Oz. \/ 12u. 60 aplikacje *<\/span><\/p>\n<p><a href=\"https:\/\/savasturanci.de\/wp-content\/uploads\/2016\/09\/cabecera_p_45.jpg\" target=\"_blank\"> <img loading=\"lazy\" decoding=\"async\" class=\"so-widget-image\" src=\"https:\/\/savasturanci.de\/wp-content\/uploads\/2016\/09\/cabecera_p_45.jpg\" srcset=\"https:\/\/savasturanci.de\/wp-content\/uploads\/2016\/09\/cabecera_p_45.jpg 983w, https:\/\/savasturanci.de\/wp-content\/uploads\/2016\/09\/cabecera_p_45-300x106.jpg 300w, https:\/\/savasturanci.de\/wp-content\/uploads\/2016\/09\/cabecera_p_45-768x270.jpg 768w, https:\/\/savasturanci.de\/wp-content\/uploads\/2016\/09\/cabecera_p_45-700x246.jpg 700w, https:\/\/savasturanci.de\/wp-content\/uploads\/2016\/09\/cabecera_p_45-830x292.jpg 830w, https:\/\/savasturanci.de\/wp-content\/uploads\/2016\/09\/cabecera_p_45-230x81.jpg 230w, https:\/\/savasturanci.de\/wp-content\/uploads\/2016\/09\/cabecera_p_45-350x123.jpg 350w, https:\/\/savasturanci.de\/wp-content\/uploads\/2016\/09\/cabecera_p_45-480x169.jpg 480w\" alt=\"KERALISS TECHNIQUE Keratin Essential Thermic Hair Protection\" width=\"983\" height=\"346\" \/><br \/>\n<\/a>Keraliss Technique Keratin Essential Thermic\u00a0 Hair Protection<\/p>\n<p>\u2022 <span lang=\"pl-PL\">kapilarnej zabezpieczenie termiczne.<br \/>\n\u2022 lekko kwa\u015bne pH (4,5 do 5,4)<br \/>\n\u2022 Zawiera keratyn\u0119, kt\u00f3ra uszczelnia nask\u00f3rek chroni\u0105cy w\u0142osy przed wysok\u0105 temperatur\u0105 z \u017celiwa lub suszarki.<br \/>\n\u2022 Zapewnia wysoki po\u0142ysk, jedwabisty dotyk i bardziej trwa\u0142e prostowanie, zar\u00f3wno trwa\u0142e i post\u0119puj\u0105ce.<br \/>\n\u2022 Nie t\u0142uste w\u0142osy.<br \/>\n\u2022 200 ml 7,0 Oz. \/ 24 u. 40 wniosk\u00f3w *<\/span><\/p>\n<p><span class=\"\">\u00a0<\/span><\/p>","protected":false},"excerpt":{"rendered":"<p>Keraliss Technika Prostowanie Cream + Technika Keraliss Cream neutralizator \u2022 Leczenie trwa\u0142ego [&hellip;]<\/p>\n","protected":false},"author":1,"featured_media":0,"parent":0,"menu_order":0,"comment_status":"closed","ping_status":"closed","template":"page-templates\/page_fullwidth.php","meta":{"footnotes":""},"_links":{"self":[{"href":"https:\/\/savasturanci.de\/pl\/wp-json\/wp\/v2\/pages\/126"}],"collection":[{"href":"https:\/\/savasturanci.de\/pl\/wp-json\/wp\/v2\/pages"}],"about":[{"href":"https:\/\/savasturanci.de\/pl\/wp-json\/wp\/v2\/types\/page"}],"author":[{"embeddable":true,"href":"https:\/\/savasturanci.de\/pl\/wp-json\/wp\/v2\/users\/1"}],"replies":[{"embeddable":true,"href":"https:\/\/savasturanci.de\/pl\/wp-json\/wp\/v2\/comments?post=126"}],"version-history":[{"count":38,"href":"https:\/\/savasturanci.de\/pl\/wp-json\/wp\/v2\/pages\/126\/revisions"}],"predecessor-version":[{"id":686,"href":"https:\/\/savasturanci.de\/pl\/wp-json\/wp\/v2\/pages\/126\/revisions\/686"}],"wp:attachment":[{"href":"https:\/\/savasturanci.de\/pl\/wp-json\/wp\/v2\/media?parent=126"}],"curies":[{"name":"wp","href":"https:\/\/api.w.org\/{rel}","templated":true}]}}