{"id":15,"date":"2016-09-01T21:09:12","date_gmt":"2016-09-01T21:09:12","guid":{"rendered":"http:\/\/savasturanci.de\/?page_id=15"},"modified":"2016-11-08T17:11:47","modified_gmt":"2016-11-08T17:11:47","slug":"haftungsausschluss","status":"publish","type":"page","link":"https:\/\/savasturanci.de\/pl\/haftungsausschluss\/","title":{"rendered":"(Deutsch) Haftungsausschluss"},"content":{"rendered":"<p class=\"qtranxs-available-languages-message qtranxs-available-languages-message-pl\">Przepraszamy, ten wpis jest dost\u0119pny tylko w j\u0119zyku <a href=\"https:\/\/savasturanci.de\/de\/wp-json\/wp\/v2\/pages\/15\" class=\"qtranxs-available-language-link qtranxs-available-language-link-de\" title=\"Deutsch\">Niemiecki<\/a>, <a href=\"https:\/\/savasturanci.de\/en\/wp-json\/wp\/v2\/pages\/15\" class=\"qtranxs-available-language-link qtranxs-available-language-link-en\" title=\"English\">Ameryka\u0144ski Angielski<\/a>, <a href=\"https:\/\/savasturanci.de\/fr\/wp-json\/wp\/v2\/pages\/15\" class=\"qtranxs-available-language-link qtranxs-available-language-link-fr\" title=\"Fran\u00e7ais\">Francuski<\/a> i <a href=\"https:\/\/savasturanci.de\/es\/wp-json\/wp\/v2\/pages\/15\" class=\"qtranxs-available-language-link qtranxs-available-language-link-es\" title=\"Espa\u00f1ol\">Europejski Hiszpa\u0144ski<\/a>.<\/p>","protected":false},"excerpt":{"rendered":"<p>Przepraszamy, ten wpis jest dost\u0119pny tylko w j\u0119zyku Niemiecki, Ameryka\u0144ski Angielski, Francuski [&hellip;]<\/p>\n","protected":false},"author":1,"featured_media":0,"parent":0,"menu_order":0,"comment_status":"closed","ping_status":"closed","template":"","meta":{"footnotes":""},"_links":{"self":[{"href":"https:\/\/savasturanci.de\/pl\/wp-json\/wp\/v2\/pages\/15"}],"collection":[{"href":"https:\/\/savasturanci.de\/pl\/wp-json\/wp\/v2\/pages"}],"about":[{"href":"https:\/\/savasturanci.de\/pl\/wp-json\/wp\/v2\/types\/page"}],"author":[{"embeddable":true,"href":"https:\/\/savasturanci.de\/pl\/wp-json\/wp\/v2\/users\/1"}],"replies":[{"embeddable":true,"href":"https:\/\/savasturanci.de\/pl\/wp-json\/wp\/v2\/comments?post=15"}],"version-history":[{"count":2,"href":"https:\/\/savasturanci.de\/pl\/wp-json\/wp\/v2\/pages\/15\/revisions"}],"predecessor-version":[{"id":269,"href":"https:\/\/savasturanci.de\/pl\/wp-json\/wp\/v2\/pages\/15\/revisions\/269"}],"wp:attachment":[{"href":"https:\/\/savasturanci.de\/pl\/wp-json\/wp\/v2\/media?parent=15"}],"curies":[{"name":"wp","href":"https:\/\/api.w.org\/{rel}","templated":true}]}}