{"id":126,"date":"2016-09-13T10:29:21","date_gmt":"2016-09-13T10:29:21","guid":{"rendered":"http:\/\/savasturanci.de\/?page_id=126"},"modified":"2016-11-09T03:42:50","modified_gmt":"2016-11-09T03:42:50","slug":"keraliss-technique-glaettungsystem","status":"publish","type":"page","link":"https:\/\/savasturanci.de\/pt\/keraliss-technique-glaettungsystem\/","title":{"rendered":"Sistema de t\u00e9cnica de alisamento Keraliss"},"content":{"rendered":"<div class=\"twoclick_social_bookmarks_post_126 social_share_privacy clearfix 1.6.4 locale-pt_PT sprite-\"><\/div><div class=\"twoclick-js\"><script type=\"text\/javascript\">\/* <![CDATA[ *\/\njQuery(document).ready(function($){if($('.twoclick_social_bookmarks_post_126')){$('.twoclick_social_bookmarks_post_126').socialSharePrivacy({\"services\":{\"facebook\":{\"status\":\"on\",\"txt_info\":\"2 Klicks f\\u00fcr mehr Datenschutz: Erst wenn Sie hier klicken, wird der Button aktiv und Sie k\\u00f6nnen Ihre Empfehlung an Facebook senden. Schon beim Aktivieren werden Daten an Dritte \\u00fcbertragen - siehe <em>i<\\\/em>.\",\"perma_option\":\"off\",\"action\":\"recommend\",\"language\":null},\"twitter\":{\"reply_to\":\"\",\"tweet_text\":\"Sistema%20de%20t%C3%A9cnica%20de%20alisamento%20Keraliss%20%C2%BB%20My%20CMS\",\"status\":\"on\",\"txt_info\":\"2 Klicks f\\u00fcr mehr Datenschutz: Erst wenn Sie hier klicken, wird der Button aktiv und Sie k\\u00f6nnen Ihre Empfehlung an Twitter senden. Schon beim Aktivieren werden Daten an Dritte \\u00fcbertragen - siehe <em>i<\\\/em>.\",\"perma_option\":\"off\",\"language\":\"en\",\"referrer_track\":\"\"},\"gplus\":{\"status\":\"on\",\"txt_info\":\"2 Klicks f\\u00fcr mehr Datenschutz: Erst wenn Sie hier klicken, wird der Button aktiv und Sie k\\u00f6nnen Ihre Empfehlung an Google+ senden. Schon beim Aktivieren werden Daten an Dritte \\u00fcbertragen - siehe <em>i<\\\/em>.\",\"perma_option\":\"off\",\"referrer_track\":\"\"}},\"txt_help\":\"Wenn Sie diese Felder durch einen Klick aktivieren, werden Informationen an Facebook, Twitter, Flattr, Xing, t3n, LinkedIn, Pinterest oder Google eventuell ins Ausland \\u00fcbertragen und unter Umst\\u00e4nden auch dort gespeichert. N\\u00e4heres erfahren Sie durch einen Klick auf das <em>i<\\\/em>.\",\"settings_perma\":\"Dauerhaft aktivieren und Daten\\u00fcber-tragung zustimmen:\",\"info_link\":\"http:\\\/\\\/www.heise.de\\\/ct\\\/artikel\\\/2-Klicks-fuer-mehr-Datenschutz-1333879.html\",\"uri\":\"https:\\\/\\\/savasturanci.de\\\/pt\\\/keraliss-technique-glaettungsystem\\\/\",\"post_id\":126,\"post_title_referrer_track\":\"Sistema+de+t%C3%A9cnica+de+alisamento+Keraliss\",\"display_infobox\":\"on\"});}});\n\/* ]]> *\/<\/script><\/div><p><img loading=\"lazy\" decoding=\"async\" class=\"so-widget-image\" src=\"https:\/\/savasturanci.de\/wp-content\/uploads\/2016\/09\/cabecera_p_28.jpg\" srcset=\"https:\/\/savasturanci.de\/wp-content\/uploads\/2016\/09\/cabecera_p_28.jpg 983w, https:\/\/savasturanci.de\/wp-content\/uploads\/2016\/09\/cabecera_p_28-300x106.jpg 300w, https:\/\/savasturanci.de\/wp-content\/uploads\/2016\/09\/cabecera_p_28-768x270.jpg 768w, https:\/\/savasturanci.de\/wp-content\/uploads\/2016\/09\/cabecera_p_28-700x246.jpg 700w, https:\/\/savasturanci.de\/wp-content\/uploads\/2016\/09\/cabecera_p_28-830x292.jpg 830w, https:\/\/savasturanci.de\/wp-content\/uploads\/2016\/09\/cabecera_p_28-230x81.jpg 230w, https:\/\/savasturanci.de\/wp-content\/uploads\/2016\/09\/cabecera_p_28-350x123.jpg 350w, https:\/\/savasturanci.de\/wp-content\/uploads\/2016\/09\/cabecera_p_28-480x169.jpg 480w\" width=\"983\" height=\"346\" \/><br \/>\nKeraliss Technique Creme Desfrisante + Keraliss Technique Creme Neutralizante<br \/>\n\u2022\u00a0 Tratamento de alisamento permanente com queratina para todo tipo de cabelos, inclusive os mais ri\u00e7ados ou encrespados.<br \/>\n\u2022\u00a0 Perfeita redu\u00e7\u00e2o do volume.<br \/>\n\u2022\u00a0 100% livre de formol.<br \/>\n\u2022\u00a0 Cont\u00e9m: creme desfrisante + creme neutralizante.<br \/>\nKeraliss Technique Creme Desfrisante<br \/>\n\u2022\u00a0 Prepara os cabelos para o alisamento.<br \/>\n\u2022\u00a0 Contem queratina, que deixa o cabelo completamente hidratado, flex\u00edvel, sedoso, com pouco volume e muito mane\u00e1vel.<br \/>\n\u2022\u00a0 Cont\u00e9m \u00f3leo de argan, rico em vitamina E e \u00e1cidos gordos essenciais, que nutrem e revitalizam a fibra capilar.<br \/>\n\u2022\u00a0 pH alcalino (9,0 \u2013 9,5)<br \/>\n\u2022\u00a0 120 ml 4,2 Oz. \/ 12 u.<br \/>\nKeraliss Technique Creme Neutralizante<br \/>\n\u2022\u00a0 Ajuda a normalizar o pH do cabelo.<br \/>\n\u2022\u00a0 Fixa e fecha a sua nova estrutura.<br \/>\n\u2022\u00a0 pH \u00e1cido (2,3 \u2013 3,2)<br \/>\n\u2022\u00a0 120 ml 4,2 Oz. \/ 12 u.<\/p>\n<p><a href=\"https:\/\/savasturanci.de\/wp-content\/uploads\/2016\/09\/cabecera_p_29.jpg\" target=\"_blank\"> <img loading=\"lazy\" decoding=\"async\" class=\"so-widget-image\" src=\"https:\/\/savasturanci.de\/wp-content\/uploads\/2016\/09\/cabecera_p_29.jpg\" srcset=\"https:\/\/savasturanci.de\/wp-content\/uploads\/2016\/09\/cabecera_p_29.jpg 983w, https:\/\/savasturanci.de\/wp-content\/uploads\/2016\/09\/cabecera_p_29-300x106.jpg 300w, https:\/\/savasturanci.de\/wp-content\/uploads\/2016\/09\/cabecera_p_29-768x270.jpg 768w, https:\/\/savasturanci.de\/wp-content\/uploads\/2016\/09\/cabecera_p_29-700x246.jpg 700w, https:\/\/savasturanci.de\/wp-content\/uploads\/2016\/09\/cabecera_p_29-830x292.jpg 830w, https:\/\/savasturanci.de\/wp-content\/uploads\/2016\/09\/cabecera_p_29-230x81.jpg 230w, https:\/\/savasturanci.de\/wp-content\/uploads\/2016\/09\/cabecera_p_29-350x123.jpg 350w, https:\/\/savasturanci.de\/wp-content\/uploads\/2016\/09\/cabecera_p_29-480x169.jpg 480w\" width=\"983\" height=\"346\" \/><br \/>\n<\/a><\/p>\n<p>KERALISS TECHNIQUE\u00a0 KERATIN ESSENTIAL SHAMPOO<br \/>\n\u2022\u00a0 Champ\u00f4 de queratina que aporta resist\u00eancia e flexibilidade a fibra capilar.<br \/>\n\u2022\u00a0 Limpa em profundidade enquanto hidrata e sela a cut\u00edcula capilar.<br \/>\n\u2022\u00a0 Prevene encrespamento e as pontas abertas.<br \/>\n\u2022\u00a0 Proporciona elasticidade e facilita o alisamento do cabelo, tanto permanente como progressivo.<br \/>\n\u2022\u00a0 Incorpora um condicionador quatern\u00e1rio que contribui a dar brilho e suavidade ao cabelo.<br \/>\n\u2022\u00a0 pH neutro (5,8 \u2013 6,6)<br \/>\n\u2022\u00a0 1000 ml 35 Oz. \/ 4u.\u00a0 200 aplica\u00e7\u00f4es*<br \/>\n\u2022\u00a0 300 ml 10,5 Oz. \/ 12u.\u00a0 60 aplica\u00e7\u00f4es*<\/p>\n<p>&nbsp;<\/p>\n<p><a href=\"https:\/\/savasturanci.de\/wp-content\/uploads\/2016\/09\/cabecera_p_30.jpg\" target=\"_blank\"> <img loading=\"lazy\" decoding=\"async\" class=\"so-widget-image\" src=\"https:\/\/savasturanci.de\/wp-content\/uploads\/2016\/09\/cabecera_p_30.jpg\" srcset=\"https:\/\/savasturanci.de\/wp-content\/uploads\/2016\/09\/cabecera_p_30.jpg 983w, https:\/\/savasturanci.de\/wp-content\/uploads\/2016\/09\/cabecera_p_30-300x106.jpg 300w, https:\/\/savasturanci.de\/wp-content\/uploads\/2016\/09\/cabecera_p_30-768x270.jpg 768w, https:\/\/savasturanci.de\/wp-content\/uploads\/2016\/09\/cabecera_p_30-700x246.jpg 700w, https:\/\/savasturanci.de\/wp-content\/uploads\/2016\/09\/cabecera_p_30-830x292.jpg 830w, https:\/\/savasturanci.de\/wp-content\/uploads\/2016\/09\/cabecera_p_30-230x81.jpg 230w, https:\/\/savasturanci.de\/wp-content\/uploads\/2016\/09\/cabecera_p_30-350x123.jpg 350w, https:\/\/savasturanci.de\/wp-content\/uploads\/2016\/09\/cabecera_p_30-480x169.jpg 480w\" width=\"983\" height=\"346\" \/><br \/>\n<\/a><\/p>\n<p>KERALISS TECHNIQUE\u00a0 KERATIN ESSENTIAL BALM<br \/>\n\u2022\u00a0 B\u00e1lsamo condicionador do cabelo com queratina que reestrutura e regenera a fibra capilar.<br \/>\n\u2022\u00a0 Cont\u00e9m D \u2013 pantenol que retem a \u00famidade no cabelo, proporcionando-lhe elasticidade e brilho.<br \/>\n\u2022\u00a0 Facilita o alisado do cabelo, tanto permanente como progressivo.<br \/>\n\u2022\u00a0 pH ligeiramente \u00e1cido (4,6 \u2013 5,5)<br \/>\n\u2022\u00a0 1000 ml 35 Oz. \/ 4u.\u00a0 200 aplica\u00e7\u00f4es*<br \/>\n\u2022\u00a0 300 ml 10,5 Oz. \/ 12u.\u00a0 60 aplica\u00e7\u00f4es*<\/p>\n<p>&nbsp;<\/p>\n<p><a href=\"https:\/\/savasturanci.de\/wp-content\/uploads\/2016\/09\/cabecera_p_45.jpg\" target=\"_blank\"> <img loading=\"lazy\" decoding=\"async\" class=\"so-widget-image\" src=\"https:\/\/savasturanci.de\/wp-content\/uploads\/2016\/09\/cabecera_p_45.jpg\" srcset=\"https:\/\/savasturanci.de\/wp-content\/uploads\/2016\/09\/cabecera_p_45.jpg 983w, https:\/\/savasturanci.de\/wp-content\/uploads\/2016\/09\/cabecera_p_45-300x106.jpg 300w, https:\/\/savasturanci.de\/wp-content\/uploads\/2016\/09\/cabecera_p_45-768x270.jpg 768w, https:\/\/savasturanci.de\/wp-content\/uploads\/2016\/09\/cabecera_p_45-700x246.jpg 700w, https:\/\/savasturanci.de\/wp-content\/uploads\/2016\/09\/cabecera_p_45-830x292.jpg 830w, https:\/\/savasturanci.de\/wp-content\/uploads\/2016\/09\/cabecera_p_45-230x81.jpg 230w, https:\/\/savasturanci.de\/wp-content\/uploads\/2016\/09\/cabecera_p_45-350x123.jpg 350w, https:\/\/savasturanci.de\/wp-content\/uploads\/2016\/09\/cabecera_p_45-480x169.jpg 480w\" alt=\"KERALISS TECHNIQUE Keratin Essential Thermic Hair Protection\" width=\"983\" height=\"346\" \/><br \/>\n<\/a><\/p>\n<p>KERALISS TECHNIQUE\u00a0 KERATIN ESSENTIAL THERMIC\u00a0 HAIR PROTECTION<br \/>\n\u2022\u00a0 Protector t\u00e9rmico capilar.<br \/>\n\u2022\u00a0 pH ligeiramente \u00e1cido (4,5 \u2013 5,4)<br \/>\n\u2022\u00a0 Cont\u00e9m queratina que fecha a cuticula para proteger eficazmente o cabelo do calor que produz a prancha ou secador.<br \/>\n\u2022\u00a0 Proporciona um brilho intenso um tacto sedoso e um alisado mais duradouro, tanto permanente como progressivo.<br \/>\n\u2022\u00a0 N\u00e3o deixa o cabelo oleoso.<br \/>\n\u2022\u00a0 200 ml 7.0 Oz. \/ 24 u\u00a0 40 aplica\u00e7\u00f4es*<\/p>\n<p>&nbsp;<\/p>","protected":false},"excerpt":{"rendered":"<p>Keraliss Technique Creme Desfrisante + Keraliss Technique Creme Neutralizante \u2022\u00a0 Tratamento de [&hellip;]<\/p>\n","protected":false},"author":1,"featured_media":0,"parent":0,"menu_order":0,"comment_status":"closed","ping_status":"closed","template":"page-templates\/page_fullwidth.php","meta":{"footnotes":""},"_links":{"self":[{"href":"https:\/\/savasturanci.de\/pt\/wp-json\/wp\/v2\/pages\/126"}],"collection":[{"href":"https:\/\/savasturanci.de\/pt\/wp-json\/wp\/v2\/pages"}],"about":[{"href":"https:\/\/savasturanci.de\/pt\/wp-json\/wp\/v2\/types\/page"}],"author":[{"embeddable":true,"href":"https:\/\/savasturanci.de\/pt\/wp-json\/wp\/v2\/users\/1"}],"replies":[{"embeddable":true,"href":"https:\/\/savasturanci.de\/pt\/wp-json\/wp\/v2\/comments?post=126"}],"version-history":[{"count":38,"href":"https:\/\/savasturanci.de\/pt\/wp-json\/wp\/v2\/pages\/126\/revisions"}],"predecessor-version":[{"id":686,"href":"https:\/\/savasturanci.de\/pt\/wp-json\/wp\/v2\/pages\/126\/revisions\/686"}],"wp:attachment":[{"href":"https:\/\/savasturanci.de\/pt\/wp-json\/wp\/v2\/media?parent=126"}],"curies":[{"name":"wp","href":"https:\/\/api.w.org\/{rel}","templated":true}]}}