{"id":666,"date":"2019-06-12T16:43:00","date_gmt":"2019-06-12T16:43:00","guid":{"rendered":"http:\/\/savasturanci.de\/?page_id=666"},"modified":"2022-11-24T13:59:17","modified_gmt":"2022-11-24T13:59:17","slug":"st-change-blade-chrome","status":"publish","type":"page","link":"https:\/\/savasturanci.de\/ru\/st-change-blade-chrome\/","title":{"rendered":"(Deutsch) ST CHANGE BLADE CHROME"},"content":{"rendered":"<div class=\"twoclick_social_bookmarks_post_666 social_share_privacy clearfix 1.6.4 locale-ru_RU sprite-\"><\/div><div class=\"twoclick-js\"><script type=\"text\/javascript\">\/* <![CDATA[ *\/\njQuery(document).ready(function($){if($('.twoclick_social_bookmarks_post_666')){$('.twoclick_social_bookmarks_post_666').socialSharePrivacy({\"services\":{\"facebook\":{\"status\":\"on\",\"txt_info\":\"2 Klicks f\\u00fcr mehr Datenschutz: Erst wenn Sie hier klicken, wird der Button aktiv und Sie k\\u00f6nnen Ihre Empfehlung an Facebook senden. Schon beim Aktivieren werden Daten an Dritte \\u00fcbertragen - siehe <em>i<\\\/em>.\",\"perma_option\":\"off\",\"action\":\"recommend\",\"language\":null},\"twitter\":{\"reply_to\":\"\",\"tweet_text\":\"%28Deutsch%29%20ST%20CHANGE%20BLADE%20CHROME%20%C2%BB%20My%20CMS\",\"status\":\"on\",\"txt_info\":\"2 Klicks f\\u00fcr mehr Datenschutz: Erst wenn Sie hier klicken, wird der Button aktiv und Sie k\\u00f6nnen Ihre Empfehlung an Twitter senden. Schon beim Aktivieren werden Daten an Dritte \\u00fcbertragen - siehe <em>i<\\\/em>.\",\"perma_option\":\"off\",\"language\":\"en\",\"referrer_track\":\"\"},\"gplus\":{\"status\":\"on\",\"txt_info\":\"2 Klicks f\\u00fcr mehr Datenschutz: Erst wenn Sie hier klicken, wird der Button aktiv und Sie k\\u00f6nnen Ihre Empfehlung an Google+ senden. Schon beim Aktivieren werden Daten an Dritte \\u00fcbertragen - siehe <em>i<\\\/em>.\",\"perma_option\":\"off\",\"referrer_track\":\"\"}},\"txt_help\":\"Wenn Sie diese Felder durch einen Klick aktivieren, werden Informationen an Facebook, Twitter, Flattr, Xing, t3n, LinkedIn, Pinterest oder Google eventuell ins Ausland \\u00fcbertragen und unter Umst\\u00e4nden auch dort gespeichert. N\\u00e4heres erfahren Sie durch einen Klick auf das <em>i<\\\/em>.\",\"settings_perma\":\"Dauerhaft aktivieren und Daten\\u00fcber-tragung zustimmen:\",\"info_link\":\"http:\\\/\\\/www.heise.de\\\/ct\\\/artikel\\\/2-Klicks-fuer-mehr-Datenschutz-1333879.html\",\"uri\":\"https:\\\/\\\/savasturanci.de\\\/ru\\\/st-change-blade-chrome\\\/\",\"post_id\":666,\"post_title_referrer_track\":\"%28Deutsch%29+ST+CHANGE+BLADE+CHROME\",\"display_infobox\":\"on\"});}});\n\/* ]]> *\/<\/script><\/div><div id=\"pl-666\"  class=\"panel-layout\" ><div id=\"pg-666-0\"  class=\"panel-grid panel-has-style\" ><div style=\"padding: 100px 0; \" data-overlay=\"true\" class=\"panel-row-style panel-row-style-for-666-0\" ><div id=\"pgc-666-0-0\"  class=\"panel-grid-cell\" ><div id=\"panel-666-0-0-0\" class=\"so-panel widget widget_media_image panel-first-child\" data-index=\"0\" ><div style=\"text-align: left;\" data-title-color=\"#443f3f\" data-headings-color=\"#443f3f\" class=\"panel-widget-style panel-widget-style-for-666-0-0-0\" ><figure style=\"width: 900px\" class=\"wp-caption alignnone\"><img loading=\"lazy\" decoding=\"async\" width=\"900\" height=\"601\" src=\"https:\/\/savasturanci.de\/wp-content\/uploads\/2019\/06\/Savas-Turanci-Rasiermesser-No-Blade-232.jpg\" class=\"image wp-image-667  attachment-full size-full\" alt=\"ST CHANGE BLADE CHROME\" style=\"max-width: 100%; height: auto;\" srcset=\"https:\/\/savasturanci.de\/wp-content\/uploads\/2019\/06\/Savas-Turanci-Rasiermesser-No-Blade-232.jpg 900w, https:\/\/savasturanci.de\/wp-content\/uploads\/2019\/06\/Savas-Turanci-Rasiermesser-No-Blade-232-300x200.jpg 300w, https:\/\/savasturanci.de\/wp-content\/uploads\/2019\/06\/Savas-Turanci-Rasiermesser-No-Blade-232-768x513.jpg 768w, https:\/\/savasturanci.de\/wp-content\/uploads\/2019\/06\/Savas-Turanci-Rasiermesser-No-Blade-232-700x467.jpg 700w, https:\/\/savasturanci.de\/wp-content\/uploads\/2019\/06\/Savas-Turanci-Rasiermesser-No-Blade-232-830x554.jpg 830w, https:\/\/savasturanci.de\/wp-content\/uploads\/2019\/06\/Savas-Turanci-Rasiermesser-No-Blade-232-230x154.jpg 230w, https:\/\/savasturanci.de\/wp-content\/uploads\/2019\/06\/Savas-Turanci-Rasiermesser-No-Blade-232-350x234.jpg 350w, https:\/\/savasturanci.de\/wp-content\/uploads\/2019\/06\/Savas-Turanci-Rasiermesser-No-Blade-232-480x321.jpg 480w, https:\/\/savasturanci.de\/wp-content\/uploads\/2019\/06\/Savas-Turanci-Rasiermesser-No-Blade-232-272x182.jpg 272w\" sizes=\"(max-width: 900px) 100vw, 900px\" \/><figcaption class=\"wp-caption-text\">Rasiermesser, wechselbare Klingen, Ustura, Razor<\/figcaption><\/figure><\/div><\/div><div id=\"panel-666-0-0-1\" class=\"so-panel widget widget_sow-editor panel-last-child\" data-index=\"1\" ><div style=\"text-align: left;\" data-title-color=\"#443f3f\" data-headings-color=\"#443f3f\" class=\"panel-widget-style panel-widget-style-for-666-0-0-1\" ><div class=\"so-widget-sow-editor so-widget-sow-editor-base\"><h3 class=\"widget-title\">ST CHANGE BLADE CHROME<\/h3>\n<div class=\"siteorigin-widget-tinymce textwidget\">\n\t<p>Hergestellt f\u00fcr SAVAS TURANCI INTERNATIONAL<br \/>\nRasiermesser, wechselbare Klingen<br \/>\nKlingen Gr\u00f6\u00dfe:4cm<br \/>\nH\u00e4rte ca. 45-55 HRC<br \/>\nKlingenmaterial: Edelstahl 16 Chrom<br \/>\nHandst\u00fcck ist aus hochwertig Hand poliertem Oliven Holz<br \/>\nECHTE HANDARBEIT<br \/>\nSavas Turanci<br \/>\nTheodor-Bergmann strasse 5 76571 Gaggenau<br \/>\nPhone : 0049 (0) 7225-98 99 66 savasturanci@gmail.com<br \/>\nWarnhinweise: (nicht gebrauchsfertig und nicht gesch\u00e4rft)! Vorsicht beim einlegen der<br \/>\nRasierklinge zum Gebrauch des Rasiermessers. Verletzungsgefahr mit der wechsel Klinge, extrem<br \/>\nscharf! Ausserhalb der Reichweite von Kindern aufbewahren!<\/p>\n<\/div>\n<\/div><\/div><\/div><\/div><\/div><\/div><div id=\"pg-666-1\"  class=\"panel-grid panel-has-style\" ><div style=\"padding: 100px 0; \" data-overlay=\"true\" data-overlay-color=\"#000000\" class=\"panel-row-style panel-row-style-for-666-1\" ><div id=\"pgc-666-1-0\"  class=\"panel-grid-cell\" ><div id=\"panel-666-1-0-0\" class=\"so-panel widget widget_media_image panel-first-child panel-last-child\" data-index=\"2\" ><div style=\"text-align: left;\" data-title-color=\"#443f3f\" data-headings-color=\"#443f3f\" class=\"panel-widget-style panel-widget-style-for-666-1-0-0\" ><h3 class=\"widget-title\">ST CHANGE BLADE CHROME in aufgeklappter Position zum Einsetzen der Klinge<\/h3><img loading=\"lazy\" decoding=\"async\" width=\"900\" height=\"601\" src=\"https:\/\/savasturanci.de\/wp-content\/uploads\/2019\/06\/Savas-Turanci-Rasiermesser-No-Blade-267.jpg\" class=\"image wp-image-671  attachment-full size-full\" alt=\"\" style=\"max-width: 100%; height: auto;\" title=\"ST CHANGE BLADE CHROME in aufgeklappter Position zum Einsetzen der Klinge\" srcset=\"https:\/\/savasturanci.de\/wp-content\/uploads\/2019\/06\/Savas-Turanci-Rasiermesser-No-Blade-267.jpg 900w, https:\/\/savasturanci.de\/wp-content\/uploads\/2019\/06\/Savas-Turanci-Rasiermesser-No-Blade-267-300x200.jpg 300w, https:\/\/savasturanci.de\/wp-content\/uploads\/2019\/06\/Savas-Turanci-Rasiermesser-No-Blade-267-768x513.jpg 768w, https:\/\/savasturanci.de\/wp-content\/uploads\/2019\/06\/Savas-Turanci-Rasiermesser-No-Blade-267-700x467.jpg 700w, https:\/\/savasturanci.de\/wp-content\/uploads\/2019\/06\/Savas-Turanci-Rasiermesser-No-Blade-267-830x554.jpg 830w, https:\/\/savasturanci.de\/wp-content\/uploads\/2019\/06\/Savas-Turanci-Rasiermesser-No-Blade-267-230x154.jpg 230w, https:\/\/savasturanci.de\/wp-content\/uploads\/2019\/06\/Savas-Turanci-Rasiermesser-No-Blade-267-350x234.jpg 350w, https:\/\/savasturanci.de\/wp-content\/uploads\/2019\/06\/Savas-Turanci-Rasiermesser-No-Blade-267-480x321.jpg 480w, https:\/\/savasturanci.de\/wp-content\/uploads\/2019\/06\/Savas-Turanci-Rasiermesser-No-Blade-267-272x182.jpg 272w\" sizes=\"(max-width: 900px) 100vw, 900px\" \/><\/div><\/div><\/div><\/div><\/div><div id=\"pg-666-2\"  class=\"panel-grid panel-has-style\" ><div style=\"padding: 100px 0; \" data-overlay=\"true\" data-overlay-color=\"#000000\" class=\"panel-row-style panel-row-style-for-666-2\" ><div id=\"pgc-666-2-0\"  class=\"panel-grid-cell\" ><div id=\"panel-666-2-0-0\" class=\"so-panel widget widget_media_image panel-first-child panel-last-child\" data-index=\"3\" ><div style=\"text-align: left;\" data-title-color=\"#443f3f\" data-headings-color=\"#443f3f\" class=\"panel-widget-style panel-widget-style-for-666-2-0-0\" ><h3 class=\"widget-title\">verpackt in schwarzer Karton Box<\/h3><img loading=\"lazy\" decoding=\"async\" width=\"900\" height=\"601\" src=\"https:\/\/savasturanci.de\/wp-content\/uploads\/2019\/06\/Savas-Turanci-Rasiermesser-No-Blade-Verpackung-469.jpg\" class=\"image wp-image-672  attachment-full size-full\" alt=\"\" style=\"max-width: 100%; height: auto;\" title=\"verpackt in schwarzer Karton Box\" srcset=\"https:\/\/savasturanci.de\/wp-content\/uploads\/2019\/06\/Savas-Turanci-Rasiermesser-No-Blade-Verpackung-469.jpg 900w, https:\/\/savasturanci.de\/wp-content\/uploads\/2019\/06\/Savas-Turanci-Rasiermesser-No-Blade-Verpackung-469-300x200.jpg 300w, https:\/\/savasturanci.de\/wp-content\/uploads\/2019\/06\/Savas-Turanci-Rasiermesser-No-Blade-Verpackung-469-768x513.jpg 768w, https:\/\/savasturanci.de\/wp-content\/uploads\/2019\/06\/Savas-Turanci-Rasiermesser-No-Blade-Verpackung-469-700x467.jpg 700w, https:\/\/savasturanci.de\/wp-content\/uploads\/2019\/06\/Savas-Turanci-Rasiermesser-No-Blade-Verpackung-469-830x554.jpg 830w, https:\/\/savasturanci.de\/wp-content\/uploads\/2019\/06\/Savas-Turanci-Rasiermesser-No-Blade-Verpackung-469-230x154.jpg 230w, https:\/\/savasturanci.de\/wp-content\/uploads\/2019\/06\/Savas-Turanci-Rasiermesser-No-Blade-Verpackung-469-350x234.jpg 350w, https:\/\/savasturanci.de\/wp-content\/uploads\/2019\/06\/Savas-Turanci-Rasiermesser-No-Blade-Verpackung-469-480x321.jpg 480w, https:\/\/savasturanci.de\/wp-content\/uploads\/2019\/06\/Savas-Turanci-Rasiermesser-No-Blade-Verpackung-469-272x182.jpg 272w\" sizes=\"(max-width: 900px) 100vw, 900px\" \/><\/div><\/div><\/div><\/div><\/div><div id=\"pg-666-3\"  class=\"panel-grid panel-has-style\" ><div style=\"padding: 100px 0; \" data-overlay=\"true\" data-overlay-color=\"#000000\" class=\"panel-row-style panel-row-style-for-666-3\" ><div id=\"pgc-666-3-0\"  class=\"panel-grid-cell\" ><div id=\"panel-666-3-0-0\" class=\"so-panel widget widget_media_image panel-first-child panel-last-child\" data-index=\"4\" ><div style=\"text-align: left;\" data-title-color=\"#443f3f\" data-headings-color=\"#443f3f\" class=\"panel-widget-style panel-widget-style-for-666-3-0-0\" ><h3 class=\"widget-title\">ORGINAL Savas Turanci International<\/h3><img loading=\"lazy\" decoding=\"async\" width=\"900\" height=\"637\" src=\"https:\/\/savasturanci.de\/wp-content\/uploads\/2019\/06\/stamp-Savas-Turanci900PX.jpg\" class=\"image wp-image-743  attachment-full size-full\" alt=\"\" style=\"max-width: 100%; height: auto;\" title=\"ORGINAL Savas Turanci International\" srcset=\"https:\/\/savasturanci.de\/wp-content\/uploads\/2019\/06\/stamp-Savas-Turanci900PX.jpg 900w, https:\/\/savasturanci.de\/wp-content\/uploads\/2019\/06\/stamp-Savas-Turanci900PX-300x212.jpg 300w, https:\/\/savasturanci.de\/wp-content\/uploads\/2019\/06\/stamp-Savas-Turanci900PX-768x544.jpg 768w, https:\/\/savasturanci.de\/wp-content\/uploads\/2019\/06\/stamp-Savas-Turanci900PX-700x495.jpg 700w, https:\/\/savasturanci.de\/wp-content\/uploads\/2019\/06\/stamp-Savas-Turanci900PX-830x587.jpg 830w, https:\/\/savasturanci.de\/wp-content\/uploads\/2019\/06\/stamp-Savas-Turanci900PX-230x163.jpg 230w, https:\/\/savasturanci.de\/wp-content\/uploads\/2019\/06\/stamp-Savas-Turanci900PX-350x248.jpg 350w, https:\/\/savasturanci.de\/wp-content\/uploads\/2019\/06\/stamp-Savas-Turanci900PX-480x340.jpg 480w\" sizes=\"(max-width: 900px) 100vw, 900px\" \/><\/div><\/div><\/div><div id=\"pgc-666-3-1\"  class=\"panel-grid-cell\" ><div id=\"panel-666-3-1-0\" class=\"so-panel widget widget_media_image panel-first-child panel-last-child\" data-index=\"5\" ><div style=\"text-align: left;\" data-title-color=\"#443f3f\" data-headings-color=\"#443f3f\" class=\"panel-widget-style panel-widget-style-for-666-3-1-0\" ><h3 class=\"widget-title\">Handarbeit<\/h3><img loading=\"lazy\" decoding=\"async\" width=\"900\" height=\"786\" src=\"https:\/\/savasturanci.de\/wp-content\/uploads\/2019\/06\/Stempel-Handmade_SavasWork-Kopie-2.jpg\" class=\"image wp-image-742  attachment-full size-full\" alt=\"\" style=\"max-width: 100%; height: auto;\" title=\"Handarbeit\" srcset=\"https:\/\/savasturanci.de\/wp-content\/uploads\/2019\/06\/Stempel-Handmade_SavasWork-Kopie-2.jpg 900w, https:\/\/savasturanci.de\/wp-content\/uploads\/2019\/06\/Stempel-Handmade_SavasWork-Kopie-2-300x262.jpg 300w, https:\/\/savasturanci.de\/wp-content\/uploads\/2019\/06\/Stempel-Handmade_SavasWork-Kopie-2-768x671.jpg 768w, https:\/\/savasturanci.de\/wp-content\/uploads\/2019\/06\/Stempel-Handmade_SavasWork-Kopie-2-700x611.jpg 700w, https:\/\/savasturanci.de\/wp-content\/uploads\/2019\/06\/Stempel-Handmade_SavasWork-Kopie-2-830x725.jpg 830w, https:\/\/savasturanci.de\/wp-content\/uploads\/2019\/06\/Stempel-Handmade_SavasWork-Kopie-2-230x201.jpg 230w, https:\/\/savasturanci.de\/wp-content\/uploads\/2019\/06\/Stempel-Handmade_SavasWork-Kopie-2-350x306.jpg 350w, https:\/\/savasturanci.de\/wp-content\/uploads\/2019\/06\/Stempel-Handmade_SavasWork-Kopie-2-480x419.jpg 480w\" sizes=\"(max-width: 900px) 100vw, 900px\" \/><\/div><\/div><\/div><\/div><\/div><div id=\"pg-666-4\"  class=\"panel-grid panel-has-style\" ><div style=\"padding: 100px 0; \" data-overlay=\"true\" data-overlay-color=\"#000000\" class=\"panel-row-style panel-row-style-for-666-4\" ><div id=\"pgc-666-4-0\"  class=\"panel-grid-cell\" ><div id=\"panel-666-4-0-0\" class=\"so-panel widget widget_sydney_action sydney_action_widget panel-first-child panel-last-child\" data-index=\"6\" ><div style=\"text-align: left;\" data-title-color=\"#443f3f\" data-headings-color=\"#443f3f\" class=\"panel-widget-style panel-widget-style-for-666-4-0-0\" ><h3 class=\"widget-title\">Bestell link  &#8211; go to Order <\/h3>        <div class=\"roll-promobox aside-style\">\r\n\t\t\t<div class=\"promo-wrap\">\r\n\t\t\t\t\t\t\t\t<div class=\"promo-controls\">\r\n\t\t\t\t\t<a href=\"https:\/\/haarkult.eu\/produkt\/st-change-blade-chrome-st-change-blade-chrome-rasiermesser\/\" class=\"roll-button border\">klicke hier zum Bestellen - click for Order <\/a>\r\n\t\t\t\t<\/div>\r\n\t\t\t<\/div>\r\n        <\/div>\r\n\t<\/div><\/div><\/div><\/div><\/div><\/div>","protected":false},"excerpt":{"rendered":"<p>Hergestellt f\u00fcr SAVAS TURANCI INTERNATIONAL Rasiermesser, wechselbare Klingen Klingen Gr\u00f6\u00dfe:4cm H\u00e4rte ca. [&hellip;]<\/p>\n","protected":false},"author":1,"featured_media":0,"parent":0,"menu_order":0,"comment_status":"closed","ping_status":"closed","template":"page-templates\/page_fullwidth.php","meta":{"footnotes":""},"_links":{"self":[{"href":"https:\/\/savasturanci.de\/ru\/wp-json\/wp\/v2\/pages\/666"}],"collection":[{"href":"https:\/\/savasturanci.de\/ru\/wp-json\/wp\/v2\/pages"}],"about":[{"href":"https:\/\/savasturanci.de\/ru\/wp-json\/wp\/v2\/types\/page"}],"author":[{"embeddable":true,"href":"https:\/\/savasturanci.de\/ru\/wp-json\/wp\/v2\/users\/1"}],"replies":[{"embeddable":true,"href":"https:\/\/savasturanci.de\/ru\/wp-json\/wp\/v2\/comments?post=666"}],"version-history":[{"count":10,"href":"https:\/\/savasturanci.de\/ru\/wp-json\/wp\/v2\/pages\/666\/revisions"}],"predecessor-version":[{"id":854,"href":"https:\/\/savasturanci.de\/ru\/wp-json\/wp\/v2\/pages\/666\/revisions\/854"}],"wp:attachment":[{"href":"https:\/\/savasturanci.de\/ru\/wp-json\/wp\/v2\/media?parent=666"}],"curies":[{"name":"wp","href":"https:\/\/api.w.org\/{rel}","templated":true}]}}