{"id":126,"date":"2016-09-13T10:29:21","date_gmt":"2016-09-13T10:29:21","guid":{"rendered":"http:\/\/savasturanci.de\/?page_id=126"},"modified":"2016-11-09T03:42:50","modified_gmt":"2016-11-09T03:42:50","slug":"keraliss-technique-glaettungsystem","status":"publish","type":"page","link":"https:\/\/savasturanci.de\/tr\/keraliss-technique-glaettungsystem\/","title":{"rendered":"Keraliss tekni\u011fi daimi sa\u00e7 do\u011frultma tedavisi sistemi"},"content":{"rendered":"<div class=\"twoclick_social_bookmarks_post_126 social_share_privacy clearfix 1.6.4 locale-tr_TR sprite-\"><\/div><div class=\"twoclick-js\"><script type=\"text\/javascript\">\/* <![CDATA[ *\/\njQuery(document).ready(function($){if($('.twoclick_social_bookmarks_post_126')){$('.twoclick_social_bookmarks_post_126').socialSharePrivacy({\"services\":{\"facebook\":{\"status\":\"on\",\"txt_info\":\"2 Klicks f\\u00fcr mehr Datenschutz: Erst wenn Sie hier klicken, wird der Button aktiv und Sie k\\u00f6nnen Ihre Empfehlung an Facebook senden. Schon beim Aktivieren werden Daten an Dritte \\u00fcbertragen - siehe <em>i<\\\/em>.\",\"perma_option\":\"off\",\"action\":\"recommend\",\"language\":null},\"twitter\":{\"reply_to\":\"\",\"tweet_text\":\"Keraliss%20tekni%C4%9Fi%20daimi%20sa%C3%A7%20do%C4%9Frultma%20tedavisi%20sistemi%20%C2%BB%20My%20CMS\",\"status\":\"on\",\"txt_info\":\"2 Klicks f\\u00fcr mehr Datenschutz: Erst wenn Sie hier klicken, wird der Button aktiv und Sie k\\u00f6nnen Ihre Empfehlung an Twitter senden. Schon beim Aktivieren werden Daten an Dritte \\u00fcbertragen - siehe <em>i<\\\/em>.\",\"perma_option\":\"off\",\"language\":\"en\",\"referrer_track\":\"\"},\"gplus\":{\"status\":\"on\",\"txt_info\":\"2 Klicks f\\u00fcr mehr Datenschutz: Erst wenn Sie hier klicken, wird der Button aktiv und Sie k\\u00f6nnen Ihre Empfehlung an Google+ senden. Schon beim Aktivieren werden Daten an Dritte \\u00fcbertragen - siehe <em>i<\\\/em>.\",\"perma_option\":\"off\",\"referrer_track\":\"\"}},\"txt_help\":\"Wenn Sie diese Felder durch einen Klick aktivieren, werden Informationen an Facebook, Twitter, Flattr, Xing, t3n, LinkedIn, Pinterest oder Google eventuell ins Ausland \\u00fcbertragen und unter Umst\\u00e4nden auch dort gespeichert. N\\u00e4heres erfahren Sie durch einen Klick auf das <em>i<\\\/em>.\",\"settings_perma\":\"Dauerhaft aktivieren und Daten\\u00fcber-tragung zustimmen:\",\"info_link\":\"http:\\\/\\\/www.heise.de\\\/ct\\\/artikel\\\/2-Klicks-fuer-mehr-Datenschutz-1333879.html\",\"uri\":\"https:\\\/\\\/savasturanci.de\\\/tr\\\/keraliss-technique-glaettungsystem\\\/\",\"post_id\":126,\"post_title_referrer_track\":\"Keraliss+tekni%C4%9Fi+daimi+sa%C3%A7+do%C4%9Frultma+tedavisi+sistemi\",\"display_infobox\":\"on\"});}});\n\/* ]]> *\/<\/script><\/div><p><img loading=\"lazy\" decoding=\"async\" class=\"so-widget-image\" src=\"https:\/\/savasturanci.de\/wp-content\/uploads\/2016\/09\/cabecera_p_28.jpg\" srcset=\"https:\/\/savasturanci.de\/wp-content\/uploads\/2016\/09\/cabecera_p_28.jpg 983w, https:\/\/savasturanci.de\/wp-content\/uploads\/2016\/09\/cabecera_p_28-300x106.jpg 300w, https:\/\/savasturanci.de\/wp-content\/uploads\/2016\/09\/cabecera_p_28-768x270.jpg 768w, https:\/\/savasturanci.de\/wp-content\/uploads\/2016\/09\/cabecera_p_28-700x246.jpg 700w, https:\/\/savasturanci.de\/wp-content\/uploads\/2016\/09\/cabecera_p_28-830x292.jpg 830w, https:\/\/savasturanci.de\/wp-content\/uploads\/2016\/09\/cabecera_p_28-230x81.jpg 230w, https:\/\/savasturanci.de\/wp-content\/uploads\/2016\/09\/cabecera_p_28-350x123.jpg 350w, https:\/\/savasturanci.de\/wp-content\/uploads\/2016\/09\/cabecera_p_28-480x169.jpg 480w\" width=\"983\" height=\"346\" \/><br \/>\n<span id=\"result_box\" class=\"\" lang=\"tr\" tabindex=\"-1\">Keraliss Tekni\u011fi Do\u011frultma Krem<\/span>i + <span id=\"result_box\" class=\"\" lang=\"tr\" tabindex=\"-1\">Teknik Keraliss Krem neutralizer<\/span><\/p>\n<p><span class=\"\" lang=\"tr\" tabindex=\"-1\">\u2022 daimi do\u011frultma tedavisi T\u00fcm sa\u00e7 tipleri i\u00e7in keratin, hatta \u00e7ok k\u0131v\u0131rc\u0131k ya da k\u0131v\u0131rc\u0131k.<br \/>\n\u2022 M\u00fckemmel hacim azaltma.<br \/>\n\u2022 100%\u00a0 Formaldehit olmadan<br \/>\n\u2022 Bile\u015fenler: + krem relaxer Neutralizer.<br \/>\nKeraliss Tekni\u011fi Do\u011frultma Krem<br \/>\n\u2022 sa\u00e7 haz\u0131rlay\u0131n d\u00fczeltilmelidir i\u00e7in.<br \/>\n\u2022 sa\u011flamak i\u00e7in keratin i\u00e7erir hidrasyon, y\u00f6netilebilirlik ve etkisi ipek.<br \/>\n\u2022 argan ya\u011f\u0131 ile, zenginle\u015ftirilmi\u015f <span class=\"\">E vitamini<\/span> ve temel ya\u011f asitleri,<br \/>\nBu <span class=\"\">besler<\/span> ve sa\u00e7 manik\u00fcr <span class=\"\">canland\u0131r\u0131r.<\/span><br \/>\n\u2022 alkali pH (9.0 9.5 kadar)<br \/>\n120 ml 4.2 Oz \u2022. \/ 12 u.<br \/>\nTeknik Keraliss Krem neutralizer<br \/>\n\u2022 sa\u00e7 pH normale <span class=\"\">yard\u0131mc\u0131 olur.<\/span><br \/>\n\u2022 Kilitler ve yeni bir yap\u0131 <span class=\"\">m\u00fch\u00fcrler<\/span>.<br \/>\n\u2022 asit pH (2.3 ila 3.2)<br \/>\n120 ml 4.2 Oz \u2022. \/ 12 <span class=\"\">u.<\/span><\/span><\/p>\n<p>&nbsp;<\/p>\n<p><a href=\"https:\/\/savasturanci.de\/wp-content\/uploads\/2016\/09\/cabecera_p_29.jpg\" target=\"_blank\"> <img loading=\"lazy\" decoding=\"async\" class=\"so-widget-image\" src=\"https:\/\/savasturanci.de\/wp-content\/uploads\/2016\/09\/cabecera_p_29.jpg\" srcset=\"https:\/\/savasturanci.de\/wp-content\/uploads\/2016\/09\/cabecera_p_29.jpg 983w, https:\/\/savasturanci.de\/wp-content\/uploads\/2016\/09\/cabecera_p_29-300x106.jpg 300w, https:\/\/savasturanci.de\/wp-content\/uploads\/2016\/09\/cabecera_p_29-768x270.jpg 768w, https:\/\/savasturanci.de\/wp-content\/uploads\/2016\/09\/cabecera_p_29-700x246.jpg 700w, https:\/\/savasturanci.de\/wp-content\/uploads\/2016\/09\/cabecera_p_29-830x292.jpg 830w, https:\/\/savasturanci.de\/wp-content\/uploads\/2016\/09\/cabecera_p_29-230x81.jpg 230w, https:\/\/savasturanci.de\/wp-content\/uploads\/2016\/09\/cabecera_p_29-350x123.jpg 350w, https:\/\/savasturanci.de\/wp-content\/uploads\/2016\/09\/cabecera_p_29-480x169.jpg 480w\" width=\"983\" height=\"346\" \/><br \/>\n<\/a>KERALISS TECHNIQUE KERATIN ESSENTIAL SHAMPOO<\/p>\n<p>\u2022 <span lang=\"tr-TR\">Sa\u00e7 fiber mukavemet ve esneklik sa\u011flar Keratin \u015eampuan\u0131. Nemlendirici ve sa\u00e7 manik\u00fcr m\u00fch\u00fcrler ise<br \/>\n\u2022 Derin temizler.<br \/>\n\u2022 bukle ve b\u00f6l\u00fcnm\u00fc\u015f biter \u00f6nler.<br \/>\n\u2022 Kal\u0131c\u0131 ve ilerici hem elastikiyet sa\u011flar ve sa\u00e7 d\u00fczle\u015ftirme kolayla\u015ft\u0131r\u0131r.<br \/>\n\u2022 Sa\u00e7lara parlakl\u0131k ve yumu\u015fakl\u0131k katan bir d\u00f6rtl\u00fc kremi i\u00e7ermektedir.<br \/>\n\u2022 N\u00f6tr pH (5,8 6.6 kadar)<br \/>\n\u2022 1000 ml 35 Oz. \/ 4u. 200 uygulamalar\u0131 *<br \/>\n300 ml 10,5 Oz \u2022. \/ 12U. 60 uygulamalar\u0131 *<\/span><\/p>\n<p><a href=\"https:\/\/savasturanci.de\/wp-content\/uploads\/2016\/09\/cabecera_p_30.jpg\" target=\"_blank\"> <img loading=\"lazy\" decoding=\"async\" class=\"so-widget-image\" src=\"https:\/\/savasturanci.de\/wp-content\/uploads\/2016\/09\/cabecera_p_30.jpg\" srcset=\"https:\/\/savasturanci.de\/wp-content\/uploads\/2016\/09\/cabecera_p_30.jpg 983w, https:\/\/savasturanci.de\/wp-content\/uploads\/2016\/09\/cabecera_p_30-300x106.jpg 300w, https:\/\/savasturanci.de\/wp-content\/uploads\/2016\/09\/cabecera_p_30-768x270.jpg 768w, https:\/\/savasturanci.de\/wp-content\/uploads\/2016\/09\/cabecera_p_30-700x246.jpg 700w, https:\/\/savasturanci.de\/wp-content\/uploads\/2016\/09\/cabecera_p_30-830x292.jpg 830w, https:\/\/savasturanci.de\/wp-content\/uploads\/2016\/09\/cabecera_p_30-230x81.jpg 230w, https:\/\/savasturanci.de\/wp-content\/uploads\/2016\/09\/cabecera_p_30-350x123.jpg 350w, https:\/\/savasturanci.de\/wp-content\/uploads\/2016\/09\/cabecera_p_30-480x169.jpg 480w\" width=\"983\" height=\"346\" \/><br \/>\n<\/a>KERALISS TECHNIQUE KERATIN ESSENTIAL BALM<\/p>\n<p>\u2022 <span lang=\"tr-TR\">yeniden yap\u0131land\u0131ran ve sa\u00e7 fiber yeniler Balsam kremi keratin. elastikiyet ve parlakl\u0131k sa\u011flayan, sa\u00e7 nemi koruyan pantenol &#8211; \u2022 Bu D i\u00e7erir.<br \/>\n\u2022 kal\u0131c\u0131 ve progresif hem sa\u00e7 d\u00fczle\u015ftirme kolayla\u015ft\u0131r\u0131r.<br \/>\n\u2022 hafif asit pH (4,6 5,5 kadar)<br \/>\n\u2022 1000 ml 35 Oz. \/ 4u. 200 uygulamalar\u0131 *<br \/>\n\u2022 300 ml 10,5 Oz \u2022. \/ 12U. 60 uygulamalar\u0131 *<\/span><\/p>\n<p>&nbsp;<\/p>\n<p><a href=\"https:\/\/savasturanci.de\/wp-content\/uploads\/2016\/09\/cabecera_p_45.jpg\" target=\"_blank\"> <img loading=\"lazy\" decoding=\"async\" class=\"so-widget-image\" src=\"https:\/\/savasturanci.de\/wp-content\/uploads\/2016\/09\/cabecera_p_45.jpg\" srcset=\"https:\/\/savasturanci.de\/wp-content\/uploads\/2016\/09\/cabecera_p_45.jpg 983w, https:\/\/savasturanci.de\/wp-content\/uploads\/2016\/09\/cabecera_p_45-300x106.jpg 300w, https:\/\/savasturanci.de\/wp-content\/uploads\/2016\/09\/cabecera_p_45-768x270.jpg 768w, https:\/\/savasturanci.de\/wp-content\/uploads\/2016\/09\/cabecera_p_45-700x246.jpg 700w, https:\/\/savasturanci.de\/wp-content\/uploads\/2016\/09\/cabecera_p_45-830x292.jpg 830w, https:\/\/savasturanci.de\/wp-content\/uploads\/2016\/09\/cabecera_p_45-230x81.jpg 230w, https:\/\/savasturanci.de\/wp-content\/uploads\/2016\/09\/cabecera_p_45-350x123.jpg 350w, https:\/\/savasturanci.de\/wp-content\/uploads\/2016\/09\/cabecera_p_45-480x169.jpg 480w\" alt=\"KERALISS TECHNIQUE Keratin Essential Thermic Hair Protection\" width=\"983\" height=\"346\" \/><br \/>\n<\/a><\/p>\n<h3 class=\"widget-title\">KERALISS TECHNIQUE Keratin Essential Thermic Hair Protection<\/h3>\n<p>\u2022 <span lang=\"tr-TR\">K\u0131lcal termal koruyucu.<br \/>\n\u2022 hafif asit pH (4.5 5.4 kadar)<br \/>\n\u2022 demir veya kurutma makinesinin \u0131s\u0131 sa\u00e7 koruyan manik\u00fcr m\u00fch\u00fcrler keratin i\u00e7erir.<br \/>\n\u2022 Kal\u0131c\u0131 ve ilerici hem y\u00fcksek parlakl\u0131k, ipeksi bir dokunu\u015f ve daha dayan\u0131kl\u0131 bir do\u011frultma, sa\u011flar.<br \/>\n\u2022 Ya\u011fs\u0131z sa\u00e7.<br \/>\n200 ml 7.0 Oz \u2022. \/ 24 u. 40 uygulamalar\u0131 *<\/span><\/p>\n<p><span id=\"result_box\" class=\"\" lang=\"tr\" tabindex=\"-1\"><span class=\"\">\u00a0<\/span><\/span><\/p>","protected":false},"excerpt":{"rendered":"<p>Keraliss Tekni\u011fi Do\u011frultma Kremi + Teknik Keraliss Krem neutralizer \u2022 daimi do\u011frultma [&hellip;]<\/p>\n","protected":false},"author":1,"featured_media":0,"parent":0,"menu_order":0,"comment_status":"closed","ping_status":"closed","template":"page-templates\/page_fullwidth.php","meta":{"footnotes":""},"_links":{"self":[{"href":"https:\/\/savasturanci.de\/tr\/wp-json\/wp\/v2\/pages\/126"}],"collection":[{"href":"https:\/\/savasturanci.de\/tr\/wp-json\/wp\/v2\/pages"}],"about":[{"href":"https:\/\/savasturanci.de\/tr\/wp-json\/wp\/v2\/types\/page"}],"author":[{"embeddable":true,"href":"https:\/\/savasturanci.de\/tr\/wp-json\/wp\/v2\/users\/1"}],"replies":[{"embeddable":true,"href":"https:\/\/savasturanci.de\/tr\/wp-json\/wp\/v2\/comments?post=126"}],"version-history":[{"count":38,"href":"https:\/\/savasturanci.de\/tr\/wp-json\/wp\/v2\/pages\/126\/revisions"}],"predecessor-version":[{"id":686,"href":"https:\/\/savasturanci.de\/tr\/wp-json\/wp\/v2\/pages\/126\/revisions\/686"}],"wp:attachment":[{"href":"https:\/\/savasturanci.de\/tr\/wp-json\/wp\/v2\/media?parent=126"}],"curies":[{"name":"wp","href":"https:\/\/api.w.org\/{rel}","templated":true}]}}