{"id":51,"date":"2016-09-12T17:14:07","date_gmt":"2016-09-12T17:14:07","guid":{"rendered":"http:\/\/savasturanci.de\/?page_id=51"},"modified":"2016-09-15T08:27:17","modified_gmt":"2016-09-15T08:27:17","slug":"sheida","status":"publish","type":"page","link":"https:\/\/savasturanci.de\/tr\/sheida\/","title":{"rendered":"(Deutsch) Sheida"},"content":{"rendered":"<div class=\"twoclick_social_bookmarks_post_51 social_share_privacy clearfix 1.6.4 locale-tr_TR sprite-\"><\/div><div class=\"twoclick-js\"><script type=\"text\/javascript\">\/* <![CDATA[ *\/\njQuery(document).ready(function($){if($('.twoclick_social_bookmarks_post_51')){$('.twoclick_social_bookmarks_post_51').socialSharePrivacy({\"services\":{\"facebook\":{\"status\":\"on\",\"txt_info\":\"2 Klicks f\\u00fcr mehr Datenschutz: Erst wenn Sie hier klicken, wird der Button aktiv und Sie k\\u00f6nnen Ihre Empfehlung an Facebook senden. Schon beim Aktivieren werden Daten an Dritte \\u00fcbertragen - siehe <em>i<\\\/em>.\",\"perma_option\":\"off\",\"action\":\"recommend\",\"language\":null},\"twitter\":{\"reply_to\":\"\",\"tweet_text\":\"%28Deutsch%29%20Sheida%20%C2%BB%20My%20CMS\",\"status\":\"on\",\"txt_info\":\"2 Klicks f\\u00fcr mehr Datenschutz: Erst wenn Sie hier klicken, wird der Button aktiv und Sie k\\u00f6nnen Ihre Empfehlung an Twitter senden. Schon beim Aktivieren werden Daten an Dritte \\u00fcbertragen - siehe <em>i<\\\/em>.\",\"perma_option\":\"off\",\"language\":\"en\",\"referrer_track\":\"\"},\"gplus\":{\"status\":\"on\",\"txt_info\":\"2 Klicks f\\u00fcr mehr Datenschutz: Erst wenn Sie hier klicken, wird der Button aktiv und Sie k\\u00f6nnen Ihre Empfehlung an Google+ senden. Schon beim Aktivieren werden Daten an Dritte \\u00fcbertragen - siehe <em>i<\\\/em>.\",\"perma_option\":\"off\",\"referrer_track\":\"\"}},\"txt_help\":\"Wenn Sie diese Felder durch einen Klick aktivieren, werden Informationen an Facebook, Twitter, Flattr, Xing, t3n, LinkedIn, Pinterest oder Google eventuell ins Ausland \\u00fcbertragen und unter Umst\\u00e4nden auch dort gespeichert. N\\u00e4heres erfahren Sie durch einen Klick auf das <em>i<\\\/em>.\",\"settings_perma\":\"Dauerhaft aktivieren und Daten\\u00fcber-tragung zustimmen:\",\"info_link\":\"http:\\\/\\\/www.heise.de\\\/ct\\\/artikel\\\/2-Klicks-fuer-mehr-Datenschutz-1333879.html\",\"uri\":\"https:\\\/\\\/savasturanci.de\\\/tr\\\/sheida\\\/\",\"post_id\":51,\"post_title_referrer_track\":\"%28Deutsch%29+Sheida\",\"display_infobox\":\"on\"});}});\n\/* ]]> *\/<\/script><\/div><div id=\"pl-51\"  class=\"panel-layout\" ><div id=\"pg-51-0\"  class=\"panel-grid panel-has-style\" ><div style=\"padding: 100px 0; \" data-overlay=\"true\" class=\"panel-row-style panel-row-style-for-51-0\" ><div id=\"pgc-51-0-0\"  class=\"panel-grid-cell\" ><div id=\"panel-51-0-0-0\" class=\"so-panel widget widget_sow-editor panel-first-child panel-last-child\" data-index=\"0\" ><div class=\"so-widget-sow-editor so-widget-sow-editor-base\"><h3 class=\"widget-title\">Kohl Kajal <\/h3>\n<div class=\"siteorigin-widget-tinymce textwidget\">\n\t<header class=\"entry-header\">\n<p>Das Geheimnis sinnlicher und ausdrucksvoller Augen Verf\u00fchrerische Blicke<br \/>Vom nat\u00fcrlichen bis zum glamour\u00f6sen Look<\/p>\n<\/header>\n<div class=\"entry-content\">\n<div id=\"pl-142\">\n<div id=\"pg-142-0\" class=\"panel-grid\">\n<div id=\"pgc-142-0-0\" class=\"panel-grid-cell\">\n<div id=\"panel-142-0-0-0\" class=\"so-panel widget widget_black-studio-tinymce widget_black_studio_tinymce panel-first-child panel-last-child\">\n<div class=\"textwidget\">\n<p>\u00a0 Temperamentvolle Auge<br \/> \u00b7 Nat\u00fcrliche Inhaltsstoffe<br \/>\u00b7 Geeignet f\u00fcr m\u00fcde, sensible und brennende Augen<br \/>\u00b7 Pflegt die sensible Haut<br \/>\u00b7 Kann sowohl auf dem \u00e4u\u00dferen, <br \/>\u00a0 als auch auf dem inneren Wimpernkranz angewendet werden<br \/>\u00b7 F\u00fcr Kontaktlinsentr\u00e4ger geeignet<br \/> \u00b7 Leicht anwendbarer Applikator<br \/>\u00b7 In 10 Trendfarben erh\u00e4ltlich<br \/>\u00a0 Der Kohl Kajal kann auch\u00a0 als Lidschatten, Konturenstift und Eyeliner angewendet werden.<\/p>\n<\/div>\n<\/div>\n<\/div>\n<\/div>\n<\/div>\n<\/div>\n<\/div>\n<\/div><\/div><\/div><div id=\"pgc-51-0-1\"  class=\"panel-grid-cell\" ><div id=\"panel-51-0-1-0\" class=\"so-panel widget widget_sow-image panel-first-child panel-last-child\" data-index=\"1\" ><div class=\"so-widget-sow-image so-widget-sow-image-default-ad2c8d41f7a1\">\r\n\r\n<div class=\"sow-image-container\">\r\n<a href=\"https:\/\/savasturanci.de\/wp-content\/uploads\/2016\/09\/SHEIDA-Haar-Kult-Brosch\u00fcre-Kohl-Kajal.jpg\" target=\"_blank\" rel=\"noopener noreferrer\" >\t<img loading=\"lazy\" decoding=\"async\" src=\"https:\/\/savasturanci.de\/wp-content\/uploads\/2016\/09\/SHEIDA-Haar-Kult-Brosch\u00fcre-Kohl-Kajal.jpg\" width=\"480\" height=\"480\" srcset=\"https:\/\/savasturanci.de\/wp-content\/uploads\/2016\/09\/SHEIDA-Haar-Kult-Brosch\u00fcre-Kohl-Kajal.jpg 480w, https:\/\/savasturanci.de\/wp-content\/uploads\/2016\/09\/SHEIDA-Haar-Kult-Brosch\u00fcre-Kohl-Kajal-150x150.jpg 150w, https:\/\/savasturanci.de\/wp-content\/uploads\/2016\/09\/SHEIDA-Haar-Kult-Brosch\u00fcre-Kohl-Kajal-300x300.jpg 300w, https:\/\/savasturanci.de\/wp-content\/uploads\/2016\/09\/SHEIDA-Haar-Kult-Brosch\u00fcre-Kohl-Kajal-230x230.jpg 230w, https:\/\/savasturanci.de\/wp-content\/uploads\/2016\/09\/SHEIDA-Haar-Kult-Brosch\u00fcre-Kohl-Kajal-350x350.jpg 350w\" sizes=\"(max-width: 480px) 100vw, 480px\" title=\"sheida-haar-kult-broschuere-kohl-kajal\" alt=\"\" \t\tclass=\"so-widget-image\"\/>\r\n<\/a><\/div>\r\n\r\n<\/div><\/div><\/div><\/div><\/div><div id=\"pg-51-1\"  class=\"panel-grid panel-has-style\" ><div style=\"padding: 100px 0; \" data-overlay=\"true\" class=\"panel-row-style panel-row-style-for-51-1\" ><div id=\"pgc-51-1-0\"  class=\"panel-grid-cell\" ><div id=\"panel-51-1-0-0\" class=\"so-panel widget widget_sow-editor panel-first-child panel-last-child\" data-index=\"2\" ><div class=\"so-widget-sow-editor so-widget-sow-editor-base\"><h3 class=\"widget-title\">MyScara &amp; MyScara all in one <\/h3>\n<div class=\"siteorigin-widget-tinymce textwidget\">\n\t<div><span class=\"notranslate\"> My Scara\u00a0\u00a0 f\u00fcr intensives Volunen<br \/> My scara all in one \u00a0 f\u00fcr\u00a0 schwungvolle und sensationell Lange eindrucksvolle Wimpern.<\/span><\/div>\n<div>\u00a0<\/div>\n<div><span class=\"notranslate\"> Formel mit nat\u00fcrlichem Wachs, Senegal Akazie Extrakt, Bienenwachs.<\/span> <span class=\"notranslate\"> die spezielen B\u00fcrsten trennen einzeln die Wimpern, so wird verhindert das die\u00a0Wimpern nicht zusammen kleben.<\/span> <span class=\"notranslate\"> <br \/><\/span><span class=\"notranslate\">Spezielle Farbpigmente, f\u00fcr ein attraktives Aussehen.<br \/><\/span><\/div>\n<div><span class=\"notranslate\"> Hypoallergen in unseren Mascara\u00b4s\u00a0 mit einer pr\u00e4zisen Formel n\u00e4hrt die Wimpern.<\/span> <span class=\"notranslate\"> nat\u00fcrliche \u00d6le erh\u00f6ht die Haltbarkeit des Produkts und eine sch\u00fctzende und regenerierende Wirkung f\u00fcr die Wimpern\u00a0 und hilft der st\u00e4rken der\u00a0 Wimpern.<\/span> <span class=\"notranslate\"> Sie k\u00f6nnen sicher sein das pflanzlichen Zutaten verwenden werden.<\/span> <br \/>W<span class=\"notranslate\">ir setzen\u00a0 hervorragende und\u00a0 professionelle Applikatoren ein.<br \/><\/span><\/div>\n<div><span class=\"notranslate\">Extrakte:<\/span><\/div>\n<div><span class=\"notranslate\">Acacia senegal: Langer Halt und hitzebest\u00e4ndigkeit.<\/span><\/div>\n<div><span class=\"notranslate\">Dattelpalmen OIL: wirkt als\u00a0 Anti-Oxidationsmittel.<\/span><\/div>\n<div><span class=\"notranslate\">Mimoza: Anti-bakteriell, anti-mikrobiell, anti-Pilz, Verdickungsmittel (Wurzeln), entz\u00fcndungshemmend, beruhigend.<br \/> Pflanzenextrakte und Konzentrate.<\/span><\/div>\n<\/div>\n<\/div><\/div><\/div><div id=\"pgc-51-1-1\"  class=\"panel-grid-cell\" ><div id=\"panel-51-1-1-0\" class=\"so-panel widget widget_sow-image panel-first-child panel-last-child\" data-index=\"3\" ><div class=\"so-widget-sow-image so-widget-sow-image-default-ad2c8d41f7a1\">\r\n\r\n<div class=\"sow-image-container\">\r\n<a href=\"https:\/\/savasturanci.de\/wp-content\/uploads\/2016\/09\/SHEIDA-Haar-Kult-Brosch\u00fcrel-My-Scara.jpg\" target=\"_blank\" rel=\"noopener noreferrer\" >\t<img loading=\"lazy\" decoding=\"async\" src=\"https:\/\/savasturanci.de\/wp-content\/uploads\/2016\/09\/SHEIDA-Haar-Kult-Brosch\u00fcrel-My-Scara.jpg\" width=\"480\" height=\"480\" srcset=\"https:\/\/savasturanci.de\/wp-content\/uploads\/2016\/09\/SHEIDA-Haar-Kult-Brosch\u00fcrel-My-Scara.jpg 480w, https:\/\/savasturanci.de\/wp-content\/uploads\/2016\/09\/SHEIDA-Haar-Kult-Brosch\u00fcrel-My-Scara-150x150.jpg 150w, https:\/\/savasturanci.de\/wp-content\/uploads\/2016\/09\/SHEIDA-Haar-Kult-Brosch\u00fcrel-My-Scara-300x300.jpg 300w, https:\/\/savasturanci.de\/wp-content\/uploads\/2016\/09\/SHEIDA-Haar-Kult-Brosch\u00fcrel-My-Scara-230x230.jpg 230w, https:\/\/savasturanci.de\/wp-content\/uploads\/2016\/09\/SHEIDA-Haar-Kult-Brosch\u00fcrel-My-Scara-350x350.jpg 350w\" sizes=\"(max-width: 480px) 100vw, 480px\" title=\"sheida-haar-kult-broschuerel-my-scara\" alt=\"\" \t\tclass=\"so-widget-image\"\/>\r\n<\/a><\/div>\r\n\r\n<\/div><\/div><\/div><\/div><\/div><div id=\"pg-51-2\"  class=\"panel-grid panel-has-style\" ><div style=\"padding: 100px 0; \" data-overlay=\"true\" class=\"panel-row-style panel-row-style-for-51-2\" ><div id=\"pgc-51-2-0\"  class=\"panel-grid-cell\" ><div id=\"panel-51-2-0-0\" class=\"so-panel widget widget_sow-editor panel-first-child panel-last-child\" data-index=\"4\" ><div class=\"so-widget-sow-editor so-widget-sow-editor-base\"><h3 class=\"widget-title\">Creme Eyeliner Wasserdicht<\/h3>\n<div class=\"siteorigin-widget-tinymce textwidget\">\n\t<p><span class=\"notranslate\">Der <strong>Sheida Cream Eyeliner<\/strong> bietet langanhaltende Farbe den ganzen Tag lang. Dank seiner geschmeidigen Textur und dem integrierten Pinsel ist er ist besonders einfach in der Anwendung. Wisch- und wasserfest \u00fcberlebt er jede Wetterbedingung. Ob zu Hause oder zum Auffrischen unterwegs - der Cream Eyliner sollte in keiner Handtasche fehlen.<br \/><strong>Vorteile<\/strong><strong>:<\/strong><br \/> - schwarz, Gr\u00fcn, Blau intensive Farben<br \/> - langanhaltende Farbe<br \/> - wisch- und wasserfest<br \/> - leicht in der Anwendung<br \/> - innovative und praktische Verpackung <\/p>\n<p> <strong>Anwendung<\/strong><strong>:<\/strong><br \/> Mit der Spitze des Pinsels ein wenig Farbe aufnehmen. Die Farbe auf dem Lid entlang des Wimpernansatzes auftragen. <br \/>Gleichm\u00e4\u00dfig verteilen. F\u00fcr eine intensivere Definition der Augen blenden Sie sie die Farbe ab.<\/p>\n<p> <strong>Tipp<\/strong><strong>:<\/strong><br \/> Verwenden Sie zum Entfernen des Eyliners Make-up Entferner. Den Pinsel regelm\u00e4\u00dfig reinigen und den Tiegel nach der Anwendung sorgf\u00e4ltig verschlie\u00dfen, um eine Austrocknung zu vermeiden.<\/p>\n<p> <strong>Inhalt:<\/strong> 2 g<br \/><\/span><span class=\"notranslate\">\u00a0<br class=\"notranslate\" \/><\/span><\/p>\n<p>\u00a0<\/p>\n<div>\u00a0<br \/><span class=\"notranslate\"><\/p>\n<p><\/span><\/div>\n<p>\u00a0<\/p>\n<div>\u00a0<\/div>\n<div><span class=\"notranslate\">\u00a0<\/span><\/div>\n<\/div>\n<\/div><\/div><\/div><div id=\"pgc-51-2-1\"  class=\"panel-grid-cell\" ><div id=\"panel-51-2-1-0\" class=\"so-panel widget widget_sow-image panel-first-child panel-last-child\" data-index=\"5\" ><div class=\"so-widget-sow-image so-widget-sow-image-default-ad2c8d41f7a1\">\r\n\r\n<div class=\"sow-image-container\">\r\n<a href=\"https:\/\/savasturanci.de\/wp-content\/uploads\/2016\/09\/SHEIDA-Haar-Kult-Brosch\u00fcre-EYELINER.jpg\" target=\"_blank\" rel=\"noopener noreferrer\" >\t<img loading=\"lazy\" decoding=\"async\" src=\"https:\/\/savasturanci.de\/wp-content\/uploads\/2016\/09\/SHEIDA-Haar-Kult-Brosch\u00fcre-EYELINER.jpg\" width=\"480\" height=\"480\" srcset=\"https:\/\/savasturanci.de\/wp-content\/uploads\/2016\/09\/SHEIDA-Haar-Kult-Brosch\u00fcre-EYELINER.jpg 480w, https:\/\/savasturanci.de\/wp-content\/uploads\/2016\/09\/SHEIDA-Haar-Kult-Brosch\u00fcre-EYELINER-150x150.jpg 150w, https:\/\/savasturanci.de\/wp-content\/uploads\/2016\/09\/SHEIDA-Haar-Kult-Brosch\u00fcre-EYELINER-300x300.jpg 300w, https:\/\/savasturanci.de\/wp-content\/uploads\/2016\/09\/SHEIDA-Haar-Kult-Brosch\u00fcre-EYELINER-230x230.jpg 230w, https:\/\/savasturanci.de\/wp-content\/uploads\/2016\/09\/SHEIDA-Haar-Kult-Brosch\u00fcre-EYELINER-350x350.jpg 350w\" sizes=\"(max-width: 480px) 100vw, 480px\" title=\"sheida-haar-kult-broschuere-eyeliner\" alt=\"\" \t\tclass=\"so-widget-image\"\/>\r\n<\/a><\/div>\r\n\r\n<\/div><\/div><\/div><\/div><\/div><div id=\"pg-51-3\"  class=\"panel-grid panel-has-style\" ><div style=\"padding: 100px 0; \" data-overlay=\"true\" class=\"panel-row-style panel-row-style-for-51-3\" ><div id=\"pgc-51-3-0\"  class=\"panel-grid-cell\" ><div id=\"panel-51-3-0-0\" class=\"so-panel widget widget_sow-editor panel-first-child panel-last-child\" data-index=\"6\" ><div class=\"so-widget-sow-editor so-widget-sow-editor-base\"><h3 class=\"widget-title\">Exotic Kohl LOOSE Mineral Powder<\/h3>\n<div class=\"siteorigin-widget-tinymce textwidget\">\n\t<p>Das LOOSE Mineral Powder\u00a0 verleiht der Haut ein transparentes und nat\u00fcrliches Finish.<br \/> Ideal um den Haut Ton zu perfektionieren und kleine Unregelm\u00e4\u00dfigkeiten, sowie F\u00e4ltchen zu korrigieren.<br \/> Nat\u00fcrliche, pflegende Inhaltsstoffe<br \/> weder erhitzt noch gepresst<br \/> drei verschiedene Farbnuancen f\u00fcr Haut Puder Make up und Rouche in Bronze, <em>Apricot<\/em>, Rose <br \/> am Deckel einen Schminkspiegel<br \/> Anwendung:<br \/> Deluxe Mineralpuder mit integrierter Puderquaste-pumpe auf die zu schminkende Haut mit leichtem tupfen oder Streichen auftragen<\/p>\n<\/div>\n<\/div><\/div><\/div><div id=\"pgc-51-3-1\"  class=\"panel-grid-cell\" ><div id=\"panel-51-3-1-0\" class=\"so-panel widget widget_sow-image panel-first-child panel-last-child\" data-index=\"7\" ><div class=\"so-widget-sow-image so-widget-sow-image-default-ad2c8d41f7a1\">\r\n\r\n<div class=\"sow-image-container\">\r\n<a href=\"https:\/\/savasturanci.de\/wp-content\/uploads\/2016\/09\/SHEIDA-Haar-Kult-Brosch\u00fcre-Mineral-Powder.jpg\" target=\"_blank\" rel=\"noopener noreferrer\" >\t<img loading=\"lazy\" decoding=\"async\" src=\"https:\/\/savasturanci.de\/wp-content\/uploads\/2016\/09\/SHEIDA-Haar-Kult-Brosch\u00fcre-Mineral-Powder.jpg\" width=\"480\" height=\"480\" srcset=\"https:\/\/savasturanci.de\/wp-content\/uploads\/2016\/09\/SHEIDA-Haar-Kult-Brosch\u00fcre-Mineral-Powder.jpg 480w, https:\/\/savasturanci.de\/wp-content\/uploads\/2016\/09\/SHEIDA-Haar-Kult-Brosch\u00fcre-Mineral-Powder-150x150.jpg 150w, https:\/\/savasturanci.de\/wp-content\/uploads\/2016\/09\/SHEIDA-Haar-Kult-Brosch\u00fcre-Mineral-Powder-300x300.jpg 300w, https:\/\/savasturanci.de\/wp-content\/uploads\/2016\/09\/SHEIDA-Haar-Kult-Brosch\u00fcre-Mineral-Powder-230x230.jpg 230w, https:\/\/savasturanci.de\/wp-content\/uploads\/2016\/09\/SHEIDA-Haar-Kult-Brosch\u00fcre-Mineral-Powder-350x350.jpg 350w\" sizes=\"(max-width: 480px) 100vw, 480px\" title=\"sheida-haar-kult-broschuere-mineral-powder\" alt=\"\" \t\tclass=\"so-widget-image\"\/>\r\n<\/a><\/div>\r\n\r\n<\/div><\/div><\/div><\/div><\/div><div id=\"pg-51-4\"  class=\"panel-grid panel-has-style\" ><div style=\"padding: 100px 0; \" data-overlay=\"true\" class=\"panel-row-style panel-row-style-for-51-4\" ><div id=\"pgc-51-4-0\"  class=\"panel-grid-cell\" ><div id=\"panel-51-4-0-0\" class=\"so-panel widget widget_sow-editor panel-first-child panel-last-child\" data-index=\"8\" ><div class=\"so-widget-sow-editor so-widget-sow-editor-base\"><h3 class=\"widget-title\">LA Vie en ROSE     das Gold Puder f\u00fcr den Glam Look <\/h3>\n<div class=\"siteorigin-widget-tinymce textwidget\">\n\t<p>Dieses besondere wertvolle vielseitig einsetzbare fein Gold Puder <span class=\"hiddenGrammarError\">\u201e<\/span> LA <span class=\"hiddenSpellError\">Vie<\/span> <span class=\"hiddenGrammarError\">en<\/span> ROSE \u201averleiht ihrem Gesicht ihren K\u00f6rper und Haare \u201eteure\u2018 \u201eGold Glanz\u201c Effekte.<\/p>\n<p><span class=\"hiddenGrammarError\">\u201e<\/span> LA <span class=\"hiddenSpellError\">Vie<\/span> <span class=\"hiddenGrammarError\">en<\/span> ROSE <span class=\"hiddenGrammarError\">\u201e<\/span> beinhaltet echte Gold Partikel, veredelt mit sehr Dezent riechendem nat\u00fcrlichem Vanille Duft.<br \/><span class=\"hiddenGrammarError\">\u201e<\/span> LA <span class=\"hiddenSpellError\">Vie<\/span> <span class=\"hiddenGrammarError\">en<\/span> ROSE <span class=\"hiddenGrammarError\">\u201e<\/span> macht Sie unwiderstehlich in Duft und goldenem Glanz.<br \/>Lassen Sie sich faszinieren von einem Hauch von feinem Vanille Duftpuder, der in einem wundersch\u00f6nen Glasflacon ist.<\/p>\n<p>Sch\u00e4tzen Sie Gold als den \u00e4ltesten Schmuck und das \u00e4lteste <span class=\"hiddenSpellError\">Make<\/span> <span class=\"hiddenSpellError\">-up<\/span> der Welt, lassen Sie sich verzaubern, entdecken Sie das reine <span class=\"hiddenSpellError\">pudrige<\/span> Gold.<br \/>Hier ist <span class=\"hiddenGrammarError\">\"<\/span><span class=\"hiddenSpellError\">la<\/span> <span class=\"hiddenSpellError\">vie<\/span> <span class=\"hiddenGrammarError\">en<\/span> <span class=\"hiddenSpellError\">rose<\/span><span class=\"hiddenGrammarError\">\"<\/span>, spr\u00fchen Sie losen Rosa Goldpuder.<br \/>Ideal f\u00fcr ein besonderes und wertvolles Geschenk, zur abschlie\u00dfenden Perfektion des Make-ups. Mit einem Puder aus Rosa Golddiamanten bringt es Gesicht, K\u00f6rper und Haare zum Funkeln, schafft eine zart duftende Aura f\u00fcr einen unwiderstehlichen Look<span class=\"hiddenGrammarError\">...<\/span>.<\/p>\n<\/div>\n<\/div><\/div><\/div><div id=\"pgc-51-4-1\"  class=\"panel-grid-cell\" ><div id=\"panel-51-4-1-0\" class=\"so-panel widget widget_sow-image panel-first-child panel-last-child\" data-index=\"9\" ><div class=\"so-widget-sow-image so-widget-sow-image-default-ad2c8d41f7a1\">\r\n\r\n<div class=\"sow-image-container\">\r\n<a href=\"https:\/\/savasturanci.de\/wp-content\/uploads\/2016\/09\/SHEIDA-Haar-Kult-Brosch\u00fcre-Gold-Puder-La-vie-en-Rose.jpg\" target=\"_blank\" rel=\"noopener noreferrer\" >\t<img loading=\"lazy\" decoding=\"async\" src=\"https:\/\/savasturanci.de\/wp-content\/uploads\/2016\/09\/SHEIDA-Haar-Kult-Brosch\u00fcre-Gold-Puder-La-vie-en-Rose.jpg\" width=\"480\" height=\"480\" srcset=\"https:\/\/savasturanci.de\/wp-content\/uploads\/2016\/09\/SHEIDA-Haar-Kult-Brosch\u00fcre-Gold-Puder-La-vie-en-Rose.jpg 480w, https:\/\/savasturanci.de\/wp-content\/uploads\/2016\/09\/SHEIDA-Haar-Kult-Brosch\u00fcre-Gold-Puder-La-vie-en-Rose-150x150.jpg 150w, https:\/\/savasturanci.de\/wp-content\/uploads\/2016\/09\/SHEIDA-Haar-Kult-Brosch\u00fcre-Gold-Puder-La-vie-en-Rose-300x300.jpg 300w, https:\/\/savasturanci.de\/wp-content\/uploads\/2016\/09\/SHEIDA-Haar-Kult-Brosch\u00fcre-Gold-Puder-La-vie-en-Rose-230x230.jpg 230w, https:\/\/savasturanci.de\/wp-content\/uploads\/2016\/09\/SHEIDA-Haar-Kult-Brosch\u00fcre-Gold-Puder-La-vie-en-Rose-350x350.jpg 350w\" sizes=\"(max-width: 480px) 100vw, 480px\" title=\"sheida-haar-kult-broschuere-gold-puder-la-vie-en-rose\" alt=\"\" \t\tclass=\"so-widget-image\"\/>\r\n<\/a><\/div>\r\n\r\n<\/div><\/div><\/div><\/div><\/div><\/div>","protected":false},"excerpt":{"rendered":"<p>Das Geheimnis sinnlicher und ausdrucksvoller Augen Verf\u00fchrerische BlickeVom nat\u00fcrlichen bis zum glamour\u00f6sen [&hellip;]<\/p>\n","protected":false},"author":1,"featured_media":0,"parent":0,"menu_order":0,"comment_status":"closed","ping_status":"closed","template":"page-templates\/page_fullwidth.php","meta":{"footnotes":""},"_links":{"self":[{"href":"https:\/\/savasturanci.de\/tr\/wp-json\/wp\/v2\/pages\/51"}],"collection":[{"href":"https:\/\/savasturanci.de\/tr\/wp-json\/wp\/v2\/pages"}],"about":[{"href":"https:\/\/savasturanci.de\/tr\/wp-json\/wp\/v2\/types\/page"}],"author":[{"embeddable":true,"href":"https:\/\/savasturanci.de\/tr\/wp-json\/wp\/v2\/users\/1"}],"replies":[{"embeddable":true,"href":"https:\/\/savasturanci.de\/tr\/wp-json\/wp\/v2\/comments?post=51"}],"version-history":[{"count":2,"href":"https:\/\/savasturanci.de\/tr\/wp-json\/wp\/v2\/pages\/51\/revisions"}],"predecessor-version":[{"id":120,"href":"https:\/\/savasturanci.de\/tr\/wp-json\/wp\/v2\/pages\/51\/revisions\/120"}],"wp:attachment":[{"href":"https:\/\/savasturanci.de\/tr\/wp-json\/wp\/v2\/media?parent=51"}],"curies":[{"name":"wp","href":"https:\/\/api.w.org\/{rel}","templated":true}]}}